{"id":1613,"date":"2021-04-29T08:45:39","date_gmt":"2021-04-29T06:45:39","guid":{"rendered":"https:\/\/www.meine-kirschen.ch\/?page_id=1613"},"modified":"2021-06-28T09:06:27","modified_gmt":"2021-06-28T07:06:27","slug":"elementor-1613","status":"publish","type":"page","link":"https:\/\/www.meine-kirschen.ch\/de\/","title":{"rendered":"Home"},"content":{"rendered":"<p>Der Bauernhof<\/p>\n<h2>MIROSLAV CICOVI\u0106<\/h2>\n<p>HOCHWERTIGE KIRSCHEN<\/p>\n<p>Dank der sorgf\u00e4ltigen Auswahl der Sorten und der professionellen Einstellung liefert unsere Kirschenzucht ein hochwertiges Produkt, das in mehreren europ\u00e4ischen L\u00e4ndern anerkannt ist.<\/p>\n<p>Das h\u00f6chste Niveau der auf unserer Farm praktizierten Prozesse wird durch die internationale GlobalGAP-Zertifizierung festgelegt.<\/p>\n<p><strong>\u00a0 \u00a0 \u00a0 \u00a0 \u00a0 \u00a0 \u00a0 \u00a0 \u00a0 \u00a0 \u00a0 \u00a0 \u00a0 \u00a0 \u00a0 \u00a0 \u00a0 \u00a0 \u00a0 \u00a0 \u00a0 \u00a0 \u00a0 \u00a0 \u00a0 \u00a0 \u00a0 \u00a0 \u00a0 \u00a0 \u00a0 \u00a0 \u00a0 \u00a0 \u00a0 \u00a0 \u00a0 \u00a0 \u00a0 \u00a0 \u00a0 \u00a0 \u00a0 \u00a0 \u00a0 \u00a0 \u00a0 Die Prinzipien von GlobalGAP lauten wie folgt:<\/strong><\/p>\n<ul>\n<li>Begrenzter und kontrollierter Einsatz aller Agrochemikalien<\/li>\n<li>Einhaltung der Hygieneanforderungen bei der Produktion und Verarbeitung von landwirtschaftlichen Produkten<\/li>\n<li>Erteilung von Anweisungen und F\u00fchrung von Aufzeichnungen \u00fcber alle durchgef\u00fchrten Arbeiten sowie Sicherstellung der R\u00fcckverfolgbarkeit von Prozessen<\/li>\n<li>Einheitliche Regeln, die eine objektive \u00dcberpr\u00fcfung erm\u00f6glichen (Best\u00e4tigung, dass alles richtig gemacht wird)<\/li>\n<li>Gegenseitige Kommunikation und Meinungsaustausch zwischen Hersteller, Distributor und Produktanwender<\/li>\n<li>F\u00fcrsorge f\u00fcr die Umwelt und nachhaltige Entwicklung<\/li>\n<li>Verantwortungsvolle Haltung gegen\u00fcber Landarbeitern<\/li>\n<li>F\u00fcr die Gesundheit der Tiere auf dem Bauernhof sorgen<\/li>\n<\/ul>\n<h4>Das Video ansehen:<\/h4>\n<p>Die Kombination der klimatischen Bedingungen, die durch den Berg, den Fluss und den Wind geschaffen werden, bietet hervorragende Bedingungen f\u00fcr den Kirschenanbau.<br \/>Die Kirschen werden zusammen mit den Fr\u00fcchten von Hand geerntet und anschlie\u00dfend mit einem Hydro Cooler behandelt.<br \/>Dies ist eine der schnellsten M\u00f6glichkeiten, Kirschen zu k\u00fchlen.<br \/>Die Temperatur von frisch gepfl\u00fcckten Kirschen betr\u00e4gt 25-30\u00b0C.<\/p>\n<p>Hydro Cooler ist, wie der Name schon sagt, eine Methode der K\u00fchlung durch Bespr\u00fchen mit kaltem Wasser.<br \/>Dadurch wird die Temperatur der Kirschen so weit gesenkt, dass sie ins K\u00fchllager geschickt werden k\u00f6nnen.<br \/>Einer der Hauptvorteile dieser K\u00fchlmethode ist, dass sie dem Produkt keine Feuchtigkeit entzieht und sogar leicht verwelkte Fr\u00fcchte auffrischen kann.<\/p>\n<p>Die Kirschen werden dann kalibriert (sortiert), verpackt und im K\u00fchlhaus gelagert und anschlie\u00dfend in speziellen klimatisierten Fahrzeugen zu den Kunden transportiert.<br \/>Es ist sehr wichtig, dass die Luftfeuchtigkeit in den Lagerhallen w\u00e4hrend der Lagerung der Kirschen 80-85% nicht \u00fcbersteigt, um ein Verfaulen der geernteten und gek\u00fchlten Fr\u00fcchte zu verhindern.<\/p>\n","protected":false},"excerpt":{"rendered":"<p>Der Bauernhof MIROSLAV CICOVI\u0106 HOCHWERTIGE KIRSCHEN Dank der sorgf\u00e4ltigen Auswahl der Sorten und der professionellen Einstellung liefert unsere Kirschenzucht ein hochwertiges Produkt, das in mehreren europ\u00e4ischen L\u00e4ndern anerkannt ist. Das h\u00f6chste Niveau der auf unserer Farm praktizierten Prozesse wird durch die internationale GlobalGAP-Zertifizierung festgelegt. \u00a0 \u00a0 \u00a0 \u00a0 \u00a0 \u00a0 \u00a0 \u00a0 \u00a0 \u00a0 \u00a0 [&hellip;]<\/p>\n","protected":false},"author":1,"featured_media":0,"parent":0,"menu_order":0,"comment_status":"closed","ping_status":"closed","template":"elementor_header_footer","meta":{"site-sidebar-layout":"no-sidebar","site-content-layout":"page-builder","ast-site-content-layout":"","site-content-style":"default","site-sidebar-style":"default","ast-global-header-display":"","ast-banner-title-visibility":"","ast-main-header-display":"","ast-hfb-above-header-display":"","ast-hfb-below-header-display":"","ast-hfb-mobile-header-display":"","site-post-title":"disabled","ast-breadcrumbs-content":"","ast-featured-img":"disabled","footer-sml-layout":"","theme-transparent-header-meta":"default","adv-header-id-meta":"","stick-header-meta":"","header-above-stick-meta":"","header-main-stick-meta":"","header-below-stick-meta":"","astra-migrate-meta-layouts":"default","ast-page-background-enabled":"default","ast-page-background-meta":{"desktop":{"background-color":"","background-image":"","background-repeat":"repeat","background-position":"center center","background-size":"auto","background-attachment":"scroll","background-type":"","background-media":"","overlay-type":"","overlay-color":"","overlay-opacity":"","overlay-gradient":""},"tablet":{"background-color":"","background-image":"","background-repeat":"repeat","background-position":"center center","background-size":"auto","background-attachment":"scroll","background-type":"","background-media":"","overlay-type":"","overlay-color":"","overlay-opacity":"","overlay-gradient":""},"mobile":{"background-color":"","background-image":"","background-repeat":"repeat","background-position":"center center","background-size":"auto","background-attachment":"scroll","background-type":"","background-media":"","overlay-type":"","overlay-color":"","overlay-opacity":"","overlay-gradient":""}},"ast-content-background-meta":{"desktop":{"background-color":"var(--ast-global-color-5)","background-image":"","background-repeat":"repeat","background-position":"center center","background-size":"auto","background-attachment":"scroll","background-type":"","background-media":"","overlay-type":"","overlay-color":"","overlay-opacity":"","overlay-gradient":""},"tablet":{"background-color":"var(--ast-global-color-5)","background-image":"","background-repeat":"repeat","background-position":"center center","background-size":"auto","background-attachment":"scroll","background-type":"","background-media":"","overlay-type":"","overlay-color":"","overlay-opacity":"","overlay-gradient":""},"mobile":{"background-color":"var(--ast-global-color-5)","background-image":"","background-repeat":"repeat","background-position":"center center","background-size":"auto","background-attachment":"scroll","background-type":"","background-media":"","overlay-type":"","overlay-color":"","overlay-opacity":"","overlay-gradient":""}},"footnotes":""},"class_list":["post-1613","page","type-page","status-publish","hentry"],"yoast_head":"<!-- This site is optimized with the Yoast SEO plugin v27.3 - https:\/\/yoast.com\/product\/yoast-seo-wordpress\/ -->\n<title>Home - Meine Kirschen<\/title>\n<meta name=\"robots\" content=\"index, follow, max-snippet:-1, max-image-preview:large, max-video-preview:-1\" \/>\n<link rel=\"canonical\" href=\"https:\/\/www.meine-kirschen.ch\/de\/\" \/>\n<meta property=\"og:locale\" content=\"de_DE\" \/>\n<meta property=\"og:type\" content=\"article\" \/>\n<meta property=\"og:title\" content=\"Home - Meine Kirschen\" \/>\n<meta property=\"og:description\" content=\"Der Bauernhof MIROSLAV CICOVI\u0106 HOCHWERTIGE KIRSCHEN Dank der sorgf\u00e4ltigen Auswahl der Sorten und der professionellen Einstellung liefert unsere Kirschenzucht ein hochwertiges Produkt, das in mehreren europ\u00e4ischen L\u00e4ndern anerkannt ist. Das h\u00f6chste Niveau der auf unserer Farm praktizierten Prozesse wird durch die internationale GlobalGAP-Zertifizierung festgelegt. \u00a0 \u00a0 \u00a0 \u00a0 \u00a0 \u00a0 \u00a0 \u00a0 \u00a0 \u00a0 \u00a0 [&hellip;]\" \/>\n<meta property=\"og:url\" content=\"https:\/\/www.meine-kirschen.ch\/de\/\" \/>\n<meta property=\"og:site_name\" content=\"Meine Kirschen\" \/>\n<meta property=\"article:modified_time\" content=\"2021-06-28T07:06:27+00:00\" \/>\n<meta name=\"twitter:card\" content=\"summary_large_image\" \/>\n<meta name=\"twitter:label1\" content=\"Gesch\u00e4tzte Lesezeit\" \/>\n\t<meta name=\"twitter:data1\" content=\"2\u00a0Minuten\" \/>\n<script type=\"application\/ld+json\" class=\"yoast-schema-graph\">{\"@context\":\"https:\\\/\\\/schema.org\",\"@graph\":[{\"@type\":\"WebPage\",\"@id\":\"https:\\\/\\\/www.meine-kirschen.ch\\\/de\\\/\",\"url\":\"https:\\\/\\\/www.meine-kirschen.ch\\\/de\\\/\",\"name\":\"Home - Meine Kirschen\",\"isPartOf\":{\"@id\":\"https:\\\/\\\/www.meine-kirschen.ch\\\/#website\"},\"datePublished\":\"2021-04-29T06:45:39+00:00\",\"dateModified\":\"2021-06-28T07:06:27+00:00\",\"breadcrumb\":{\"@id\":\"https:\\\/\\\/www.meine-kirschen.ch\\\/de\\\/#breadcrumb\"},\"inLanguage\":\"de\",\"potentialAction\":[{\"@type\":\"ReadAction\",\"target\":[\"https:\\\/\\\/www.meine-kirschen.ch\\\/de\\\/\"]}]},{\"@type\":\"BreadcrumbList\",\"@id\":\"https:\\\/\\\/www.meine-kirschen.ch\\\/de\\\/#breadcrumb\",\"itemListElement\":[{\"@type\":\"ListItem\",\"position\":1,\"name\":\"Home\",\"item\":\"https:\\\/\\\/www.meine-kirschen.ch\\\/de\\\/\"},{\"@type\":\"ListItem\",\"position\":2,\"name\":\"Home\"}]},{\"@type\":\"WebSite\",\"@id\":\"https:\\\/\\\/www.meine-kirschen.ch\\\/#website\",\"url\":\"https:\\\/\\\/www.meine-kirschen.ch\\\/\",\"name\":\"Meine Kirschen Uzgoj tre\u0161anja vrhunskog kvaliteta\",\"description\":\"Uzgoj tre\u0161anja vrhunskog kvaliteta\",\"publisher\":{\"@id\":\"https:\\\/\\\/www.meine-kirschen.ch\\\/#organization\"},\"potentialAction\":[{\"@type\":\"SearchAction\",\"target\":{\"@type\":\"EntryPoint\",\"urlTemplate\":\"https:\\\/\\\/www.meine-kirschen.ch\\\/?s={search_term_string}\"},\"query-input\":{\"@type\":\"PropertyValueSpecification\",\"valueRequired\":true,\"valueName\":\"search_term_string\"}}],\"inLanguage\":\"de\"},{\"@type\":\"Organization\",\"@id\":\"https:\\\/\\\/www.meine-kirschen.ch\\\/#organization\",\"name\":\"Meine kirschen\",\"url\":\"https:\\\/\\\/www.meine-kirschen.ch\\\/\",\"logo\":{\"@type\":\"ImageObject\",\"inLanguage\":\"de\",\"@id\":\"https:\\\/\\\/www.meine-kirschen.ch\\\/#\\\/schema\\\/logo\\\/image\\\/\",\"url\":\"https:\\\/\\\/www.meine-kirschen.ch\\\/wp-content\\\/uploads\\\/2021\\\/06\\\/cropped-logo-beli-krug.png\",\"contentUrl\":\"https:\\\/\\\/www.meine-kirschen.ch\\\/wp-content\\\/uploads\\\/2021\\\/06\\\/cropped-logo-beli-krug.png\",\"width\":445,\"height\":445,\"caption\":\"Meine kirschen\"},\"image\":{\"@id\":\"https:\\\/\\\/www.meine-kirschen.ch\\\/#\\\/schema\\\/logo\\\/image\\\/\"}}]}<\/script>\n<!-- \/ Yoast SEO plugin. -->","yoast_head_json":{"title":"Home - Meine Kirschen","robots":{"index":"index","follow":"follow","max-snippet":"max-snippet:-1","max-image-preview":"max-image-preview:large","max-video-preview":"max-video-preview:-1"},"canonical":"https:\/\/www.meine-kirschen.ch\/de\/","og_locale":"de_DE","og_type":"article","og_title":"Home - Meine Kirschen","og_description":"Der Bauernhof MIROSLAV CICOVI\u0106 HOCHWERTIGE KIRSCHEN Dank der sorgf\u00e4ltigen Auswahl der Sorten und der professionellen Einstellung liefert unsere Kirschenzucht ein hochwertiges Produkt, das in mehreren europ\u00e4ischen L\u00e4ndern anerkannt ist. Das h\u00f6chste Niveau der auf unserer Farm praktizierten Prozesse wird durch die internationale GlobalGAP-Zertifizierung festgelegt. \u00a0 \u00a0 \u00a0 \u00a0 \u00a0 \u00a0 \u00a0 \u00a0 \u00a0 \u00a0 \u00a0 [&hellip;]","og_url":"https:\/\/www.meine-kirschen.ch\/de\/","og_site_name":"Meine Kirschen","article_modified_time":"2021-06-28T07:06:27+00:00","twitter_card":"summary_large_image","twitter_misc":{"Gesch\u00e4tzte Lesezeit":"2\u00a0Minuten"},"schema":{"@context":"https:\/\/schema.org","@graph":[{"@type":"WebPage","@id":"https:\/\/www.meine-kirschen.ch\/de\/","url":"https:\/\/www.meine-kirschen.ch\/de\/","name":"Home - Meine Kirschen","isPartOf":{"@id":"https:\/\/www.meine-kirschen.ch\/#website"},"datePublished":"2021-04-29T06:45:39+00:00","dateModified":"2021-06-28T07:06:27+00:00","breadcrumb":{"@id":"https:\/\/www.meine-kirschen.ch\/de\/#breadcrumb"},"inLanguage":"de","potentialAction":[{"@type":"ReadAction","target":["https:\/\/www.meine-kirschen.ch\/de\/"]}]},{"@type":"BreadcrumbList","@id":"https:\/\/www.meine-kirschen.ch\/de\/#breadcrumb","itemListElement":[{"@type":"ListItem","position":1,"name":"Home","item":"https:\/\/www.meine-kirschen.ch\/de\/"},{"@type":"ListItem","position":2,"name":"Home"}]},{"@type":"WebSite","@id":"https:\/\/www.meine-kirschen.ch\/#website","url":"https:\/\/www.meine-kirschen.ch\/","name":"Meine Kirschen Uzgoj tre\u0161anja vrhunskog kvaliteta","description":"Uzgoj tre\u0161anja vrhunskog kvaliteta","publisher":{"@id":"https:\/\/www.meine-kirschen.ch\/#organization"},"potentialAction":[{"@type":"SearchAction","target":{"@type":"EntryPoint","urlTemplate":"https:\/\/www.meine-kirschen.ch\/?s={search_term_string}"},"query-input":{"@type":"PropertyValueSpecification","valueRequired":true,"valueName":"search_term_string"}}],"inLanguage":"de"},{"@type":"Organization","@id":"https:\/\/www.meine-kirschen.ch\/#organization","name":"Meine kirschen","url":"https:\/\/www.meine-kirschen.ch\/","logo":{"@type":"ImageObject","inLanguage":"de","@id":"https:\/\/www.meine-kirschen.ch\/#\/schema\/logo\/image\/","url":"https:\/\/www.meine-kirschen.ch\/wp-content\/uploads\/2021\/06\/cropped-logo-beli-krug.png","contentUrl":"https:\/\/www.meine-kirschen.ch\/wp-content\/uploads\/2021\/06\/cropped-logo-beli-krug.png","width":445,"height":445,"caption":"Meine kirschen"},"image":{"@id":"https:\/\/www.meine-kirschen.ch\/#\/schema\/logo\/image\/"}}]}},"_links":{"self":[{"href":"https:\/\/www.meine-kirschen.ch\/de\/wp-json\/wp\/v2\/pages\/1613","targetHints":{"allow":["GET"]}}],"collection":[{"href":"https:\/\/www.meine-kirschen.ch\/de\/wp-json\/wp\/v2\/pages"}],"about":[{"href":"https:\/\/www.meine-kirschen.ch\/de\/wp-json\/wp\/v2\/types\/page"}],"author":[{"embeddable":true,"href":"https:\/\/www.meine-kirschen.ch\/de\/wp-json\/wp\/v2\/users\/1"}],"replies":[{"embeddable":true,"href":"https:\/\/www.meine-kirschen.ch\/de\/wp-json\/wp\/v2\/comments?post=1613"}],"version-history":[{"count":9,"href":"https:\/\/www.meine-kirschen.ch\/de\/wp-json\/wp\/v2\/pages\/1613\/revisions"}],"predecessor-version":[{"id":6934,"href":"https:\/\/www.meine-kirschen.ch\/de\/wp-json\/wp\/v2\/pages\/1613\/revisions\/6934"}],"wp:attachment":[{"href":"https:\/\/www.meine-kirschen.ch\/de\/wp-json\/wp\/v2\/media?parent=1613"}],"curies":[{"name":"wp","href":"https:\/\/api.w.org\/{rel}","templated":true}]}}