{"id":1625,"date":"2021-04-29T09:01:16","date_gmt":"2021-04-29T07:01:16","guid":{"rendered":"https:\/\/www.meine-kirschen.ch\/?page_id=1625"},"modified":"2021-06-28T14:33:39","modified_gmt":"2021-06-28T12:33:39","slug":"vielfalt","status":"publish","type":"page","link":"https:\/\/www.meine-kirschen.ch\/de\/vielfalt\/","title":{"rendered":"Vielfalt"},"content":{"rendered":"<h2>Vielfalt:<\/h2>\n<p id=\"tw-target-text\" dir=\"ltr\" data-placeholder=\"\u041f\u0440\u0435\u0432\u043e\u0434\"><strong>SWEET LORENZ<\/strong> &#8211; Die Kirschsorte Sweet Lorenz hat ihren Ursprung in Italien an der Universit\u00e4t Bologna. Sie ist halb aufrecht und bl\u00fcht mitten in der Saison.<\/p>\n<p dir=\"ltr\" data-placeholder=\"\u041f\u0440\u0435\u0432\u043e\u0434\"> Die Ausbeute ist sehr gut. Die Gr\u00f6\u00dfe der Fr\u00fcchte betr\u00e4gt 26 mm bis 36 mm und das Gewicht liegt zwischen 14 g und 18 g. Die Kirsche ist dunkelrot, von guter Festigkeit und sehr s\u00fc\u00df.<\/p>\n<p dir=\"ltr\" data-placeholder=\"\u041f\u0440\u0435\u0432\u043e\u0434\">Die Rissanf\u00e4lligkeit der Fr\u00fcchte ist sehr gering.<\/p>\n<p>\t\t\t\t\t\t\t\t\t\t\t\t\t\t\t<img decoding=\"async\" width=\"500\" height=\"500\" src=\"https:\/\/www.meine-kirschen.ch\/wp-content\/uploads\/2021\/06\/sweet-lorenz.jpg\" alt=\"uzgoj tre\u0161anja sorte tre\u0161anja sweet lorenz\" loading=\"lazy\" srcset=\"https:\/\/www.meine-kirschen.ch\/wp-content\/uploads\/2021\/06\/sweet-lorenz.jpg 500w, https:\/\/www.meine-kirschen.ch\/wp-content\/uploads\/2021\/06\/sweet-lorenz-300x300.jpg 300w, https:\/\/www.meine-kirschen.ch\/wp-content\/uploads\/2021\/06\/sweet-lorenz-150x150.jpg 150w\" sizes=\"auto, (max-width: 500px) 100vw, 500px\" \/>\t\t\t\t\t\t\t\t\t\t\t\t\t\t\t<\/p>\n<p id=\"tw-target-text\" dir=\"ltr\" data-placeholder=\"\u041f\u0440\u0435\u0432\u043e\u0434\"><strong>BLACK STAR<\/strong> &#8211; Diese Kirschsorte stammt ebenfalls aus Italien. Die Sorten Lapins und Burlat werden gekreuzt.Ihr Baum ist mittel \u00fcppig, breit, verzweigte Kronen.<\/p>\n<p dir=\"ltr\" data-placeholder=\"\u041f\u0440\u0435\u0432\u043e\u0434\"> Es ist eine selbstfruchtende Kirschsorte und bl\u00fcht mittelfr\u00fch. Black Star gebiert regelm\u00e4\u00dfig und sehr reichlich.<\/p>\n<p dir=\"ltr\" data-placeholder=\"\u041f\u0440\u0435\u0432\u043e\u0434\">Die Frucht ist dunkelrot, fest, s\u00fc\u00df und gro\u00df. Die Frucht misst 26 mm bis 36 mm und wiegt 14 g bis 18 g.<\/p>\n<p>\t\t\t\t\t\t\t\t\t\t\t\t\t\t\t<img decoding=\"async\" width=\"500\" height=\"500\" src=\"https:\/\/www.meine-kirschen.ch\/wp-content\/uploads\/2021\/06\/black-star.jpg\" alt=\"uzgoj tre\u0161anja black star\" loading=\"lazy\" srcset=\"https:\/\/www.meine-kirschen.ch\/wp-content\/uploads\/2021\/06\/black-star.jpg 500w, https:\/\/www.meine-kirschen.ch\/wp-content\/uploads\/2021\/06\/black-star-300x300.jpg 300w, https:\/\/www.meine-kirschen.ch\/wp-content\/uploads\/2021\/06\/black-star-150x150.jpg 150w\" sizes=\"auto, (max-width: 500px) 100vw, 500px\" \/>\t\t\t\t\t\t\t\t\t\t\t\t\t\t\t<\/p>\n<p id=\"tw-target-text\" dir=\"ltr\" data-placeholder=\"\u041f\u0440\u0435\u0432\u043e\u0434\"><strong>GRACE STAR<\/strong> &#8211; Der Ursprung der Sorte Grace Sternkirsche liegt in Italien. Es entstand durch freie Best\u00e4ubung der Sorte Burlat. Der Baum ist mittelstark und gut verzweigt.<\/p>\n<p dir=\"ltr\" data-placeholder=\"\u041f\u0440\u0435\u0432\u043e\u0434\">Es ist relativ resistent gegen Frost und Trockenheit. Diese Vielfalt des Trostes gebiert regelm\u00e4\u00dfig und ausgiebig. Die Frucht ist saftig und s\u00fc\u00df-s\u00e4uerlich im Geschmack. <\/p>\n<p dir=\"ltr\" data-placeholder=\"\u041f\u0440\u0435\u0432\u043e\u0434\">Es ist sehr gro\u00df (26 mm bis 36 mm) und wiegt 14 g bis 18 g. Grace Star ist eine hochwertige Kirschsorte.<\/p>\n<p>\t\t\t\t\t\t\t\t\t\t\t\t\t\t\t<img decoding=\"async\" width=\"500\" height=\"500\" src=\"https:\/\/www.meine-kirschen.ch\/wp-content\/uploads\/2021\/06\/grace-star-1.jpg\" alt=\"uzgoj tre\u0161anja grace star\" loading=\"lazy\" srcset=\"https:\/\/www.meine-kirschen.ch\/wp-content\/uploads\/2021\/06\/grace-star-1.jpg 500w, https:\/\/www.meine-kirschen.ch\/wp-content\/uploads\/2021\/06\/grace-star-1-300x300.jpg 300w, https:\/\/www.meine-kirschen.ch\/wp-content\/uploads\/2021\/06\/grace-star-1-150x150.jpg 150w\" sizes=\"auto, (max-width: 500px) 100vw, 500px\" \/>\t\t\t\t\t\t\t\t\t\t\t\t\t\t\t<\/p>\n<p id=\"tw-target-text\" dir=\"ltr\" data-placeholder=\"\u041f\u0440\u0435\u0432\u043e\u0434\"><strong>FERROVIA<\/strong> &#8211; reift in der ersten Junih\u00e4lfte, m\u00e4\u00dfige Fruchtbarkeit. Die Frucht ist gro\u00df, mit einem Durchschnittsgewicht von 13 g, mit einem langen Stiel von roter bis dunkelroter Farbe. <\/p>\n<p dir=\"ltr\" data-placeholder=\"\u041f\u0440\u0435\u0432\u043e\u0434\">Das Fruchtfleisch ist fest, s\u00fc\u00df und von hoher Qualit\u00e4t. Ferrovia reagiert m\u00e4\u00dfig empfindlich auf Fruchtrisse. Die Fr\u00fcchte eignen sich hervorragend f\u00fcr Handhabung und Transport.<\/p>\n<p>\t\t\t\t\t\t\t\t\t\t\t\t\t\t\t<img decoding=\"async\" width=\"768\" height=\"1024\" src=\"https:\/\/www.meine-kirschen.ch\/wp-content\/uploads\/2021\/06\/uzgoj-tresanja-sorte-ferrovia-768x1024.jpg\" alt=\"sorte tre\u0161anja ferrovia\" loading=\"lazy\" srcset=\"https:\/\/www.meine-kirschen.ch\/wp-content\/uploads\/2021\/06\/uzgoj-tresanja-sorte-ferrovia-768x1024.jpg 768w, https:\/\/www.meine-kirschen.ch\/wp-content\/uploads\/2021\/06\/uzgoj-tresanja-sorte-ferrovia-225x300.jpg 225w, https:\/\/www.meine-kirschen.ch\/wp-content\/uploads\/2021\/06\/uzgoj-tresanja-sorte-ferrovia-1152x1536.jpg 1152w, https:\/\/www.meine-kirschen.ch\/wp-content\/uploads\/2021\/06\/uzgoj-tresanja-sorte-ferrovia-1536x2048.jpg 1536w, https:\/\/www.meine-kirschen.ch\/wp-content\/uploads\/2021\/06\/uzgoj-tresanja-sorte-ferrovia-scaled.jpg 1920w\" sizes=\"auto, (max-width: 768px) 100vw, 768px\" \/>\t\t\t\t\t\t\t\t\t\t\t\t\t\t\t<\/p>\n<p id=\"tw-target-text\" dir=\"ltr\" data-placeholder=\"\u041f\u0440\u0435\u0432\u043e\u0434\"><strong>CORDIA<\/strong> &#8211; reift in der ersten Junih\u00e4lfte. Die Frucht ist sehr gro\u00df, etwa 14 g, mit sehr langem Stiel, dunkelroter Schale und gleichfarbigem Fruchtfleisch, ausgezeichnetem Geschmack und Aroma.<\/p>\n<p dir=\"ltr\" data-placeholder=\"\u041f\u0440\u0435\u0432\u043e\u0434\"> Sie zeichnet sich durch Fr\u00fcchte von hervorragender Qualit\u00e4t aus, eine der besten Sp\u00e4tkirschensorten. Cordia ist eine der f\u00fchrenden Kirschsorten in neueren Plantagen. Sorte mit mittelsp\u00e4ter Bl\u00fctezeit, mit Bl\u00fcten im Vergleich zu anderen Sorten der gleichen Bl\u00fctezeit etwas empfindlich gegen\u00fcber Fr\u00fchlingsfr\u00f6sten.<\/p>\n<p dir=\"ltr\" data-placeholder=\"\u041f\u0440\u0435\u0432\u043e\u0434\"> Es vertr\u00e4gt niedrige Temperaturen sehr gut. M\u00e4\u00dfig tolerant gegen\u00fcber Fruchtrissen. Selbstbefruchtende Sorte, ben\u00f6tigt Best\u00e4uber.<\/p>\n<p>\t\t\t\t\t\t\t\t\t\t\t\t\t\t\t<img decoding=\"async\" width=\"500\" height=\"500\" src=\"https:\/\/www.meine-kirschen.ch\/wp-content\/uploads\/2021\/06\/Lapins.jpg\" alt=\"sorte tr\u0161anja kordia\" loading=\"lazy\" srcset=\"https:\/\/www.meine-kirschen.ch\/wp-content\/uploads\/2021\/06\/Lapins.jpg 500w, https:\/\/www.meine-kirschen.ch\/wp-content\/uploads\/2021\/06\/Lapins-300x300.jpg 300w, https:\/\/www.meine-kirschen.ch\/wp-content\/uploads\/2021\/06\/Lapins-150x150.jpg 150w\" sizes=\"auto, (max-width: 500px) 100vw, 500px\" \/>\t\t\t\t\t\t\t\t\t\t\t\t\t\t\t<\/p>\n<p><strong>REGINA<\/strong> ist eine sp\u00e4t bl\u00fchende und reifende Sorte, die in der zweiten Junih\u00e4lfte reif wird.<br \/>Sie kommt gut mit Winterfr\u00f6sten zurecht und ist resistent gegen k\u00e4ltere Wetterbedingungen mit mehr Niederschlag.<\/p>\n<p>Die Frucht ist gro\u00df, wiegt 15 Gramm, hat einen sehr guten Geschmack, hat einen langen Stiel von au\u00dfergew\u00f6hnlicher Qualit\u00e4t und ist resistent gegen Rissbildung.<\/p>\n<p>\t\t\t\t\t\t\t\t\t\t\t\t\t\t\t<img decoding=\"async\" width=\"768\" height=\"1024\" src=\"https:\/\/www.meine-kirschen.ch\/wp-content\/uploads\/2021\/06\/IMG_20210613_105424528-768x1024.jpg\" alt=\"sorte tre\u0161anja regina\" loading=\"lazy\" srcset=\"https:\/\/www.meine-kirschen.ch\/wp-content\/uploads\/2021\/06\/IMG_20210613_105424528-768x1024.jpg 768w, https:\/\/www.meine-kirschen.ch\/wp-content\/uploads\/2021\/06\/IMG_20210613_105424528-225x300.jpg 225w, https:\/\/www.meine-kirschen.ch\/wp-content\/uploads\/2021\/06\/IMG_20210613_105424528-1152x1536.jpg 1152w, https:\/\/www.meine-kirschen.ch\/wp-content\/uploads\/2021\/06\/IMG_20210613_105424528.jpg 1200w\" sizes=\"auto, (max-width: 768px) 100vw, 768px\" \/><\/p>\n","protected":false},"excerpt":{"rendered":"<p>Vielfalt: SWEET LORENZ &#8211; Die Kirschsorte Sweet Lorenz hat ihren Ursprung in Italien an der Universit\u00e4t Bologna. Sie ist halb aufrecht und bl\u00fcht mitten in der Saison. Die Ausbeute ist sehr gut. Die Gr\u00f6\u00dfe der Fr\u00fcchte betr\u00e4gt 26 mm bis 36 mm und das Gewicht liegt zwischen 14 g und 18 g. Die Kirsche ist [&hellip;]<\/p>\n","protected":false},"author":1,"featured_media":0,"parent":0,"menu_order":0,"comment_status":"closed","ping_status":"closed","template":"elementor_header_footer","meta":{"site-sidebar-layout":"no-sidebar","site-content-layout":"page-builder","ast-site-content-layout":"","site-content-style":"default","site-sidebar-style":"default","ast-global-header-display":"","ast-banner-title-visibility":"","ast-main-header-display":"","ast-hfb-above-header-display":"","ast-hfb-below-header-display":"","ast-hfb-mobile-header-display":"","site-post-title":"disabled","ast-breadcrumbs-content":"","ast-featured-img":"disabled","footer-sml-layout":"","theme-transparent-header-meta":"default","adv-header-id-meta":"","stick-header-meta":"","header-above-stick-meta":"","header-main-stick-meta":"","header-below-stick-meta":"","astra-migrate-meta-layouts":"default","ast-page-background-enabled":"default","ast-page-background-meta":{"desktop":{"background-color":"","background-image":"","background-repeat":"repeat","background-position":"center center","background-size":"auto","background-attachment":"scroll","background-type":"","background-media":"","overlay-type":"","overlay-color":"","overlay-opacity":"","overlay-gradient":""},"tablet":{"background-color":"","background-image":"","background-repeat":"repeat","background-position":"center center","background-size":"auto","background-attachment":"scroll","background-type":"","background-media":"","overlay-type":"","overlay-color":"","overlay-opacity":"","overlay-gradient":""},"mobile":{"background-color":"","background-image":"","background-repeat":"repeat","background-position":"center center","background-size":"auto","background-attachment":"scroll","background-type":"","background-media":"","overlay-type":"","overlay-color":"","overlay-opacity":"","overlay-gradient":""}},"ast-content-background-meta":{"desktop":{"background-color":"var(--ast-global-color-5)","background-image":"","background-repeat":"repeat","background-position":"center center","background-size":"auto","background-attachment":"scroll","background-type":"","background-media":"","overlay-type":"","overlay-color":"","overlay-opacity":"","overlay-gradient":""},"tablet":{"background-color":"var(--ast-global-color-5)","background-image":"","background-repeat":"repeat","background-position":"center center","background-size":"auto","background-attachment":"scroll","background-type":"","background-media":"","overlay-type":"","overlay-color":"","overlay-opacity":"","overlay-gradient":""},"mobile":{"background-color":"var(--ast-global-color-5)","background-image":"","background-repeat":"repeat","background-position":"center center","background-size":"auto","background-attachment":"scroll","background-type":"","background-media":"","overlay-type":"","overlay-color":"","overlay-opacity":"","overlay-gradient":""}},"footnotes":""},"class_list":["post-1625","page","type-page","status-publish","hentry"],"yoast_head":"<!-- This site is optimized with the Yoast SEO plugin v27.3 - https:\/\/yoast.com\/product\/yoast-seo-wordpress\/ -->\n<title>Vielfalt - Meine Kirschen<\/title>\n<meta name=\"robots\" content=\"index, follow, max-snippet:-1, max-image-preview:large, max-video-preview:-1\" \/>\n<link rel=\"canonical\" href=\"https:\/\/www.meine-kirschen.ch\/de\/vielfalt\/\" \/>\n<meta property=\"og:locale\" content=\"de_DE\" \/>\n<meta property=\"og:type\" content=\"article\" \/>\n<meta property=\"og:title\" content=\"Vielfalt - Meine Kirschen\" \/>\n<meta property=\"og:description\" content=\"Vielfalt: SWEET LORENZ &#8211; Die Kirschsorte Sweet Lorenz hat ihren Ursprung in Italien an der Universit\u00e4t Bologna. Sie ist halb aufrecht und bl\u00fcht mitten in der Saison. Die Ausbeute ist sehr gut. Die Gr\u00f6\u00dfe der Fr\u00fcchte betr\u00e4gt 26 mm bis 36 mm und das Gewicht liegt zwischen 14 g und 18 g. Die Kirsche ist [&hellip;]\" \/>\n<meta property=\"og:url\" content=\"https:\/\/www.meine-kirschen.ch\/de\/vielfalt\/\" \/>\n<meta property=\"og:site_name\" content=\"Meine Kirschen\" \/>\n<meta property=\"article:modified_time\" content=\"2021-06-28T12:33:39+00:00\" \/>\n<meta property=\"og:image\" content=\"https:\/\/www.meine-kirschen.ch\/wp-content\/uploads\/2021\/06\/sweet-lorenz.jpg\" \/>\n<meta name=\"twitter:card\" content=\"summary_large_image\" \/>\n<meta name=\"twitter:label1\" content=\"Gesch\u00e4tzte Lesezeit\" \/>\n\t<meta name=\"twitter:data1\" content=\"3\u00a0Minuten\" \/>\n<script type=\"application\/ld+json\" class=\"yoast-schema-graph\">{\"@context\":\"https:\\\/\\\/schema.org\",\"@graph\":[{\"@type\":\"WebPage\",\"@id\":\"https:\\\/\\\/www.meine-kirschen.ch\\\/de\\\/vielfalt\\\/\",\"url\":\"https:\\\/\\\/www.meine-kirschen.ch\\\/de\\\/vielfalt\\\/\",\"name\":\"Vielfalt - Meine Kirschen\",\"isPartOf\":{\"@id\":\"https:\\\/\\\/www.meine-kirschen.ch\\\/#website\"},\"primaryImageOfPage\":{\"@id\":\"https:\\\/\\\/www.meine-kirschen.ch\\\/de\\\/vielfalt\\\/#primaryimage\"},\"image\":{\"@id\":\"https:\\\/\\\/www.meine-kirschen.ch\\\/de\\\/vielfalt\\\/#primaryimage\"},\"thumbnailUrl\":\"https:\\\/\\\/www.meine-kirschen.ch\\\/wp-content\\\/uploads\\\/2021\\\/06\\\/sweet-lorenz.jpg\",\"datePublished\":\"2021-04-29T07:01:16+00:00\",\"dateModified\":\"2021-06-28T12:33:39+00:00\",\"breadcrumb\":{\"@id\":\"https:\\\/\\\/www.meine-kirschen.ch\\\/de\\\/vielfalt\\\/#breadcrumb\"},\"inLanguage\":\"de\",\"potentialAction\":[{\"@type\":\"ReadAction\",\"target\":[\"https:\\\/\\\/www.meine-kirschen.ch\\\/de\\\/vielfalt\\\/\"]}]},{\"@type\":\"ImageObject\",\"inLanguage\":\"de\",\"@id\":\"https:\\\/\\\/www.meine-kirschen.ch\\\/de\\\/vielfalt\\\/#primaryimage\",\"url\":\"https:\\\/\\\/www.meine-kirschen.ch\\\/wp-content\\\/uploads\\\/2021\\\/06\\\/sweet-lorenz.jpg\",\"contentUrl\":\"https:\\\/\\\/www.meine-kirschen.ch\\\/wp-content\\\/uploads\\\/2021\\\/06\\\/sweet-lorenz.jpg\"},{\"@type\":\"BreadcrumbList\",\"@id\":\"https:\\\/\\\/www.meine-kirschen.ch\\\/de\\\/vielfalt\\\/#breadcrumb\",\"itemListElement\":[{\"@type\":\"ListItem\",\"position\":1,\"name\":\"Home\",\"item\":\"https:\\\/\\\/www.meine-kirschen.ch\\\/de\\\/\"},{\"@type\":\"ListItem\",\"position\":2,\"name\":\"Vielfalt\"}]},{\"@type\":\"WebSite\",\"@id\":\"https:\\\/\\\/www.meine-kirschen.ch\\\/#website\",\"url\":\"https:\\\/\\\/www.meine-kirschen.ch\\\/\",\"name\":\"Meine Kirschen Uzgoj tre\u0161anja vrhunskog kvaliteta\",\"description\":\"Uzgoj tre\u0161anja vrhunskog kvaliteta\",\"publisher\":{\"@id\":\"https:\\\/\\\/www.meine-kirschen.ch\\\/#organization\"},\"potentialAction\":[{\"@type\":\"SearchAction\",\"target\":{\"@type\":\"EntryPoint\",\"urlTemplate\":\"https:\\\/\\\/www.meine-kirschen.ch\\\/?s={search_term_string}\"},\"query-input\":{\"@type\":\"PropertyValueSpecification\",\"valueRequired\":true,\"valueName\":\"search_term_string\"}}],\"inLanguage\":\"de\"},{\"@type\":\"Organization\",\"@id\":\"https:\\\/\\\/www.meine-kirschen.ch\\\/#organization\",\"name\":\"Meine kirschen\",\"url\":\"https:\\\/\\\/www.meine-kirschen.ch\\\/\",\"logo\":{\"@type\":\"ImageObject\",\"inLanguage\":\"de\",\"@id\":\"https:\\\/\\\/www.meine-kirschen.ch\\\/#\\\/schema\\\/logo\\\/image\\\/\",\"url\":\"https:\\\/\\\/www.meine-kirschen.ch\\\/wp-content\\\/uploads\\\/2021\\\/06\\\/cropped-logo-beli-krug.png\",\"contentUrl\":\"https:\\\/\\\/www.meine-kirschen.ch\\\/wp-content\\\/uploads\\\/2021\\\/06\\\/cropped-logo-beli-krug.png\",\"width\":445,\"height\":445,\"caption\":\"Meine kirschen\"},\"image\":{\"@id\":\"https:\\\/\\\/www.meine-kirschen.ch\\\/#\\\/schema\\\/logo\\\/image\\\/\"}}]}<\/script>\n<!-- \/ Yoast SEO plugin. -->","yoast_head_json":{"title":"Vielfalt - Meine Kirschen","robots":{"index":"index","follow":"follow","max-snippet":"max-snippet:-1","max-image-preview":"max-image-preview:large","max-video-preview":"max-video-preview:-1"},"canonical":"https:\/\/www.meine-kirschen.ch\/de\/vielfalt\/","og_locale":"de_DE","og_type":"article","og_title":"Vielfalt - Meine Kirschen","og_description":"Vielfalt: SWEET LORENZ &#8211; Die Kirschsorte Sweet Lorenz hat ihren Ursprung in Italien an der Universit\u00e4t Bologna. Sie ist halb aufrecht und bl\u00fcht mitten in der Saison. Die Ausbeute ist sehr gut. Die Gr\u00f6\u00dfe der Fr\u00fcchte betr\u00e4gt 26 mm bis 36 mm und das Gewicht liegt zwischen 14 g und 18 g. Die Kirsche ist [&hellip;]","og_url":"https:\/\/www.meine-kirschen.ch\/de\/vielfalt\/","og_site_name":"Meine Kirschen","article_modified_time":"2021-06-28T12:33:39+00:00","og_image":[{"url":"https:\/\/www.meine-kirschen.ch\/wp-content\/uploads\/2021\/06\/sweet-lorenz.jpg","type":"","width":"","height":""}],"twitter_card":"summary_large_image","twitter_misc":{"Gesch\u00e4tzte Lesezeit":"3\u00a0Minuten"},"schema":{"@context":"https:\/\/schema.org","@graph":[{"@type":"WebPage","@id":"https:\/\/www.meine-kirschen.ch\/de\/vielfalt\/","url":"https:\/\/www.meine-kirschen.ch\/de\/vielfalt\/","name":"Vielfalt - Meine Kirschen","isPartOf":{"@id":"https:\/\/www.meine-kirschen.ch\/#website"},"primaryImageOfPage":{"@id":"https:\/\/www.meine-kirschen.ch\/de\/vielfalt\/#primaryimage"},"image":{"@id":"https:\/\/www.meine-kirschen.ch\/de\/vielfalt\/#primaryimage"},"thumbnailUrl":"https:\/\/www.meine-kirschen.ch\/wp-content\/uploads\/2021\/06\/sweet-lorenz.jpg","datePublished":"2021-04-29T07:01:16+00:00","dateModified":"2021-06-28T12:33:39+00:00","breadcrumb":{"@id":"https:\/\/www.meine-kirschen.ch\/de\/vielfalt\/#breadcrumb"},"inLanguage":"de","potentialAction":[{"@type":"ReadAction","target":["https:\/\/www.meine-kirschen.ch\/de\/vielfalt\/"]}]},{"@type":"ImageObject","inLanguage":"de","@id":"https:\/\/www.meine-kirschen.ch\/de\/vielfalt\/#primaryimage","url":"https:\/\/www.meine-kirschen.ch\/wp-content\/uploads\/2021\/06\/sweet-lorenz.jpg","contentUrl":"https:\/\/www.meine-kirschen.ch\/wp-content\/uploads\/2021\/06\/sweet-lorenz.jpg"},{"@type":"BreadcrumbList","@id":"https:\/\/www.meine-kirschen.ch\/de\/vielfalt\/#breadcrumb","itemListElement":[{"@type":"ListItem","position":1,"name":"Home","item":"https:\/\/www.meine-kirschen.ch\/de\/"},{"@type":"ListItem","position":2,"name":"Vielfalt"}]},{"@type":"WebSite","@id":"https:\/\/www.meine-kirschen.ch\/#website","url":"https:\/\/www.meine-kirschen.ch\/","name":"Meine Kirschen Uzgoj tre\u0161anja vrhunskog kvaliteta","description":"Uzgoj tre\u0161anja vrhunskog kvaliteta","publisher":{"@id":"https:\/\/www.meine-kirschen.ch\/#organization"},"potentialAction":[{"@type":"SearchAction","target":{"@type":"EntryPoint","urlTemplate":"https:\/\/www.meine-kirschen.ch\/?s={search_term_string}"},"query-input":{"@type":"PropertyValueSpecification","valueRequired":true,"valueName":"search_term_string"}}],"inLanguage":"de"},{"@type":"Organization","@id":"https:\/\/www.meine-kirschen.ch\/#organization","name":"Meine kirschen","url":"https:\/\/www.meine-kirschen.ch\/","logo":{"@type":"ImageObject","inLanguage":"de","@id":"https:\/\/www.meine-kirschen.ch\/#\/schema\/logo\/image\/","url":"https:\/\/www.meine-kirschen.ch\/wp-content\/uploads\/2021\/06\/cropped-logo-beli-krug.png","contentUrl":"https:\/\/www.meine-kirschen.ch\/wp-content\/uploads\/2021\/06\/cropped-logo-beli-krug.png","width":445,"height":445,"caption":"Meine kirschen"},"image":{"@id":"https:\/\/www.meine-kirschen.ch\/#\/schema\/logo\/image\/"}}]}},"_links":{"self":[{"href":"https:\/\/www.meine-kirschen.ch\/de\/wp-json\/wp\/v2\/pages\/1625","targetHints":{"allow":["GET"]}}],"collection":[{"href":"https:\/\/www.meine-kirschen.ch\/de\/wp-json\/wp\/v2\/pages"}],"about":[{"href":"https:\/\/www.meine-kirschen.ch\/de\/wp-json\/wp\/v2\/types\/page"}],"author":[{"embeddable":true,"href":"https:\/\/www.meine-kirschen.ch\/de\/wp-json\/wp\/v2\/users\/1"}],"replies":[{"embeddable":true,"href":"https:\/\/www.meine-kirschen.ch\/de\/wp-json\/wp\/v2\/comments?post=1625"}],"version-history":[{"count":15,"href":"https:\/\/www.meine-kirschen.ch\/de\/wp-json\/wp\/v2\/pages\/1625\/revisions"}],"predecessor-version":[{"id":7027,"href":"https:\/\/www.meine-kirschen.ch\/de\/wp-json\/wp\/v2\/pages\/1625\/revisions\/7027"}],"wp:attachment":[{"href":"https:\/\/www.meine-kirschen.ch\/de\/wp-json\/wp\/v2\/media?parent=1625"}],"curies":[{"name":"wp","href":"https:\/\/api.w.org\/{rel}","templated":true}]}}