{"id":1662,"date":"2021-04-29T09:34:54","date_gmt":"2021-04-29T07:34:54","guid":{"rendered":"https:\/\/www.meine-kirschen.ch\/?page_id=1662"},"modified":"2021-06-28T14:32:04","modified_gmt":"2021-06-28T12:32:04","slug":"ueber","status":"publish","type":"page","link":"https:\/\/www.meine-kirschen.ch\/de\/ueber\/","title":{"rendered":"\u00dcber uns"},"content":{"rendered":"<h3>\u00dcber uns<\/h3>\n<p>\t\t\t\t\t\t\t\t\t\t\t\t\t\t\t<img decoding=\"async\" width=\"1024\" height=\"768\" src=\"https:\/\/www.meine-kirschen.ch\/wp-content\/uploads\/2021\/06\/Stari-Slankamen-uzgoj-tresanja-1-2-1024x768.jpg\" alt=\"stari slankamen - uzgoj tre\u0161anja\" loading=\"lazy\" srcset=\"https:\/\/www.meine-kirschen.ch\/wp-content\/uploads\/2021\/06\/Stari-Slankamen-uzgoj-tresanja-1-2-1024x768.jpg 1024w, https:\/\/www.meine-kirschen.ch\/wp-content\/uploads\/2021\/06\/Stari-Slankamen-uzgoj-tresanja-1-2-300x225.jpg 300w, https:\/\/www.meine-kirschen.ch\/wp-content\/uploads\/2021\/06\/Stari-Slankamen-uzgoj-tresanja-1-2-768x576.jpg 768w, https:\/\/www.meine-kirschen.ch\/wp-content\/uploads\/2021\/06\/Stari-Slankamen-uzgoj-tresanja-1-2.jpg 1160w\" sizes=\"auto, (max-width: 1024px) 100vw, 1024px\" \/>\t\t\t\t\t\t\t\t\t\t\t\t\t\t\t<\/p>\n<p>Das landwirtschaftliche Anwesen von Miroslav Cicovic befindet sich in Novi Slankamen, in der N\u00e4he der Stelle, wo die Thei\u00df in die Donau m\u00fcndet.<br \/>Die klimatischen Bedingungen, die durch die N\u00e4he von Fruska Gora, einer bestimmten Windrichtung und der Donau gegeben sind, tragen zur Entwicklung und Produktivit\u00e4t des gesamten Obstgartens bei.<br \/>Wir verfolgen alle Entwicklungsstadien der Kirschb\u00e4ume, von der Bl\u00fcte bis zur Ernte.<br \/>Der Endverbraucher erh\u00e4lt Kirschen in Premiumqualit\u00e4t.<\/p>\n<p>Wir sind im Besitz des internationalen <strong>GlobalGAP<\/strong>-Zertifikats f\u00fcr gute landwirtschaftliche Praxis mit der Nummer <strong>00087-HLXFX-0002<\/strong>.<\/p>\n<p>Diese Norm definiert die Bedingungen f\u00fcr die Produktion, die Inspektion und die Produktzertifizierungsmechanismen.<\/p>\n<p>Das GLOBAL GAP-Zertifikat verfolgt gr\u00fcndlich die Produktionsprozesse, die den Prinzipien des Standards folgen: Respekt f\u00fcr die Umwelt und minimale Auswirkungen auf sie, Tierschutz, integrierte landwirtschaftliche Produktion, Einhaltung der allgemeinen Anforderungen f\u00fcr Gesundheit und Sicherheit in der landwirtschaftlichen T\u00e4tigkeit und Einhaltung der spezifischen Regeln f\u00fcr die Behandlung der Arbeiter im Produktionsprozess.<\/p>\n<p>\t\t\t\t\t\t\t\t\t\t\t\t\t\t\t<img decoding=\"async\" width=\"546\" height=\"503\" src=\"https:\/\/www.meine-kirschen.ch\/wp-content\/uploads\/2021\/06\/CICOVIC-MIROSLAV-GLOBAL-GAP-sertifikat-2020.jpg\" alt=\"uzgoj trte\u0161anja global gap\" loading=\"lazy\" srcset=\"https:\/\/www.meine-kirschen.ch\/wp-content\/uploads\/2021\/06\/CICOVIC-MIROSLAV-GLOBAL-GAP-sertifikat-2020.jpg 546w, https:\/\/www.meine-kirschen.ch\/wp-content\/uploads\/2021\/06\/CICOVIC-MIROSLAV-GLOBAL-GAP-sertifikat-2020-300x276.jpg 300w\" sizes=\"auto, (max-width: 546px) 100vw, 546px\" \/>\t\t\t\t\t\t\t\t\t\t\t\t\t\t\t<\/p>\n<h5>Podw\u00fcrmer<\/h5>\n<p>Die von uns verwendeten Unterlagsmaterialien sind <strong>Gisela 5 und Gisela 6<\/strong>. Entstanden durch Kreuzung von Prunus cerasus und Prunus canescens.<br \/>Diese Unterlagen spielen eine wichtige Rolle bei der ordnungsgem\u00e4\u00dfen und qualit\u00e4tsgerechten Kultivierung von Kirschen.<\/p>\n<p><strong>\u00a0<\/strong><\/p>\n","protected":false},"excerpt":{"rendered":"<p>\u00dcber uns Das landwirtschaftliche Anwesen von Miroslav Cicovic befindet sich in Novi Slankamen, in der N\u00e4he der Stelle, wo die Thei\u00df in die Donau m\u00fcndet.Die klimatischen Bedingungen, die durch die N\u00e4he von Fruska Gora, einer bestimmten Windrichtung und der Donau gegeben sind, tragen zur Entwicklung und Produktivit\u00e4t des gesamten Obstgartens bei.Wir verfolgen alle Entwicklungsstadien der [&hellip;]<\/p>\n","protected":false},"author":1,"featured_media":0,"parent":0,"menu_order":0,"comment_status":"closed","ping_status":"closed","template":"","meta":{"site-sidebar-layout":"no-sidebar","site-content-layout":"page-builder","ast-site-content-layout":"","site-content-style":"default","site-sidebar-style":"default","ast-global-header-display":"","ast-banner-title-visibility":"","ast-main-header-display":"","ast-hfb-above-header-display":"","ast-hfb-below-header-display":"","ast-hfb-mobile-header-display":"","site-post-title":"disabled","ast-breadcrumbs-content":"","ast-featured-img":"disabled","footer-sml-layout":"","theme-transparent-header-meta":"default","adv-header-id-meta":"","stick-header-meta":"","header-above-stick-meta":"","header-main-stick-meta":"","header-below-stick-meta":"","astra-migrate-meta-layouts":"default","ast-page-background-enabled":"default","ast-page-background-meta":{"desktop":{"background-color":"","background-image":"","background-repeat":"repeat","background-position":"center center","background-size":"auto","background-attachment":"scroll","background-type":"","background-media":"","overlay-type":"","overlay-color":"","overlay-opacity":"","overlay-gradient":""},"tablet":{"background-color":"","background-image":"","background-repeat":"repeat","background-position":"center center","background-size":"auto","background-attachment":"scroll","background-type":"","background-media":"","overlay-type":"","overlay-color":"","overlay-opacity":"","overlay-gradient":""},"mobile":{"background-color":"","background-image":"","background-repeat":"repeat","background-position":"center center","background-size":"auto","background-attachment":"scroll","background-type":"","background-media":"","overlay-type":"","overlay-color":"","overlay-opacity":"","overlay-gradient":""}},"ast-content-background-meta":{"desktop":{"background-color":"var(--ast-global-color-5)","background-image":"","background-repeat":"repeat","background-position":"center center","background-size":"auto","background-attachment":"scroll","background-type":"","background-media":"","overlay-type":"","overlay-color":"","overlay-opacity":"","overlay-gradient":""},"tablet":{"background-color":"var(--ast-global-color-5)","background-image":"","background-repeat":"repeat","background-position":"center center","background-size":"auto","background-attachment":"scroll","background-type":"","background-media":"","overlay-type":"","overlay-color":"","overlay-opacity":"","overlay-gradient":""},"mobile":{"background-color":"var(--ast-global-color-5)","background-image":"","background-repeat":"repeat","background-position":"center center","background-size":"auto","background-attachment":"scroll","background-type":"","background-media":"","overlay-type":"","overlay-color":"","overlay-opacity":"","overlay-gradient":""}},"footnotes":""},"class_list":["post-1662","page","type-page","status-publish","hentry"],"yoast_head":"<!-- This site is optimized with the Yoast SEO plugin v27.3 - https:\/\/yoast.com\/product\/yoast-seo-wordpress\/ -->\n<title>\u00dcber uns - Meine Kirschen<\/title>\n<meta name=\"robots\" content=\"index, follow, max-snippet:-1, max-image-preview:large, max-video-preview:-1\" \/>\n<link rel=\"canonical\" href=\"https:\/\/www.meine-kirschen.ch\/de\/ueber\/\" \/>\n<meta property=\"og:locale\" content=\"de_DE\" \/>\n<meta property=\"og:type\" content=\"article\" \/>\n<meta property=\"og:title\" content=\"\u00dcber uns - Meine Kirschen\" \/>\n<meta property=\"og:description\" content=\"\u00dcber uns Das landwirtschaftliche Anwesen von Miroslav Cicovic befindet sich in Novi Slankamen, in der N\u00e4he der Stelle, wo die Thei\u00df in die Donau m\u00fcndet.Die klimatischen Bedingungen, die durch die N\u00e4he von Fruska Gora, einer bestimmten Windrichtung und der Donau gegeben sind, tragen zur Entwicklung und Produktivit\u00e4t des gesamten Obstgartens bei.Wir verfolgen alle Entwicklungsstadien der [&hellip;]\" \/>\n<meta property=\"og:url\" content=\"https:\/\/www.meine-kirschen.ch\/de\/ueber\/\" \/>\n<meta property=\"og:site_name\" content=\"Meine Kirschen\" \/>\n<meta property=\"article:modified_time\" content=\"2021-06-28T12:32:04+00:00\" \/>\n<meta property=\"og:image\" content=\"https:\/\/www.meine-kirschen.ch\/wp-content\/uploads\/2021\/06\/Stari-Slankamen-uzgoj-tresanja-1-2-1024x768.jpg\" \/>\n<meta name=\"twitter:card\" content=\"summary_large_image\" \/>\n<meta name=\"twitter:label1\" content=\"Gesch\u00e4tzte Lesezeit\" \/>\n\t<meta name=\"twitter:data1\" content=\"2\u00a0Minuten\" \/>\n<script type=\"application\/ld+json\" class=\"yoast-schema-graph\">{\"@context\":\"https:\\\/\\\/schema.org\",\"@graph\":[{\"@type\":\"WebPage\",\"@id\":\"https:\\\/\\\/www.meine-kirschen.ch\\\/de\\\/ueber\\\/\",\"url\":\"https:\\\/\\\/www.meine-kirschen.ch\\\/de\\\/ueber\\\/\",\"name\":\"\u00dcber uns - Meine Kirschen\",\"isPartOf\":{\"@id\":\"https:\\\/\\\/www.meine-kirschen.ch\\\/#website\"},\"primaryImageOfPage\":{\"@id\":\"https:\\\/\\\/www.meine-kirschen.ch\\\/de\\\/ueber\\\/#primaryimage\"},\"image\":{\"@id\":\"https:\\\/\\\/www.meine-kirschen.ch\\\/de\\\/ueber\\\/#primaryimage\"},\"thumbnailUrl\":\"https:\\\/\\\/www.meine-kirschen.ch\\\/wp-content\\\/uploads\\\/2021\\\/06\\\/Stari-Slankamen-uzgoj-tresanja-1-2-1024x768.jpg\",\"datePublished\":\"2021-04-29T07:34:54+00:00\",\"dateModified\":\"2021-06-28T12:32:04+00:00\",\"breadcrumb\":{\"@id\":\"https:\\\/\\\/www.meine-kirschen.ch\\\/de\\\/ueber\\\/#breadcrumb\"},\"inLanguage\":\"de\",\"potentialAction\":[{\"@type\":\"ReadAction\",\"target\":[\"https:\\\/\\\/www.meine-kirschen.ch\\\/de\\\/ueber\\\/\"]}]},{\"@type\":\"ImageObject\",\"inLanguage\":\"de\",\"@id\":\"https:\\\/\\\/www.meine-kirschen.ch\\\/de\\\/ueber\\\/#primaryimage\",\"url\":\"https:\\\/\\\/www.meine-kirschen.ch\\\/wp-content\\\/uploads\\\/2021\\\/06\\\/Stari-Slankamen-uzgoj-tresanja-1-2-1024x768.jpg\",\"contentUrl\":\"https:\\\/\\\/www.meine-kirschen.ch\\\/wp-content\\\/uploads\\\/2021\\\/06\\\/Stari-Slankamen-uzgoj-tresanja-1-2-1024x768.jpg\"},{\"@type\":\"BreadcrumbList\",\"@id\":\"https:\\\/\\\/www.meine-kirschen.ch\\\/de\\\/ueber\\\/#breadcrumb\",\"itemListElement\":[{\"@type\":\"ListItem\",\"position\":1,\"name\":\"Home\",\"item\":\"https:\\\/\\\/www.meine-kirschen.ch\\\/de\\\/\"},{\"@type\":\"ListItem\",\"position\":2,\"name\":\"\u00dcber uns\"}]},{\"@type\":\"WebSite\",\"@id\":\"https:\\\/\\\/www.meine-kirschen.ch\\\/#website\",\"url\":\"https:\\\/\\\/www.meine-kirschen.ch\\\/\",\"name\":\"Meine Kirschen Uzgoj tre\u0161anja vrhunskog kvaliteta\",\"description\":\"Uzgoj tre\u0161anja vrhunskog kvaliteta\",\"publisher\":{\"@id\":\"https:\\\/\\\/www.meine-kirschen.ch\\\/#organization\"},\"potentialAction\":[{\"@type\":\"SearchAction\",\"target\":{\"@type\":\"EntryPoint\",\"urlTemplate\":\"https:\\\/\\\/www.meine-kirschen.ch\\\/?s={search_term_string}\"},\"query-input\":{\"@type\":\"PropertyValueSpecification\",\"valueRequired\":true,\"valueName\":\"search_term_string\"}}],\"inLanguage\":\"de\"},{\"@type\":\"Organization\",\"@id\":\"https:\\\/\\\/www.meine-kirschen.ch\\\/#organization\",\"name\":\"Meine kirschen\",\"url\":\"https:\\\/\\\/www.meine-kirschen.ch\\\/\",\"logo\":{\"@type\":\"ImageObject\",\"inLanguage\":\"de\",\"@id\":\"https:\\\/\\\/www.meine-kirschen.ch\\\/#\\\/schema\\\/logo\\\/image\\\/\",\"url\":\"https:\\\/\\\/www.meine-kirschen.ch\\\/wp-content\\\/uploads\\\/2021\\\/06\\\/cropped-logo-beli-krug.png\",\"contentUrl\":\"https:\\\/\\\/www.meine-kirschen.ch\\\/wp-content\\\/uploads\\\/2021\\\/06\\\/cropped-logo-beli-krug.png\",\"width\":445,\"height\":445,\"caption\":\"Meine kirschen\"},\"image\":{\"@id\":\"https:\\\/\\\/www.meine-kirschen.ch\\\/#\\\/schema\\\/logo\\\/image\\\/\"}}]}<\/script>\n<!-- \/ Yoast SEO plugin. -->","yoast_head_json":{"title":"\u00dcber uns - Meine Kirschen","robots":{"index":"index","follow":"follow","max-snippet":"max-snippet:-1","max-image-preview":"max-image-preview:large","max-video-preview":"max-video-preview:-1"},"canonical":"https:\/\/www.meine-kirschen.ch\/de\/ueber\/","og_locale":"de_DE","og_type":"article","og_title":"\u00dcber uns - Meine Kirschen","og_description":"\u00dcber uns Das landwirtschaftliche Anwesen von Miroslav Cicovic befindet sich in Novi Slankamen, in der N\u00e4he der Stelle, wo die Thei\u00df in die Donau m\u00fcndet.Die klimatischen Bedingungen, die durch die N\u00e4he von Fruska Gora, einer bestimmten Windrichtung und der Donau gegeben sind, tragen zur Entwicklung und Produktivit\u00e4t des gesamten Obstgartens bei.Wir verfolgen alle Entwicklungsstadien der [&hellip;]","og_url":"https:\/\/www.meine-kirschen.ch\/de\/ueber\/","og_site_name":"Meine Kirschen","article_modified_time":"2021-06-28T12:32:04+00:00","og_image":[{"url":"https:\/\/www.meine-kirschen.ch\/wp-content\/uploads\/2021\/06\/Stari-Slankamen-uzgoj-tresanja-1-2-1024x768.jpg","type":"","width":"","height":""}],"twitter_card":"summary_large_image","twitter_misc":{"Gesch\u00e4tzte Lesezeit":"2\u00a0Minuten"},"schema":{"@context":"https:\/\/schema.org","@graph":[{"@type":"WebPage","@id":"https:\/\/www.meine-kirschen.ch\/de\/ueber\/","url":"https:\/\/www.meine-kirschen.ch\/de\/ueber\/","name":"\u00dcber uns - Meine Kirschen","isPartOf":{"@id":"https:\/\/www.meine-kirschen.ch\/#website"},"primaryImageOfPage":{"@id":"https:\/\/www.meine-kirschen.ch\/de\/ueber\/#primaryimage"},"image":{"@id":"https:\/\/www.meine-kirschen.ch\/de\/ueber\/#primaryimage"},"thumbnailUrl":"https:\/\/www.meine-kirschen.ch\/wp-content\/uploads\/2021\/06\/Stari-Slankamen-uzgoj-tresanja-1-2-1024x768.jpg","datePublished":"2021-04-29T07:34:54+00:00","dateModified":"2021-06-28T12:32:04+00:00","breadcrumb":{"@id":"https:\/\/www.meine-kirschen.ch\/de\/ueber\/#breadcrumb"},"inLanguage":"de","potentialAction":[{"@type":"ReadAction","target":["https:\/\/www.meine-kirschen.ch\/de\/ueber\/"]}]},{"@type":"ImageObject","inLanguage":"de","@id":"https:\/\/www.meine-kirschen.ch\/de\/ueber\/#primaryimage","url":"https:\/\/www.meine-kirschen.ch\/wp-content\/uploads\/2021\/06\/Stari-Slankamen-uzgoj-tresanja-1-2-1024x768.jpg","contentUrl":"https:\/\/www.meine-kirschen.ch\/wp-content\/uploads\/2021\/06\/Stari-Slankamen-uzgoj-tresanja-1-2-1024x768.jpg"},{"@type":"BreadcrumbList","@id":"https:\/\/www.meine-kirschen.ch\/de\/ueber\/#breadcrumb","itemListElement":[{"@type":"ListItem","position":1,"name":"Home","item":"https:\/\/www.meine-kirschen.ch\/de\/"},{"@type":"ListItem","position":2,"name":"\u00dcber uns"}]},{"@type":"WebSite","@id":"https:\/\/www.meine-kirschen.ch\/#website","url":"https:\/\/www.meine-kirschen.ch\/","name":"Meine Kirschen Uzgoj tre\u0161anja vrhunskog kvaliteta","description":"Uzgoj tre\u0161anja vrhunskog kvaliteta","publisher":{"@id":"https:\/\/www.meine-kirschen.ch\/#organization"},"potentialAction":[{"@type":"SearchAction","target":{"@type":"EntryPoint","urlTemplate":"https:\/\/www.meine-kirschen.ch\/?s={search_term_string}"},"query-input":{"@type":"PropertyValueSpecification","valueRequired":true,"valueName":"search_term_string"}}],"inLanguage":"de"},{"@type":"Organization","@id":"https:\/\/www.meine-kirschen.ch\/#organization","name":"Meine kirschen","url":"https:\/\/www.meine-kirschen.ch\/","logo":{"@type":"ImageObject","inLanguage":"de","@id":"https:\/\/www.meine-kirschen.ch\/#\/schema\/logo\/image\/","url":"https:\/\/www.meine-kirschen.ch\/wp-content\/uploads\/2021\/06\/cropped-logo-beli-krug.png","contentUrl":"https:\/\/www.meine-kirschen.ch\/wp-content\/uploads\/2021\/06\/cropped-logo-beli-krug.png","width":445,"height":445,"caption":"Meine kirschen"},"image":{"@id":"https:\/\/www.meine-kirschen.ch\/#\/schema\/logo\/image\/"}}]}},"_links":{"self":[{"href":"https:\/\/www.meine-kirschen.ch\/de\/wp-json\/wp\/v2\/pages\/1662","targetHints":{"allow":["GET"]}}],"collection":[{"href":"https:\/\/www.meine-kirschen.ch\/de\/wp-json\/wp\/v2\/pages"}],"about":[{"href":"https:\/\/www.meine-kirschen.ch\/de\/wp-json\/wp\/v2\/types\/page"}],"author":[{"embeddable":true,"href":"https:\/\/www.meine-kirschen.ch\/de\/wp-json\/wp\/v2\/users\/1"}],"replies":[{"embeddable":true,"href":"https:\/\/www.meine-kirschen.ch\/de\/wp-json\/wp\/v2\/comments?post=1662"}],"version-history":[{"count":12,"href":"https:\/\/www.meine-kirschen.ch\/de\/wp-json\/wp\/v2\/pages\/1662\/revisions"}],"predecessor-version":[{"id":7021,"href":"https:\/\/www.meine-kirschen.ch\/de\/wp-json\/wp\/v2\/pages\/1662\/revisions\/7021"}],"wp:attachment":[{"href":"https:\/\/www.meine-kirschen.ch\/de\/wp-json\/wp\/v2\/media?parent=1662"}],"curies":[{"name":"wp","href":"https:\/\/api.w.org\/{rel}","templated":true}]}}