{"id":1450,"date":"2021-04-28T09:06:01","date_gmt":"2021-04-28T07:06:01","guid":{"rendered":"https:\/\/www.meine-kirschen.ch\/?page_id=1450"},"modified":"2021-06-28T09:27:32","modified_gmt":"2021-06-28T07:27:32","slug":"gallery","status":"publish","type":"page","link":"https:\/\/www.meine-kirschen.ch\/en\/gallery\/","title":{"rendered":"Gallery"},"content":{"rendered":"<h3>Gallery<\/h3>\n<p>\t\t\t\t\t\t\t<a href=\"https:\/\/www.meine-kirschen.ch\/wp-content\/uploads\/2021\/06\/Sari-Slankamen-uzgoj-tresanja-scaled.jpg\" data-elementor-open-lightbox=\"yes\" data-elementor-lightbox-slideshow=\"all-4ef1b27\" data-elementor-lightbox-title=\"Sari Slankamen - uzgoj tre\u0161anja\"><br \/>\n\t\t\t\t\t\t\t\t\t\t\t\t\t\t<\/a><br \/>\n\t\t\t\t\t\t\t<a href=\"https:\/\/www.meine-kirschen.ch\/wp-content\/uploads\/2021\/06\/uzgoj-tresanja-miroslav-cicovic-stari-slankamen-scaled.jpg\" data-elementor-open-lightbox=\"yes\" data-elementor-lightbox-slideshow=\"all-4ef1b27\" data-elementor-lightbox-title=\"uzgoj tre\u0161anja miroslav cicovi\u0107 stari slankamen\"><br \/>\n\t\t\t\t\t\t\t\t\t\t\t\t\t\t<\/a><br \/>\n\t\t\t\t\t\t\t<a href=\"https:\/\/www.meine-kirschen.ch\/wp-content\/uploads\/2021\/06\/stanica-za-navodnjavanje-1-rotated.jpg\" data-elementor-open-lightbox=\"yes\" data-elementor-lightbox-slideshow=\"all-4ef1b27\" data-elementor-lightbox-title=\"stanica za navodnjavanje 1\"><br \/>\n\t\t\t\t\t\t\t\t\t\t\t\t\t\t<\/a><br \/>\n\t\t\t\t\t\t\t<a href=\"https:\/\/www.meine-kirschen.ch\/wp-content\/uploads\/2021\/06\/uzgoj-tresanja-miroslav-cicovic-meteoroloska-stanica.jpg\" data-elementor-open-lightbox=\"yes\" data-elementor-lightbox-slideshow=\"all-4ef1b27\" data-elementor-lightbox-title=\"uzgoj tre\u0161anja miroslav cicovi\u0107 meteorolo\u0161ka stanica\"><br \/>\n\t\t\t\t\t\t\t\t\t\t\t\t\t\t<\/a><br \/>\n\t\t\t\t\t\t\t<a href=\"https:\/\/www.meine-kirschen.ch\/wp-content\/uploads\/2021\/06\/uzgoj-tresanja-stari-slankamen-1.jpg\" data-elementor-open-lightbox=\"yes\" data-elementor-lightbox-slideshow=\"all-4ef1b27\" data-elementor-lightbox-title=\"uzgoj tre\u0161anja stari slankamen 1\"><br \/>\n\t\t\t\t\t\t\t\t\t\t\t\t\t\t<\/a><br \/>\n\t\t\t\t\t\t\t<a href=\"https:\/\/www.meine-kirschen.ch\/wp-content\/uploads\/2021\/06\/Sadnja-2018-cvetanje-2020.jpg\" data-elementor-open-lightbox=\"yes\" data-elementor-lightbox-slideshow=\"all-4ef1b27\" data-elementor-lightbox-title=\"smart\"><br \/>\n\t\t\t\t\t\t\t\t\t\t\t\t\t\t<\/a><br \/>\n\t\t\t\t\t\t\t<a href=\"https:\/\/www.meine-kirschen.ch\/wp-content\/uploads\/2021\/05\/uzgoj-tresanja-slankamen-maj-21.jpg\" data-elementor-open-lightbox=\"yes\" data-elementor-lightbox-slideshow=\"all-4ef1b27\" data-elementor-lightbox-title=\"uzgoj tresanja slankamen maj 21\"><br \/>\n\t\t\t\t\t\t\t\t\t\t\t\t\t\t<\/a><br \/>\n\t\t\t\t\t\t\t<a href=\"https:\/\/www.meine-kirschen.ch\/wp-content\/uploads\/2021\/05\/uzgoj-tresanja-miroslav-cicovic-stari-slnkamen-tresnje.jpg\" data-elementor-open-lightbox=\"yes\" data-elementor-lightbox-slideshow=\"all-4ef1b27\" data-elementor-lightbox-title=\"uzgoj tresanja miroslav cicovic stari slnkamen tresnje\"><br \/>\n\t\t\t\t\t\t\t\t\t\t\t\t\t\t<\/a><br \/>\n\t\t\t\t\t\t\t<a href=\"https:\/\/www.meine-kirschen.ch\/wp-content\/uploads\/2021\/05\/tresnje-stari-slnkamen-maj-21.jpg\" data-elementor-open-lightbox=\"yes\" data-elementor-lightbox-slideshow=\"all-4ef1b27\" data-elementor-lightbox-title=\"tresnje stari slnkamen maj 21\"><br \/>\n\t\t\t\t\t\t\t\t\t\t\t\t\t\t<\/a><br \/>\n\t\t\t\t\t\t\t<a href=\"https:\/\/www.meine-kirschen.ch\/wp-content\/uploads\/2021\/05\/uzgoj-tresanja-2.jpg\" data-elementor-open-lightbox=\"yes\" data-elementor-lightbox-slideshow=\"all-4ef1b27\" data-elementor-lightbox-title=\"uzgoj-tre\u0161anja\"><br \/>\n\t\t\t\t\t\t\t\t\t\t\t\t\t\t<\/a><br \/>\n\t\t\t\t\t\t\t<a href=\"https:\/\/www.meine-kirschen.ch\/wp-content\/uploads\/2021\/06\/IMG_20210613_122530744.jpg\" data-elementor-open-lightbox=\"yes\" data-elementor-lightbox-slideshow=\"all-4ef1b27\" data-elementor-lightbox-title=\"IMG_20210613_122530744\"><br \/>\n\t\t\t\t\t\t\t\t\t\t\t\t\t\t<\/a><br \/>\n\t\t\t\t\t\t\t<a href=\"https:\/\/www.meine-kirschen.ch\/wp-content\/uploads\/2021\/06\/IMG_20210613_111750977.jpg\" data-elementor-open-lightbox=\"yes\" data-elementor-lightbox-slideshow=\"all-4ef1b27\" data-elementor-lightbox-title=\"IMG_20210613_111750977\"><br \/>\n\t\t\t\t\t\t\t\t\t\t\t\t\t\t<\/a><br \/>\n\t\t\t\t\t\t\t<a href=\"https:\/\/www.meine-kirschen.ch\/wp-content\/uploads\/2021\/06\/IMG_20210613_105821103.jpg\" data-elementor-open-lightbox=\"yes\" data-elementor-lightbox-slideshow=\"all-4ef1b27\" data-elementor-lightbox-title=\"IMG_20210613_105821103\"><br \/>\n\t\t\t\t\t\t\t\t\t\t\t\t\t\t<\/a><br \/>\n\t\t\t\t\t\t\t<a href=\"https:\/\/www.meine-kirschen.ch\/wp-content\/uploads\/2021\/06\/IMG_20210613_110351014.jpg\" data-elementor-open-lightbox=\"yes\" data-elementor-lightbox-slideshow=\"all-4ef1b27\" data-elementor-lightbox-title=\"IMG_20210613_110351014\"><br \/>\n\t\t\t\t\t\t\t\t\t\t\t\t\t\t<\/a><br \/>\n\t\t\t\t\t\t\t<a href=\"https:\/\/www.meine-kirschen.ch\/wp-content\/uploads\/2021\/06\/IMG_20210613_104722431.jpg\" data-elementor-open-lightbox=\"yes\" data-elementor-lightbox-slideshow=\"all-4ef1b27\" data-elementor-lightbox-title=\"uzgoj tre\u0161anja sorte ferrovia\"><br \/>\n\t\t\t\t\t\t\t\t\t\t\t\t\t\t<\/a><br \/>\n\t\t\t\t\t\t\t<a href=\"https:\/\/www.meine-kirschen.ch\/wp-content\/uploads\/2021\/06\/BLACK-STAR-1-scaled.jpg\" data-elementor-open-lightbox=\"yes\" data-elementor-lightbox-slideshow=\"all-4ef1b27\" data-elementor-lightbox-title=\"BLACK-STAR\"><br \/>\n\t\t\t\t\t\t\t\t\t\t\t\t\t\t<\/a><br \/>\n\t\t\t\t\t\t\t<a href=\"https:\/\/www.meine-kirschen.ch\/wp-content\/uploads\/2021\/06\/Lapins.jpg\" data-elementor-open-lightbox=\"yes\" data-elementor-lightbox-slideshow=\"all-4ef1b27\" data-elementor-lightbox-title=\"Kordia\"><br \/>\n\t\t\t\t\t\t\t\t\t\t\t\t\t\t<\/a><br \/>\n\t\t\t\t\t\t\t<a href=\"https:\/\/www.meine-kirschen.ch\/wp-content\/uploads\/2021\/06\/grace-star-1.jpg\" data-elementor-open-lightbox=\"yes\" data-elementor-lightbox-slideshow=\"all-4ef1b27\" data-elementor-lightbox-title=\"grace star\"><br \/>\n\t\t\t\t\t\t\t\t\t\t\t\t\t\t<\/a><br \/>\n\t\t\t\t\t\t\t<a href=\"https:\/\/www.meine-kirschen.ch\/wp-content\/uploads\/2021\/06\/GRACE-STAR-2-scaled.jpg\" data-elementor-open-lightbox=\"yes\" data-elementor-lightbox-slideshow=\"all-4ef1b27\" data-elementor-lightbox-title=\"GRACE-STAR\"><br \/>\n\t\t\t\t\t\t\t\t\t\t\t\t\t\t<\/a><br \/>\n\t\t\t\t\t\t\t<a href=\"https:\/\/www.meine-kirschen.ch\/wp-content\/uploads\/2021\/06\/uzgajanje-tresanja-jun2021-1.jpg\" data-elementor-open-lightbox=\"yes\" data-elementor-lightbox-slideshow=\"all-4ef1b27\" data-elementor-lightbox-title=\"uzgajanje tre\u0161anja jun2021\"><br \/>\n\t\t\t\t\t\t\t\t\t\t\t\t\t\t<\/a><\/p>\n","protected":false},"excerpt":{"rendered":"<p>Gallery<\/p>\n","protected":false},"author":1,"featured_media":0,"parent":0,"menu_order":0,"comment_status":"closed","ping_status":"closed","template":"","meta":{"site-sidebar-layout":"no-sidebar","site-content-layout":"page-builder","ast-site-content-layout":"","site-content-style":"default","site-sidebar-style":"default","ast-global-header-display":"","ast-banner-title-visibility":"","ast-main-header-display":"","ast-hfb-above-header-display":"","ast-hfb-below-header-display":"","ast-hfb-mobile-header-display":"","site-post-title":"disabled","ast-breadcrumbs-content":"","ast-featured-img":"disabled","footer-sml-layout":"","theme-transparent-header-meta":"default","adv-header-id-meta":"","stick-header-meta":"","header-above-stick-meta":"","header-main-stick-meta":"","header-below-stick-meta":"","astra-migrate-meta-layouts":"default","ast-page-background-enabled":"default","ast-page-background-meta":{"desktop":{"background-color":"","background-image":"","background-repeat":"repeat","background-position":"center center","background-size":"auto","background-attachment":"scroll","background-type":"","background-media":"","overlay-type":"","overlay-color":"","overlay-opacity":"","overlay-gradient":""},"tablet":{"background-color":"","background-image":"","background-repeat":"repeat","background-position":"center center","background-size":"auto","background-attachment":"scroll","background-type":"","background-media":"","overlay-type":"","overlay-color":"","overlay-opacity":"","overlay-gradient":""},"mobile":{"background-color":"","background-image":"","background-repeat":"repeat","background-position":"center center","background-size":"auto","background-attachment":"scroll","background-type":"","background-media":"","overlay-type":"","overlay-color":"","overlay-opacity":"","overlay-gradient":""}},"ast-content-background-meta":{"desktop":{"background-color":"var(--ast-global-color-5)","background-image":"","background-repeat":"repeat","background-position":"center center","background-size":"auto","background-attachment":"scroll","background-type":"","background-media":"","overlay-type":"","overlay-color":"","overlay-opacity":"","overlay-gradient":""},"tablet":{"background-color":"var(--ast-global-color-5)","background-image":"","background-repeat":"repeat","background-position":"center center","background-size":"auto","background-attachment":"scroll","background-type":"","background-media":"","overlay-type":"","overlay-color":"","overlay-opacity":"","overlay-gradient":""},"mobile":{"background-color":"var(--ast-global-color-5)","background-image":"","background-repeat":"repeat","background-position":"center center","background-size":"auto","background-attachment":"scroll","background-type":"","background-media":"","overlay-type":"","overlay-color":"","overlay-opacity":"","overlay-gradient":""}},"footnotes":""},"class_list":["post-1450","page","type-page","status-publish","hentry"],"yoast_head":"<!-- This site is optimized with the Yoast SEO plugin v27.3 - https:\/\/yoast.com\/product\/yoast-seo-wordpress\/ -->\n<title>Gallery - Meine Kirschen<\/title>\n<meta name=\"robots\" content=\"index, follow, max-snippet:-1, max-image-preview:large, max-video-preview:-1\" \/>\n<link rel=\"canonical\" href=\"https:\/\/www.meine-kirschen.ch\/en\/gallery\/\" \/>\n<meta property=\"og:locale\" content=\"en_US\" \/>\n<meta property=\"og:type\" content=\"article\" \/>\n<meta property=\"og:title\" content=\"Gallery - Meine Kirschen\" \/>\n<meta property=\"og:description\" content=\"Gallery\" \/>\n<meta property=\"og:url\" content=\"https:\/\/www.meine-kirschen.ch\/en\/gallery\/\" \/>\n<meta property=\"og:site_name\" content=\"Meine Kirschen\" \/>\n<meta property=\"article:modified_time\" content=\"2021-06-28T07:27:32+00:00\" \/>\n<meta name=\"twitter:card\" content=\"summary_large_image\" \/>\n<meta name=\"twitter:label1\" content=\"Est. reading time\" \/>\n\t<meta name=\"twitter:data1\" content=\"1 minute\" \/>\n<script type=\"application\/ld+json\" class=\"yoast-schema-graph\">{\"@context\":\"https:\\\/\\\/schema.org\",\"@graph\":[{\"@type\":\"WebPage\",\"@id\":\"https:\\\/\\\/www.meine-kirschen.ch\\\/en\\\/gallery\\\/\",\"url\":\"https:\\\/\\\/www.meine-kirschen.ch\\\/en\\\/gallery\\\/\",\"name\":\"Gallery - Meine Kirschen\",\"isPartOf\":{\"@id\":\"https:\\\/\\\/www.meine-kirschen.ch\\\/#website\"},\"datePublished\":\"2021-04-28T07:06:01+00:00\",\"dateModified\":\"2021-06-28T07:27:32+00:00\",\"breadcrumb\":{\"@id\":\"https:\\\/\\\/www.meine-kirschen.ch\\\/en\\\/gallery\\\/#breadcrumb\"},\"inLanguage\":\"en-US\",\"potentialAction\":[{\"@type\":\"ReadAction\",\"target\":[\"https:\\\/\\\/www.meine-kirschen.ch\\\/en\\\/gallery\\\/\"]}]},{\"@type\":\"BreadcrumbList\",\"@id\":\"https:\\\/\\\/www.meine-kirschen.ch\\\/en\\\/gallery\\\/#breadcrumb\",\"itemListElement\":[{\"@type\":\"ListItem\",\"position\":1,\"name\":\"Home\",\"item\":\"https:\\\/\\\/www.meine-kirschen.ch\\\/en\\\/\"},{\"@type\":\"ListItem\",\"position\":2,\"name\":\"Gallery\"}]},{\"@type\":\"WebSite\",\"@id\":\"https:\\\/\\\/www.meine-kirschen.ch\\\/#website\",\"url\":\"https:\\\/\\\/www.meine-kirschen.ch\\\/\",\"name\":\"Meine Kirschen Uzgoj tre\u0161anja vrhunskog kvaliteta\",\"description\":\"Uzgoj tre\u0161anja vrhunskog kvaliteta\",\"publisher\":{\"@id\":\"https:\\\/\\\/www.meine-kirschen.ch\\\/#organization\"},\"potentialAction\":[{\"@type\":\"SearchAction\",\"target\":{\"@type\":\"EntryPoint\",\"urlTemplate\":\"https:\\\/\\\/www.meine-kirschen.ch\\\/?s={search_term_string}\"},\"query-input\":{\"@type\":\"PropertyValueSpecification\",\"valueRequired\":true,\"valueName\":\"search_term_string\"}}],\"inLanguage\":\"en-US\"},{\"@type\":\"Organization\",\"@id\":\"https:\\\/\\\/www.meine-kirschen.ch\\\/#organization\",\"name\":\"Meine kirschen\",\"url\":\"https:\\\/\\\/www.meine-kirschen.ch\\\/\",\"logo\":{\"@type\":\"ImageObject\",\"inLanguage\":\"en-US\",\"@id\":\"https:\\\/\\\/www.meine-kirschen.ch\\\/#\\\/schema\\\/logo\\\/image\\\/\",\"url\":\"https:\\\/\\\/www.meine-kirschen.ch\\\/wp-content\\\/uploads\\\/2021\\\/06\\\/cropped-logo-beli-krug.png\",\"contentUrl\":\"https:\\\/\\\/www.meine-kirschen.ch\\\/wp-content\\\/uploads\\\/2021\\\/06\\\/cropped-logo-beli-krug.png\",\"width\":445,\"height\":445,\"caption\":\"Meine kirschen\"},\"image\":{\"@id\":\"https:\\\/\\\/www.meine-kirschen.ch\\\/#\\\/schema\\\/logo\\\/image\\\/\"}}]}<\/script>\n<!-- \/ Yoast SEO plugin. -->","yoast_head_json":{"title":"Gallery - Meine Kirschen","robots":{"index":"index","follow":"follow","max-snippet":"max-snippet:-1","max-image-preview":"max-image-preview:large","max-video-preview":"max-video-preview:-1"},"canonical":"https:\/\/www.meine-kirschen.ch\/en\/gallery\/","og_locale":"en_US","og_type":"article","og_title":"Gallery - Meine Kirschen","og_description":"Gallery","og_url":"https:\/\/www.meine-kirschen.ch\/en\/gallery\/","og_site_name":"Meine Kirschen","article_modified_time":"2021-06-28T07:27:32+00:00","twitter_card":"summary_large_image","twitter_misc":{"Est. reading time":"1 minute"},"schema":{"@context":"https:\/\/schema.org","@graph":[{"@type":"WebPage","@id":"https:\/\/www.meine-kirschen.ch\/en\/gallery\/","url":"https:\/\/www.meine-kirschen.ch\/en\/gallery\/","name":"Gallery - Meine Kirschen","isPartOf":{"@id":"https:\/\/www.meine-kirschen.ch\/#website"},"datePublished":"2021-04-28T07:06:01+00:00","dateModified":"2021-06-28T07:27:32+00:00","breadcrumb":{"@id":"https:\/\/www.meine-kirschen.ch\/en\/gallery\/#breadcrumb"},"inLanguage":"en-US","potentialAction":[{"@type":"ReadAction","target":["https:\/\/www.meine-kirschen.ch\/en\/gallery\/"]}]},{"@type":"BreadcrumbList","@id":"https:\/\/www.meine-kirschen.ch\/en\/gallery\/#breadcrumb","itemListElement":[{"@type":"ListItem","position":1,"name":"Home","item":"https:\/\/www.meine-kirschen.ch\/en\/"},{"@type":"ListItem","position":2,"name":"Gallery"}]},{"@type":"WebSite","@id":"https:\/\/www.meine-kirschen.ch\/#website","url":"https:\/\/www.meine-kirschen.ch\/","name":"Meine Kirschen Uzgoj tre\u0161anja vrhunskog kvaliteta","description":"Uzgoj tre\u0161anja vrhunskog kvaliteta","publisher":{"@id":"https:\/\/www.meine-kirschen.ch\/#organization"},"potentialAction":[{"@type":"SearchAction","target":{"@type":"EntryPoint","urlTemplate":"https:\/\/www.meine-kirschen.ch\/?s={search_term_string}"},"query-input":{"@type":"PropertyValueSpecification","valueRequired":true,"valueName":"search_term_string"}}],"inLanguage":"en-US"},{"@type":"Organization","@id":"https:\/\/www.meine-kirschen.ch\/#organization","name":"Meine kirschen","url":"https:\/\/www.meine-kirschen.ch\/","logo":{"@type":"ImageObject","inLanguage":"en-US","@id":"https:\/\/www.meine-kirschen.ch\/#\/schema\/logo\/image\/","url":"https:\/\/www.meine-kirschen.ch\/wp-content\/uploads\/2021\/06\/cropped-logo-beli-krug.png","contentUrl":"https:\/\/www.meine-kirschen.ch\/wp-content\/uploads\/2021\/06\/cropped-logo-beli-krug.png","width":445,"height":445,"caption":"Meine kirschen"},"image":{"@id":"https:\/\/www.meine-kirschen.ch\/#\/schema\/logo\/image\/"}}]}},"_links":{"self":[{"href":"https:\/\/www.meine-kirschen.ch\/en\/wp-json\/wp\/v2\/pages\/1450","targetHints":{"allow":["GET"]}}],"collection":[{"href":"https:\/\/www.meine-kirschen.ch\/en\/wp-json\/wp\/v2\/pages"}],"about":[{"href":"https:\/\/www.meine-kirschen.ch\/en\/wp-json\/wp\/v2\/types\/page"}],"author":[{"embeddable":true,"href":"https:\/\/www.meine-kirschen.ch\/en\/wp-json\/wp\/v2\/users\/1"}],"replies":[{"embeddable":true,"href":"https:\/\/www.meine-kirschen.ch\/en\/wp-json\/wp\/v2\/comments?post=1450"}],"version-history":[{"count":21,"href":"https:\/\/www.meine-kirschen.ch\/en\/wp-json\/wp\/v2\/pages\/1450\/revisions"}],"predecessor-version":[{"id":6991,"href":"https:\/\/www.meine-kirschen.ch\/en\/wp-json\/wp\/v2\/pages\/1450\/revisions\/6991"}],"wp:attachment":[{"href":"https:\/\/www.meine-kirschen.ch\/en\/wp-json\/wp\/v2\/media?parent=1450"}],"curies":[{"name":"wp","href":"https:\/\/api.w.org\/{rel}","templated":true}]}}