{"id":1680,"date":"2021-04-29T10:21:16","date_gmt":"2021-04-29T08:21:16","guid":{"rendered":"https:\/\/www.meine-kirschen.ch\/?page_id=1680"},"modified":"2021-06-28T14:57:18","modified_gmt":"2021-06-28T12:57:18","slug":"sorte","status":"publish","type":"page","link":"https:\/\/www.meine-kirschen.ch\/it\/sorte\/","title":{"rendered":"Sorte"},"content":{"rendered":"<h2>Sorte:<\/h2>\n<p id=\"tw-target-text\" dir=\"ltr\" data-placeholder=\"\u041f\u0440\u0435\u0432\u043e\u0434\"><strong>SWEET LORENZ<\/strong> &#8211; La variet\u00e0 di ciliegia Sweet Lorenz \u00e8 nata in Italia presso l&#8217;Universit\u00e0 di Bologna. \u00c8 semieretta e fiorisce a met\u00e0 stagione.<\/p>\n<p dir=\"ltr\" data-placeholder=\"\u041f\u0440\u0435\u0432\u043e\u0434\"> La resa \u00e8 molto buona. La dimensione del frutto va da 26 mm a 36 mm e il peso va da 14 g a 18 g. La ciliegia \u00e8 di colore rosso scuro, di buona consistenza e molto dolce. La suscettibilit\u00e0 del frutto alla fessurazione \u00e8 molto ridotta.<\/p>\n<p>\t\t\t\t\t\t\t\t\t\t\t\t\t\t\t<img decoding=\"async\" width=\"500\" height=\"500\" src=\"https:\/\/www.meine-kirschen.ch\/wp-content\/uploads\/2021\/06\/sweet-lorenz.jpg\" alt=\"uzgoj tre\u0161anja sorte tre\u0161anja sweet lorenz\" loading=\"lazy\" srcset=\"https:\/\/www.meine-kirschen.ch\/wp-content\/uploads\/2021\/06\/sweet-lorenz.jpg 500w, https:\/\/www.meine-kirschen.ch\/wp-content\/uploads\/2021\/06\/sweet-lorenz-300x300.jpg 300w, https:\/\/www.meine-kirschen.ch\/wp-content\/uploads\/2021\/06\/sweet-lorenz-150x150.jpg 150w\" sizes=\"auto, (max-width: 500px) 100vw, 500px\" \/>\t\t\t\t\t\t\t\t\t\t\t\t\t\t\t<\/p>\n<p id=\"tw-target-text\" dir=\"ltr\" data-placeholder=\"\u041f\u0440\u0435\u0432\u043e\u0434\"><strong>BLACK STAR<\/strong> &#8211; Anche questa variet\u00e0 di ciliegie \u00e8 originaria dell&#8217;Italia. Le variet\u00e0 Lapins e Burlat sono incrociate.<\/p>\n<p dir=\"ltr\" data-placeholder=\"\u041f\u0440\u0435\u0432\u043e\u0434\">Il loro albero \u00e8 mediamente rigoglioso, largo, corone ramificate. \u00c8 una variet\u00e0 di ciliegio autofertile e fiorisce medio-precoce.<\/p>\n<p dir=\"ltr\" data-placeholder=\"\u041f\u0440\u0435\u0432\u043e\u0434\">La stella nera partorisce regolarmente e in abbondanza. Il frutto \u00e8 rosso scuro, sodo, dolce e grosso. Il frutto misura da 26 mm a 36 mm e pesa da 14 g a 18 g.<\/p>\n<p>\t\t\t\t\t\t\t\t\t\t\t\t\t\t\t<img decoding=\"async\" width=\"500\" height=\"500\" src=\"https:\/\/www.meine-kirschen.ch\/wp-content\/uploads\/2021\/06\/black-star.jpg\" alt=\"uzgoj tre\u0161anja black star\" loading=\"lazy\" srcset=\"https:\/\/www.meine-kirschen.ch\/wp-content\/uploads\/2021\/06\/black-star.jpg 500w, https:\/\/www.meine-kirschen.ch\/wp-content\/uploads\/2021\/06\/black-star-300x300.jpg 300w, https:\/\/www.meine-kirschen.ch\/wp-content\/uploads\/2021\/06\/black-star-150x150.jpg 150w\" sizes=\"auto, (max-width: 500px) 100vw, 500px\" \/>\t\t\t\t\t\t\t\t\t\t\t\t\t\t\t<\/p>\n<p>\u00a0<\/p>\n<p id=\"tw-target-text\" dir=\"ltr\" data-placeholder=\"\u041f\u0440\u0435\u0432\u043e\u0434\"><strong>GRACE STAR<\/strong> &#8211; L&#8217;origine della variet\u00e0 di ciliegie Grace star \u00e8 l&#8217;Italia. \u00c8 stato creato dalla libera impollinazione della variet\u00e0 Burlat. <\/p>\n<p dir=\"ltr\" data-placeholder=\"\u041f\u0440\u0435\u0432\u043e\u0434\">L&#8217;albero \u00e8 mediamente rigoglioso e ben ramificato. \u00c8 relativamente resistente al gelo e alla siccit\u00e0. Questa variet\u00e0 di consolazione partorisce regolarmente e ampiamente. <\/p>\n<p dir=\"ltr\" data-placeholder=\"\u041f\u0440\u0435\u0432\u043e\u0434\">Il frutto \u00e8 succoso e di sapore agrodolce. \u00c8 molto grande (da 26 mm a 36 mm), con un peso da 14 g a 18 g. Grace Star \u00e8 una variet\u00e0 di ciliegie di alta qualit\u00e0.<\/p>\n<p>\t\t\t\t\t\t\t\t\t\t\t\t\t\t\t<img decoding=\"async\" width=\"500\" height=\"500\" src=\"https:\/\/www.meine-kirschen.ch\/wp-content\/uploads\/2021\/06\/grace-star-1.jpg\" alt=\"uzgoj tre\u0161anja grace star\" loading=\"lazy\" srcset=\"https:\/\/www.meine-kirschen.ch\/wp-content\/uploads\/2021\/06\/grace-star-1.jpg 500w, https:\/\/www.meine-kirschen.ch\/wp-content\/uploads\/2021\/06\/grace-star-1-300x300.jpg 300w, https:\/\/www.meine-kirschen.ch\/wp-content\/uploads\/2021\/06\/grace-star-1-150x150.jpg 150w\" sizes=\"auto, (max-width: 500px) 100vw, 500px\" \/>\t\t\t\t\t\t\t\t\t\t\t\t\t\t\t<\/p>\n<p id=\"tw-target-text\" dir=\"ltr\" data-placeholder=\"\u041f\u0440\u0435\u0432\u043e\u0434\"><strong>FERROVIA<\/strong> &#8211; matura nella prima met\u00e0 di giugno, fertilit\u00e0 moderata. Il frutto \u00e8 grosso, con un peso medio di 13 g, con un lungo peduncolo di colore dal rosso al rosso scuro.<\/p>\n<p dir=\"ltr\" data-placeholder=\"\u041f\u0440\u0435\u0432\u043e\u0434\"> La polpa del frutto \u00e8 soda, dolce e di alta qualit\u00e0. Ferrovia \u00e8 moderatamente sensibile al cracking dei frutti.<\/p>\n<p dir=\"ltr\" data-placeholder=\"\u041f\u0440\u0435\u0432\u043e\u0434\"> I frutti sono ottimi per la manipolazione e il trasporto.<\/p>\n<p>\t\t\t\t\t\t\t\t\t\t\t\t\t\t\t<img decoding=\"async\" width=\"768\" height=\"1024\" src=\"https:\/\/www.meine-kirschen.ch\/wp-content\/uploads\/2021\/06\/uzgoj-tresanja-sorte-ferrovia-768x1024.jpg\" alt=\"sorte tre\u0161anja ferrovia\" loading=\"lazy\" srcset=\"https:\/\/www.meine-kirschen.ch\/wp-content\/uploads\/2021\/06\/uzgoj-tresanja-sorte-ferrovia-768x1024.jpg 768w, https:\/\/www.meine-kirschen.ch\/wp-content\/uploads\/2021\/06\/uzgoj-tresanja-sorte-ferrovia-225x300.jpg 225w, https:\/\/www.meine-kirschen.ch\/wp-content\/uploads\/2021\/06\/uzgoj-tresanja-sorte-ferrovia-1152x1536.jpg 1152w, https:\/\/www.meine-kirschen.ch\/wp-content\/uploads\/2021\/06\/uzgoj-tresanja-sorte-ferrovia-1536x2048.jpg 1536w, https:\/\/www.meine-kirschen.ch\/wp-content\/uploads\/2021\/06\/uzgoj-tresanja-sorte-ferrovia-scaled.jpg 1920w\" sizes=\"auto, (max-width: 768px) 100vw, 768px\" \/><br \/>\n\t\t\t\t\t\t\t\t\t\t\t\t\t\t\t<img decoding=\"async\" src=\"http:\/\/www.meine-kirschen.pro\/wp-content\/uploads\/2021\/03\/vocne-sadnice-tresnja-burlat.jpg\" title=\"\" alt=\"\" \/>\t\t\t\t\t\t\t\t\t\t\t\t\t\t\t<\/p>\n<p id=\"tw-target-text\" dir=\"ltr\" data-placeholder=\"\u041f\u0440\u0435\u0432\u043e\u0434\"><strong>CORDIA<\/strong> &#8211; matura nella prima met\u00e0 di giugno. Il frutto \u00e8 molto grosso, circa 14 g, con picciolo molto lungo, buccia rosso scuro e polpa dello stesso colore, ottimo gusto e profumo.<\/p>\n<p dir=\"ltr\" data-placeholder=\"\u041f\u0440\u0435\u0432\u043e\u0434\"> \u00c8 caratterizzato da frutti di ottima qualit\u00e0, una delle migliori variet\u00e0 tardive di ciliegie. Cordia \u00e8 una delle principali variet\u00e0 di ciliegie nelle nuove piantagioni. Variet\u00e0 a fioritura medio tardiva, con fiori leggermente sensibili alle gelate primaverili rispetto ad altre variet\u00e0 della stessa fioritura.<\/p>\n<p dir=\"ltr\" data-placeholder=\"\u041f\u0440\u0435\u0432\u043e\u0434\"> Tollera molto bene le basse temperature. Moderatamente tollerante al cracking dei frutti. Variet\u00e0 autofertile, necessita di impollinatori.<\/p>\n<p>\t\t\t\t\t\t\t\t\t\t\t\t\t\t\t<img decoding=\"async\" width=\"500\" height=\"500\" src=\"https:\/\/www.meine-kirschen.ch\/wp-content\/uploads\/2021\/06\/Lapins.jpg\" alt=\"sorte tr\u0161anja kordia\" loading=\"lazy\" srcset=\"https:\/\/www.meine-kirschen.ch\/wp-content\/uploads\/2021\/06\/Lapins.jpg 500w, https:\/\/www.meine-kirschen.ch\/wp-content\/uploads\/2021\/06\/Lapins-300x300.jpg 300w, https:\/\/www.meine-kirschen.ch\/wp-content\/uploads\/2021\/06\/Lapins-150x150.jpg 150w\" sizes=\"auto, (max-width: 500px) 100vw, 500px\" \/>\t\t\t\t\t\t\t\t\t\t\t\t\t\t\t<\/p>\n<p><strong>REGINA <\/strong>&#8211; matura nella seconda met\u00e0 di giugno, una variet\u00e0 a fioritura e maturazione tardiva.<\/p>\n<p>Tollera bene le gelate invernali ed \u00e8 tollerante a condizioni climatiche pi\u00f9 fredde con una maggiore quantit\u00e0 di precipitazioni.<\/p>\n<p>Il frutto \u00e8 grande 15g, sodo, di ottimo sapore, con un lungo peduncolo di qualit\u00e0 eccezionale, \u00e8 resistente alla lacerazione.<\/p>\n<p>.\u00a0<\/p>\n<p>\t\t\t\t\t\t\t\t\t\t\t\t\t\t\t<img decoding=\"async\" width=\"768\" height=\"1024\" src=\"https:\/\/www.meine-kirschen.ch\/wp-content\/uploads\/2021\/06\/IMG_20210613_105424528-768x1024.jpg\" alt=\"sorte tre\u0161anja regina\" loading=\"lazy\" srcset=\"https:\/\/www.meine-kirschen.ch\/wp-content\/uploads\/2021\/06\/IMG_20210613_105424528-768x1024.jpg 768w, https:\/\/www.meine-kirschen.ch\/wp-content\/uploads\/2021\/06\/IMG_20210613_105424528-225x300.jpg 225w, https:\/\/www.meine-kirschen.ch\/wp-content\/uploads\/2021\/06\/IMG_20210613_105424528-1152x1536.jpg 1152w, https:\/\/www.meine-kirschen.ch\/wp-content\/uploads\/2021\/06\/IMG_20210613_105424528.jpg 1200w\" sizes=\"auto, (max-width: 768px) 100vw, 768px\" \/><\/p>\n","protected":false},"excerpt":{"rendered":"<p>Sorte: SWEET LORENZ &#8211; La variet\u00e0 di ciliegia Sweet Lorenz \u00e8 nata in Italia presso l&#8217;Universit\u00e0 di Bologna. \u00c8 semieretta e fiorisce a met\u00e0 stagione. La resa \u00e8 molto buona. La dimensione del frutto va da 26 mm a 36 mm e il peso va da 14 g a 18 g. La ciliegia \u00e8 di [&hellip;]<\/p>\n","protected":false},"author":1,"featured_media":0,"parent":0,"menu_order":0,"comment_status":"closed","ping_status":"closed","template":"elementor_header_footer","meta":{"site-sidebar-layout":"no-sidebar","site-content-layout":"page-builder","ast-site-content-layout":"","site-content-style":"default","site-sidebar-style":"default","ast-global-header-display":"","ast-banner-title-visibility":"","ast-main-header-display":"","ast-hfb-above-header-display":"","ast-hfb-below-header-display":"","ast-hfb-mobile-header-display":"","site-post-title":"disabled","ast-breadcrumbs-content":"","ast-featured-img":"disabled","footer-sml-layout":"","theme-transparent-header-meta":"default","adv-header-id-meta":"","stick-header-meta":"","header-above-stick-meta":"","header-main-stick-meta":"","header-below-stick-meta":"","astra-migrate-meta-layouts":"default","ast-page-background-enabled":"default","ast-page-background-meta":{"desktop":{"background-color":"","background-image":"","background-repeat":"repeat","background-position":"center center","background-size":"auto","background-attachment":"scroll","background-type":"","background-media":"","overlay-type":"","overlay-color":"","overlay-opacity":"","overlay-gradient":""},"tablet":{"background-color":"","background-image":"","background-repeat":"repeat","background-position":"center center","background-size":"auto","background-attachment":"scroll","background-type":"","background-media":"","overlay-type":"","overlay-color":"","overlay-opacity":"","overlay-gradient":""},"mobile":{"background-color":"","background-image":"","background-repeat":"repeat","background-position":"center center","background-size":"auto","background-attachment":"scroll","background-type":"","background-media":"","overlay-type":"","overlay-color":"","overlay-opacity":"","overlay-gradient":""}},"ast-content-background-meta":{"desktop":{"background-color":"var(--ast-global-color-5)","background-image":"","background-repeat":"repeat","background-position":"center center","background-size":"auto","background-attachment":"scroll","background-type":"","background-media":"","overlay-type":"","overlay-color":"","overlay-opacity":"","overlay-gradient":""},"tablet":{"background-color":"var(--ast-global-color-5)","background-image":"","background-repeat":"repeat","background-position":"center center","background-size":"auto","background-attachment":"scroll","background-type":"","background-media":"","overlay-type":"","overlay-color":"","overlay-opacity":"","overlay-gradient":""},"mobile":{"background-color":"var(--ast-global-color-5)","background-image":"","background-repeat":"repeat","background-position":"center center","background-size":"auto","background-attachment":"scroll","background-type":"","background-media":"","overlay-type":"","overlay-color":"","overlay-opacity":"","overlay-gradient":""}},"footnotes":""},"class_list":["post-1680","page","type-page","status-publish","hentry"],"yoast_head":"<!-- This site is optimized with the Yoast SEO plugin v27.3 - https:\/\/yoast.com\/product\/yoast-seo-wordpress\/ -->\n<title>Sorte - Meine Kirschen<\/title>\n<meta name=\"robots\" content=\"index, follow, max-snippet:-1, max-image-preview:large, max-video-preview:-1\" \/>\n<link rel=\"canonical\" href=\"https:\/\/www.meine-kirschen.ch\/it\/sorte\/\" \/>\n<meta property=\"og:locale\" content=\"it_IT\" \/>\n<meta property=\"og:type\" content=\"article\" \/>\n<meta property=\"og:title\" content=\"Sorte - Meine Kirschen\" \/>\n<meta property=\"og:description\" content=\"Sorte: SWEET LORENZ &#8211; La variet\u00e0 di ciliegia Sweet Lorenz \u00e8 nata in Italia presso l&#8217;Universit\u00e0 di Bologna. \u00c8 semieretta e fiorisce a met\u00e0 stagione. La resa \u00e8 molto buona. La dimensione del frutto va da 26 mm a 36 mm e il peso va da 14 g a 18 g. La ciliegia \u00e8 di [&hellip;]\" \/>\n<meta property=\"og:url\" content=\"https:\/\/www.meine-kirschen.ch\/it\/sorte\/\" \/>\n<meta property=\"og:site_name\" content=\"Meine Kirschen\" \/>\n<meta property=\"article:modified_time\" content=\"2021-06-28T12:57:18+00:00\" \/>\n<meta property=\"og:image\" content=\"https:\/\/www.meine-kirschen.ch\/wp-content\/uploads\/2021\/06\/sweet-lorenz.jpg\" \/>\n<meta name=\"twitter:card\" content=\"summary_large_image\" \/>\n<meta name=\"twitter:label1\" content=\"Tempo di lettura stimato\" \/>\n\t<meta name=\"twitter:data1\" content=\"4 minuti\" \/>\n<script type=\"application\/ld+json\" class=\"yoast-schema-graph\">{\"@context\":\"https:\\\/\\\/schema.org\",\"@graph\":[{\"@type\":\"WebPage\",\"@id\":\"https:\\\/\\\/www.meine-kirschen.ch\\\/it\\\/sorte\\\/\",\"url\":\"https:\\\/\\\/www.meine-kirschen.ch\\\/it\\\/sorte\\\/\",\"name\":\"Sorte - Meine Kirschen\",\"isPartOf\":{\"@id\":\"https:\\\/\\\/www.meine-kirschen.ch\\\/#website\"},\"primaryImageOfPage\":{\"@id\":\"https:\\\/\\\/www.meine-kirschen.ch\\\/it\\\/sorte\\\/#primaryimage\"},\"image\":{\"@id\":\"https:\\\/\\\/www.meine-kirschen.ch\\\/it\\\/sorte\\\/#primaryimage\"},\"thumbnailUrl\":\"https:\\\/\\\/www.meine-kirschen.ch\\\/wp-content\\\/uploads\\\/2021\\\/06\\\/sweet-lorenz.jpg\",\"datePublished\":\"2021-04-29T08:21:16+00:00\",\"dateModified\":\"2021-06-28T12:57:18+00:00\",\"breadcrumb\":{\"@id\":\"https:\\\/\\\/www.meine-kirschen.ch\\\/it\\\/sorte\\\/#breadcrumb\"},\"inLanguage\":\"it-IT\",\"potentialAction\":[{\"@type\":\"ReadAction\",\"target\":[\"https:\\\/\\\/www.meine-kirschen.ch\\\/it\\\/sorte\\\/\"]}]},{\"@type\":\"ImageObject\",\"inLanguage\":\"it-IT\",\"@id\":\"https:\\\/\\\/www.meine-kirschen.ch\\\/it\\\/sorte\\\/#primaryimage\",\"url\":\"https:\\\/\\\/www.meine-kirschen.ch\\\/wp-content\\\/uploads\\\/2021\\\/06\\\/sweet-lorenz.jpg\",\"contentUrl\":\"https:\\\/\\\/www.meine-kirschen.ch\\\/wp-content\\\/uploads\\\/2021\\\/06\\\/sweet-lorenz.jpg\"},{\"@type\":\"BreadcrumbList\",\"@id\":\"https:\\\/\\\/www.meine-kirschen.ch\\\/it\\\/sorte\\\/#breadcrumb\",\"itemListElement\":[{\"@type\":\"ListItem\",\"position\":1,\"name\":\"Home\",\"item\":\"https:\\\/\\\/www.meine-kirschen.ch\\\/it\\\/elementor-1579\\\/\"},{\"@type\":\"ListItem\",\"position\":2,\"name\":\"Sorte\"}]},{\"@type\":\"WebSite\",\"@id\":\"https:\\\/\\\/www.meine-kirschen.ch\\\/#website\",\"url\":\"https:\\\/\\\/www.meine-kirschen.ch\\\/\",\"name\":\"Meine Kirschen Uzgoj tre\u0161anja vrhunskog kvaliteta\",\"description\":\"Uzgoj tre\u0161anja vrhunskog kvaliteta\",\"publisher\":{\"@id\":\"https:\\\/\\\/www.meine-kirschen.ch\\\/#organization\"},\"potentialAction\":[{\"@type\":\"SearchAction\",\"target\":{\"@type\":\"EntryPoint\",\"urlTemplate\":\"https:\\\/\\\/www.meine-kirschen.ch\\\/?s={search_term_string}\"},\"query-input\":{\"@type\":\"PropertyValueSpecification\",\"valueRequired\":true,\"valueName\":\"search_term_string\"}}],\"inLanguage\":\"it-IT\"},{\"@type\":\"Organization\",\"@id\":\"https:\\\/\\\/www.meine-kirschen.ch\\\/#organization\",\"name\":\"Meine kirschen\",\"url\":\"https:\\\/\\\/www.meine-kirschen.ch\\\/\",\"logo\":{\"@type\":\"ImageObject\",\"inLanguage\":\"it-IT\",\"@id\":\"https:\\\/\\\/www.meine-kirschen.ch\\\/#\\\/schema\\\/logo\\\/image\\\/\",\"url\":\"https:\\\/\\\/www.meine-kirschen.ch\\\/wp-content\\\/uploads\\\/2021\\\/06\\\/cropped-logo-beli-krug.png\",\"contentUrl\":\"https:\\\/\\\/www.meine-kirschen.ch\\\/wp-content\\\/uploads\\\/2021\\\/06\\\/cropped-logo-beli-krug.png\",\"width\":445,\"height\":445,\"caption\":\"Meine kirschen\"},\"image\":{\"@id\":\"https:\\\/\\\/www.meine-kirschen.ch\\\/#\\\/schema\\\/logo\\\/image\\\/\"}}]}<\/script>\n<!-- \/ Yoast SEO plugin. -->","yoast_head_json":{"title":"Sorte - Meine Kirschen","robots":{"index":"index","follow":"follow","max-snippet":"max-snippet:-1","max-image-preview":"max-image-preview:large","max-video-preview":"max-video-preview:-1"},"canonical":"https:\/\/www.meine-kirschen.ch\/it\/sorte\/","og_locale":"it_IT","og_type":"article","og_title":"Sorte - Meine Kirschen","og_description":"Sorte: SWEET LORENZ &#8211; La variet\u00e0 di ciliegia Sweet Lorenz \u00e8 nata in Italia presso l&#8217;Universit\u00e0 di Bologna. \u00c8 semieretta e fiorisce a met\u00e0 stagione. La resa \u00e8 molto buona. La dimensione del frutto va da 26 mm a 36 mm e il peso va da 14 g a 18 g. La ciliegia \u00e8 di [&hellip;]","og_url":"https:\/\/www.meine-kirschen.ch\/it\/sorte\/","og_site_name":"Meine Kirschen","article_modified_time":"2021-06-28T12:57:18+00:00","og_image":[{"url":"https:\/\/www.meine-kirschen.ch\/wp-content\/uploads\/2021\/06\/sweet-lorenz.jpg","type":"","width":"","height":""}],"twitter_card":"summary_large_image","twitter_misc":{"Tempo di lettura stimato":"4 minuti"},"schema":{"@context":"https:\/\/schema.org","@graph":[{"@type":"WebPage","@id":"https:\/\/www.meine-kirschen.ch\/it\/sorte\/","url":"https:\/\/www.meine-kirschen.ch\/it\/sorte\/","name":"Sorte - Meine Kirschen","isPartOf":{"@id":"https:\/\/www.meine-kirschen.ch\/#website"},"primaryImageOfPage":{"@id":"https:\/\/www.meine-kirschen.ch\/it\/sorte\/#primaryimage"},"image":{"@id":"https:\/\/www.meine-kirschen.ch\/it\/sorte\/#primaryimage"},"thumbnailUrl":"https:\/\/www.meine-kirschen.ch\/wp-content\/uploads\/2021\/06\/sweet-lorenz.jpg","datePublished":"2021-04-29T08:21:16+00:00","dateModified":"2021-06-28T12:57:18+00:00","breadcrumb":{"@id":"https:\/\/www.meine-kirschen.ch\/it\/sorte\/#breadcrumb"},"inLanguage":"it-IT","potentialAction":[{"@type":"ReadAction","target":["https:\/\/www.meine-kirschen.ch\/it\/sorte\/"]}]},{"@type":"ImageObject","inLanguage":"it-IT","@id":"https:\/\/www.meine-kirschen.ch\/it\/sorte\/#primaryimage","url":"https:\/\/www.meine-kirschen.ch\/wp-content\/uploads\/2021\/06\/sweet-lorenz.jpg","contentUrl":"https:\/\/www.meine-kirschen.ch\/wp-content\/uploads\/2021\/06\/sweet-lorenz.jpg"},{"@type":"BreadcrumbList","@id":"https:\/\/www.meine-kirschen.ch\/it\/sorte\/#breadcrumb","itemListElement":[{"@type":"ListItem","position":1,"name":"Home","item":"https:\/\/www.meine-kirschen.ch\/it\/elementor-1579\/"},{"@type":"ListItem","position":2,"name":"Sorte"}]},{"@type":"WebSite","@id":"https:\/\/www.meine-kirschen.ch\/#website","url":"https:\/\/www.meine-kirschen.ch\/","name":"Meine Kirschen Uzgoj tre\u0161anja vrhunskog kvaliteta","description":"Uzgoj tre\u0161anja vrhunskog kvaliteta","publisher":{"@id":"https:\/\/www.meine-kirschen.ch\/#organization"},"potentialAction":[{"@type":"SearchAction","target":{"@type":"EntryPoint","urlTemplate":"https:\/\/www.meine-kirschen.ch\/?s={search_term_string}"},"query-input":{"@type":"PropertyValueSpecification","valueRequired":true,"valueName":"search_term_string"}}],"inLanguage":"it-IT"},{"@type":"Organization","@id":"https:\/\/www.meine-kirschen.ch\/#organization","name":"Meine kirschen","url":"https:\/\/www.meine-kirschen.ch\/","logo":{"@type":"ImageObject","inLanguage":"it-IT","@id":"https:\/\/www.meine-kirschen.ch\/#\/schema\/logo\/image\/","url":"https:\/\/www.meine-kirschen.ch\/wp-content\/uploads\/2021\/06\/cropped-logo-beli-krug.png","contentUrl":"https:\/\/www.meine-kirschen.ch\/wp-content\/uploads\/2021\/06\/cropped-logo-beli-krug.png","width":445,"height":445,"caption":"Meine kirschen"},"image":{"@id":"https:\/\/www.meine-kirschen.ch\/#\/schema\/logo\/image\/"}}]}},"_links":{"self":[{"href":"https:\/\/www.meine-kirschen.ch\/it\/wp-json\/wp\/v2\/pages\/1680","targetHints":{"allow":["GET"]}}],"collection":[{"href":"https:\/\/www.meine-kirschen.ch\/it\/wp-json\/wp\/v2\/pages"}],"about":[{"href":"https:\/\/www.meine-kirschen.ch\/it\/wp-json\/wp\/v2\/types\/page"}],"author":[{"embeddable":true,"href":"https:\/\/www.meine-kirschen.ch\/it\/wp-json\/wp\/v2\/users\/1"}],"replies":[{"embeddable":true,"href":"https:\/\/www.meine-kirschen.ch\/it\/wp-json\/wp\/v2\/comments?post=1680"}],"version-history":[{"count":12,"href":"https:\/\/www.meine-kirschen.ch\/it\/wp-json\/wp\/v2\/pages\/1680\/revisions"}],"predecessor-version":[{"id":7059,"href":"https:\/\/www.meine-kirschen.ch\/it\/wp-json\/wp\/v2\/pages\/1680\/revisions\/7059"}],"wp:attachment":[{"href":"https:\/\/www.meine-kirschen.ch\/it\/wp-json\/wp\/v2\/media?parent=1680"}],"curies":[{"name":"wp","href":"https:\/\/api.w.org\/{rel}","templated":true}]}}