{"id":2176,"date":"2021-05-17T17:26:43","date_gmt":"2021-05-17T15:26:43","guid":{"rendered":"https:\/\/www.meine-kirschen.ch\/?page_id=2176"},"modified":"2021-06-21T08:29:26","modified_gmt":"2021-06-21T06:29:26","slug":"elementor-2176","status":"publish","type":"page","link":"https:\/\/www.meine-kirschen.ch\/tr\/","title":{"rendered":"Home"},"content":{"rendered":"<h2>Meine Kirschen<\/h2>\n<h3>En kaliteli kiraz yeti\u015ftiricili\u011fi<\/h3>\n<h3>Birinci s\u0131n\u0131f kalitede kirazlar yeti\u015ftiren Miroslav Cicovic tar\u0131m \u00e7iftli\u011fine ho\u015f geldiniz<\/h3>\n<figure>\n\t\t\t\t\t\t\t\t\t\t<img decoding=\"async\" width=\"980\" height=\"1307\" src=\"https:\/\/www.meine-kirschen.ch\/wp-content\/uploads\/2021\/04\/uzgoj-tresanja.jpg\" alt=\"uzgoj tre\u0161anja-uzgajanje tre\u0161nje\" loading=\"lazy\" srcset=\"https:\/\/www.meine-kirschen.ch\/wp-content\/uploads\/2021\/04\/uzgoj-tresanja.jpg 980w, https:\/\/www.meine-kirschen.ch\/wp-content\/uploads\/2021\/04\/uzgoj-tresanja-225x300.jpg 225w, https:\/\/www.meine-kirschen.ch\/wp-content\/uploads\/2021\/04\/uzgoj-tresanja-768x1024.jpg 768w\" sizes=\"auto, (max-width: 980px) 100vw, 980px\" \/><figcaption><\/figcaption><\/figure>\n<p>Dikkatli \u00e7e\u015fit se\u00e7imi ve profesyonel uygulama ile kiraz yeti\u015ftiricili\u011fimiz, bir\u00e7ok Avrupa \u00fclkesinde tan\u0131nan en iyi \u00fcr\u00fcn\u00fc vermektedir.<\/p>\n<p id=\"tw-target-text\" dir=\"ltr\" data-placeholder=\"\u041f\u0440\u0435\u0432\u043e\u0434\">\u00c7iftli\u011fimizde uygulanan en y\u00fcksek standart uluslararas\u0131 GlobalGAP sertifikas\u0131 ile tan\u0131mlanm\u0131\u015ft\u0131r.<\/p>\n<p id=\"tw-target-text\" dir=\"ltr\" data-placeholder=\"\u041f\u0440\u0435\u0432\u043e\u0434\"><strong>\u00a0 \u00a0 \u00a0 \u00a0 \u00a0 \u00a0 \u00a0 \u00a0 \u00a0 \u00a0 \u00a0 \u00a0 \u00a0 \u00a0 \u00a0 \u00a0 \u00a0 \u00a0 \u00a0 \u00a0 \u00a0 \u00a0 \u00a0 \u00a0 \u00a0 \u00a0 \u00a0 \u00a0 \u00a0 \u00a0 \u00a0 \u00a0 \u00a0 \u00a0 \u00a0 \u00a0 \u00a0 \u00a0 \u00a0 \u00a0 \u00a0 \u00a0 \u00a0 \u00a0 \u00a0 \u00a0 GlobalGAP&#8217;\u0131n ilkeleri \u015funlard\u0131r<\/strong><\/p>\n<ul>\n<li>\n<p id=\"tw-target-text\" dir=\"ltr\" data-placeholder=\"\u041f\u0440\u0435\u0432\u043e\u0434\">Her t\u00fcr tar\u0131m kimyasal\u0131n\u0131n s\u0131n\u0131rl\u0131 ve kontroll\u00fc kullan\u0131m\u0131<\/p>\n<\/li>\n<li>\n<p id=\"tw-target-text\" dir=\"ltr\" data-placeholder=\"\u041f\u0440\u0435\u0432\u043e\u0434\">Tar\u0131msal \u00fcr\u00fcnlerin \u00fcretimi ve manip\u00fclasyonu s\u0131ras\u0131nda hijyenik i\u015flem<\/p>\n<\/li>\n<li>\n<p id=\"tw-target-text\" dir=\"ltr\" data-placeholder=\"\u041f\u0440\u0435\u0432\u043e\u0434\">\u0130zlenebilirli\u011fi sa\u011flarken talimatlar vermek ve t\u00fcm aktiviteleri kaydetmek<\/p>\n<\/li>\n<li>\n<p id=\"tw-target-text\" dir=\"ltr\" data-placeholder=\"\u041f\u0440\u0435\u0432\u043e\u0434\">Tarafs\u0131z do\u011frulamaya izin veren benzersiz kurallar (her \u015feyin do\u011fru yap\u0131ld\u0131\u011f\u0131na dair onay)<\/p>\n<\/li>\n<li>\n<p id=\"tw-target-text\" dir=\"ltr\" data-placeholder=\"\u041f\u0440\u0435\u0432\u043e\u0434\">\u00dcreticiler, t\u00fcccarlar ve \u00fcr\u00fcn kullan\u0131c\u0131lar\u0131 aras\u0131nda kar\u015f\u0131l\u0131kl\u0131 ileti\u015fim ve fikir al\u0131\u015fveri\u015fi<\/p>\n<\/li>\n<li>\n<p id=\"tw-target-text\" dir=\"ltr\" data-placeholder=\"\u041f\u0440\u0435\u0432\u043e\u0434\">\u0130nsan \u00e7evresinin korunmas\u0131 ve s\u00fcrd\u00fcr\u00fclebilir kalk\u0131nma endi\u015fesi<\/p>\n<\/li>\n<li id=\"tw-target-text\" dir=\"ltr\" data-placeholder=\"\u041f\u0440\u0435\u0432\u043e\u0434\">\n<p id=\"tw-target-text\" dir=\"ltr\" data-placeholder=\"\u041f\u0440\u0435\u0432\u043e\u0434\">\u00c7iftlikte \u00e7al\u0131\u015fanlara sorumlu muamele<\/p>\n<\/li>\n<\/ul>\n<h4>Videoyu izle<\/h4>\n<p id=\"tw-target-text\" dir=\"ltr\" data-placeholder=\"\u041f\u0440\u0435\u0432\u043e\u0434\">Da\u011flar\u0131n, nehrin ve r\u00fczgar\u0131n yaratt\u0131\u011f\u0131 iklim ko\u015fullar\u0131n\u0131n birle\u015fimi kiraz yeti\u015ftirmek i\u00e7in m\u00fckemmel ko\u015fullar sa\u011flar.<br \/>Kirazlar bir sap ile elle hasat edilir ve ard\u0131ndan bir Hydro Cooler ge\u00e7irilir.<\/p>\n<p id=\"tw-target-text\" dir=\"ltr\" data-placeholder=\"\u041f\u0440\u0435\u0432\u043e\u0434\">Kirazlar\u0131 so\u011futman\u0131n en h\u0131zl\u0131 y\u00f6ntemlerinden biridir.<br \/>Taze hasat edilmi\u015f, 25-30 \u00b0 C&#8217;lik bir s\u0131cakl\u0131\u011fa sahiptirler.<\/p>\n<p id=\"tw-target-text\" dir=\"ltr\" data-placeholder=\"\u041f\u0440\u0435\u0432\u043e\u0434\">Ad\u0131ndan da anla\u015f\u0131laca\u011f\u0131 gibi Hydro Cooler, so\u011fuk su p\u00fcsk\u00fcrterek so\u011fuman\u0131n bir yoludur. <br \/>B\u00f6ylelikle kiraz s\u0131cakl\u0131\u011f\u0131 buzdolab\u0131na girebilecek kadar d\u00fc\u015f\u00fck olur.<\/p>\n<p id=\"tw-target-text\" dir=\"ltr\" data-placeholder=\"\u041f\u0440\u0435\u0432\u043e\u0434\">Bu so\u011futma y\u00f6nteminin ana avantajlar\u0131ndan biri, \u00fcr\u00fcndeki nemi gidermemesi ve hatta hafif\u00e7e eklenen meyveyi geri y\u00fckleyebilmesidir.<\/p>\n<p id=\"tw-target-text\" dir=\"ltr\" data-placeholder=\"\u041f\u0440\u0435\u0432\u043e\u0434\">Bundan sonra kirazlar kalibre edilir (tasnif edilir), paketlenir ve buzdolaplar\u0131nda saklan\u0131r ve \u00f6zel klimal\u0131 ara\u00e7larla m\u00fc\u015fterilere ula\u015ft\u0131r\u0131l\u0131r.<\/p>\n<p id=\"tw-target-text\" dir=\"ltr\" data-placeholder=\"\u041f\u0440\u0435\u0432\u043e\u0434\">Kirazlar\u0131n depolanmas\u0131 s\u0131ras\u0131nda hasat edilen ve a\u015f\u0131r\u0131 so\u011futulan meyvelerin \u00e7\u00fcr\u00fcmesini \u00f6nlemek i\u00e7in depolardaki nemin% 80-85&#8217;i ge\u00e7memesi \u00e7ok \u00f6nemlidir.<\/p>\n","protected":false},"excerpt":{"rendered":"<p>Meine Kirschen En kaliteli kiraz yeti\u015ftiricili\u011fi Birinci s\u0131n\u0131f kalitede kirazlar yeti\u015ftiren Miroslav Cicovic tar\u0131m \u00e7iftli\u011fine ho\u015f geldiniz Dikkatli \u00e7e\u015fit se\u00e7imi ve profesyonel uygulama ile kiraz yeti\u015ftiricili\u011fimiz, bir\u00e7ok Avrupa \u00fclkesinde tan\u0131nan en iyi \u00fcr\u00fcn\u00fc vermektedir. \u00c7iftli\u011fimizde uygulanan en y\u00fcksek standart uluslararas\u0131 GlobalGAP sertifikas\u0131 ile tan\u0131mlanm\u0131\u015ft\u0131r. \u00a0 \u00a0 \u00a0 \u00a0 \u00a0 \u00a0 \u00a0 \u00a0 \u00a0 \u00a0 \u00a0 [&hellip;]<\/p>\n","protected":false},"author":1,"featured_media":0,"parent":0,"menu_order":0,"comment_status":"closed","ping_status":"closed","template":"elementor_header_footer","meta":{"site-sidebar-layout":"no-sidebar","site-content-layout":"page-builder","ast-site-content-layout":"","site-content-style":"default","site-sidebar-style":"default","ast-global-header-display":"","ast-banner-title-visibility":"","ast-main-header-display":"","ast-hfb-above-header-display":"","ast-hfb-below-header-display":"","ast-hfb-mobile-header-display":"","site-post-title":"disabled","ast-breadcrumbs-content":"","ast-featured-img":"disabled","footer-sml-layout":"","theme-transparent-header-meta":"default","adv-header-id-meta":"","stick-header-meta":"","header-above-stick-meta":"","header-main-stick-meta":"","header-below-stick-meta":"","astra-migrate-meta-layouts":"default","ast-page-background-enabled":"default","ast-page-background-meta":{"desktop":{"background-color":"","background-image":"","background-repeat":"repeat","background-position":"center center","background-size":"auto","background-attachment":"scroll","background-type":"","background-media":"","overlay-type":"","overlay-color":"","overlay-opacity":"","overlay-gradient":""},"tablet":{"background-color":"","background-image":"","background-repeat":"repeat","background-position":"center center","background-size":"auto","background-attachment":"scroll","background-type":"","background-media":"","overlay-type":"","overlay-color":"","overlay-opacity":"","overlay-gradient":""},"mobile":{"background-color":"","background-image":"","background-repeat":"repeat","background-position":"center center","background-size":"auto","background-attachment":"scroll","background-type":"","background-media":"","overlay-type":"","overlay-color":"","overlay-opacity":"","overlay-gradient":""}},"ast-content-background-meta":{"desktop":{"background-color":"var(--ast-global-color-5)","background-image":"","background-repeat":"repeat","background-position":"center center","background-size":"auto","background-attachment":"scroll","background-type":"","background-media":"","overlay-type":"","overlay-color":"","overlay-opacity":"","overlay-gradient":""},"tablet":{"background-color":"var(--ast-global-color-5)","background-image":"","background-repeat":"repeat","background-position":"center center","background-size":"auto","background-attachment":"scroll","background-type":"","background-media":"","overlay-type":"","overlay-color":"","overlay-opacity":"","overlay-gradient":""},"mobile":{"background-color":"var(--ast-global-color-5)","background-image":"","background-repeat":"repeat","background-position":"center center","background-size":"auto","background-attachment":"scroll","background-type":"","background-media":"","overlay-type":"","overlay-color":"","overlay-opacity":"","overlay-gradient":""}},"footnotes":""},"class_list":["post-2176","page","type-page","status-publish","hentry"],"yoast_head":"<!-- This site is optimized with the Yoast SEO plugin v27.3 - https:\/\/yoast.com\/product\/yoast-seo-wordpress\/ -->\n<title>Home - Meine Kirschen<\/title>\n<meta name=\"robots\" content=\"index, follow, max-snippet:-1, max-image-preview:large, max-video-preview:-1\" \/>\n<link rel=\"canonical\" href=\"https:\/\/www.meine-kirschen.ch\/tr\/\" \/>\n<meta property=\"og:locale\" content=\"tr_TR\" \/>\n<meta property=\"og:type\" content=\"article\" \/>\n<meta property=\"og:title\" content=\"Home - Meine Kirschen\" \/>\n<meta property=\"og:description\" content=\"Meine Kirschen En kaliteli kiraz yeti\u015ftiricili\u011fi Birinci s\u0131n\u0131f kalitede kirazlar yeti\u015ftiren Miroslav Cicovic tar\u0131m \u00e7iftli\u011fine ho\u015f geldiniz Dikkatli \u00e7e\u015fit se\u00e7imi ve profesyonel uygulama ile kiraz yeti\u015ftiricili\u011fimiz, bir\u00e7ok Avrupa \u00fclkesinde tan\u0131nan en iyi \u00fcr\u00fcn\u00fc vermektedir. \u00c7iftli\u011fimizde uygulanan en y\u00fcksek standart uluslararas\u0131 GlobalGAP sertifikas\u0131 ile tan\u0131mlanm\u0131\u015ft\u0131r. \u00a0 \u00a0 \u00a0 \u00a0 \u00a0 \u00a0 \u00a0 \u00a0 \u00a0 \u00a0 \u00a0 [&hellip;]\" \/>\n<meta property=\"og:url\" content=\"https:\/\/www.meine-kirschen.ch\/tr\/\" \/>\n<meta property=\"og:site_name\" content=\"Meine Kirschen\" \/>\n<meta property=\"article:modified_time\" content=\"2021-06-21T06:29:26+00:00\" \/>\n<meta property=\"og:image\" content=\"https:\/\/www.meine-kirschen.ch\/wp-content\/uploads\/2021\/04\/uzgoj-tresanja.jpg\" \/>\n<meta name=\"twitter:card\" content=\"summary_large_image\" \/>\n<meta name=\"twitter:label1\" content=\"Tahmini okuma s\u00fcresi\" \/>\n\t<meta name=\"twitter:data1\" content=\"2 dakika\" \/>\n<script type=\"application\/ld+json\" class=\"yoast-schema-graph\">{\"@context\":\"https:\\\/\\\/schema.org\",\"@graph\":[{\"@type\":\"WebPage\",\"@id\":\"https:\\\/\\\/www.meine-kirschen.ch\\\/tr\\\/\",\"url\":\"https:\\\/\\\/www.meine-kirschen.ch\\\/tr\\\/\",\"name\":\"Home - Meine Kirschen\",\"isPartOf\":{\"@id\":\"https:\\\/\\\/www.meine-kirschen.ch\\\/#website\"},\"primaryImageOfPage\":{\"@id\":\"https:\\\/\\\/www.meine-kirschen.ch\\\/tr\\\/#primaryimage\"},\"image\":{\"@id\":\"https:\\\/\\\/www.meine-kirschen.ch\\\/tr\\\/#primaryimage\"},\"thumbnailUrl\":\"https:\\\/\\\/www.meine-kirschen.ch\\\/wp-content\\\/uploads\\\/2021\\\/04\\\/uzgoj-tresanja.jpg\",\"datePublished\":\"2021-05-17T15:26:43+00:00\",\"dateModified\":\"2021-06-21T06:29:26+00:00\",\"breadcrumb\":{\"@id\":\"https:\\\/\\\/www.meine-kirschen.ch\\\/tr\\\/#breadcrumb\"},\"inLanguage\":\"tr\",\"potentialAction\":[{\"@type\":\"ReadAction\",\"target\":[\"https:\\\/\\\/www.meine-kirschen.ch\\\/tr\\\/\"]}]},{\"@type\":\"ImageObject\",\"inLanguage\":\"tr\",\"@id\":\"https:\\\/\\\/www.meine-kirschen.ch\\\/tr\\\/#primaryimage\",\"url\":\"https:\\\/\\\/www.meine-kirschen.ch\\\/wp-content\\\/uploads\\\/2021\\\/04\\\/uzgoj-tresanja.jpg\",\"contentUrl\":\"https:\\\/\\\/www.meine-kirschen.ch\\\/wp-content\\\/uploads\\\/2021\\\/04\\\/uzgoj-tresanja.jpg\"},{\"@type\":\"BreadcrumbList\",\"@id\":\"https:\\\/\\\/www.meine-kirschen.ch\\\/tr\\\/#breadcrumb\",\"itemListElement\":[{\"@type\":\"ListItem\",\"position\":1,\"name\":\"Home\",\"item\":\"https:\\\/\\\/www.meine-kirschen.ch\\\/tr\\\/\"},{\"@type\":\"ListItem\",\"position\":2,\"name\":\"Home\"}]},{\"@type\":\"WebSite\",\"@id\":\"https:\\\/\\\/www.meine-kirschen.ch\\\/#website\",\"url\":\"https:\\\/\\\/www.meine-kirschen.ch\\\/\",\"name\":\"Meine Kirschen Uzgoj tre\u0161anja vrhunskog kvaliteta\",\"description\":\"Uzgoj tre\u0161anja vrhunskog kvaliteta\",\"publisher\":{\"@id\":\"https:\\\/\\\/www.meine-kirschen.ch\\\/#organization\"},\"potentialAction\":[{\"@type\":\"SearchAction\",\"target\":{\"@type\":\"EntryPoint\",\"urlTemplate\":\"https:\\\/\\\/www.meine-kirschen.ch\\\/?s={search_term_string}\"},\"query-input\":{\"@type\":\"PropertyValueSpecification\",\"valueRequired\":true,\"valueName\":\"search_term_string\"}}],\"inLanguage\":\"tr\"},{\"@type\":\"Organization\",\"@id\":\"https:\\\/\\\/www.meine-kirschen.ch\\\/#organization\",\"name\":\"Meine kirschen\",\"url\":\"https:\\\/\\\/www.meine-kirschen.ch\\\/\",\"logo\":{\"@type\":\"ImageObject\",\"inLanguage\":\"tr\",\"@id\":\"https:\\\/\\\/www.meine-kirschen.ch\\\/#\\\/schema\\\/logo\\\/image\\\/\",\"url\":\"https:\\\/\\\/www.meine-kirschen.ch\\\/wp-content\\\/uploads\\\/2021\\\/06\\\/cropped-logo-beli-krug.png\",\"contentUrl\":\"https:\\\/\\\/www.meine-kirschen.ch\\\/wp-content\\\/uploads\\\/2021\\\/06\\\/cropped-logo-beli-krug.png\",\"width\":445,\"height\":445,\"caption\":\"Meine kirschen\"},\"image\":{\"@id\":\"https:\\\/\\\/www.meine-kirschen.ch\\\/#\\\/schema\\\/logo\\\/image\\\/\"}}]}<\/script>\n<!-- \/ Yoast SEO plugin. -->","yoast_head_json":{"title":"Home - Meine Kirschen","robots":{"index":"index","follow":"follow","max-snippet":"max-snippet:-1","max-image-preview":"max-image-preview:large","max-video-preview":"max-video-preview:-1"},"canonical":"https:\/\/www.meine-kirschen.ch\/tr\/","og_locale":"tr_TR","og_type":"article","og_title":"Home - Meine Kirschen","og_description":"Meine Kirschen En kaliteli kiraz yeti\u015ftiricili\u011fi Birinci s\u0131n\u0131f kalitede kirazlar yeti\u015ftiren Miroslav Cicovic tar\u0131m \u00e7iftli\u011fine ho\u015f geldiniz Dikkatli \u00e7e\u015fit se\u00e7imi ve profesyonel uygulama ile kiraz yeti\u015ftiricili\u011fimiz, bir\u00e7ok Avrupa \u00fclkesinde tan\u0131nan en iyi \u00fcr\u00fcn\u00fc vermektedir. \u00c7iftli\u011fimizde uygulanan en y\u00fcksek standart uluslararas\u0131 GlobalGAP sertifikas\u0131 ile tan\u0131mlanm\u0131\u015ft\u0131r. \u00a0 \u00a0 \u00a0 \u00a0 \u00a0 \u00a0 \u00a0 \u00a0 \u00a0 \u00a0 \u00a0 [&hellip;]","og_url":"https:\/\/www.meine-kirschen.ch\/tr\/","og_site_name":"Meine Kirschen","article_modified_time":"2021-06-21T06:29:26+00:00","og_image":[{"url":"https:\/\/www.meine-kirschen.ch\/wp-content\/uploads\/2021\/04\/uzgoj-tresanja.jpg","type":"","width":"","height":""}],"twitter_card":"summary_large_image","twitter_misc":{"Tahmini okuma s\u00fcresi":"2 dakika"},"schema":{"@context":"https:\/\/schema.org","@graph":[{"@type":"WebPage","@id":"https:\/\/www.meine-kirschen.ch\/tr\/","url":"https:\/\/www.meine-kirschen.ch\/tr\/","name":"Home - Meine Kirschen","isPartOf":{"@id":"https:\/\/www.meine-kirschen.ch\/#website"},"primaryImageOfPage":{"@id":"https:\/\/www.meine-kirschen.ch\/tr\/#primaryimage"},"image":{"@id":"https:\/\/www.meine-kirschen.ch\/tr\/#primaryimage"},"thumbnailUrl":"https:\/\/www.meine-kirschen.ch\/wp-content\/uploads\/2021\/04\/uzgoj-tresanja.jpg","datePublished":"2021-05-17T15:26:43+00:00","dateModified":"2021-06-21T06:29:26+00:00","breadcrumb":{"@id":"https:\/\/www.meine-kirschen.ch\/tr\/#breadcrumb"},"inLanguage":"tr","potentialAction":[{"@type":"ReadAction","target":["https:\/\/www.meine-kirschen.ch\/tr\/"]}]},{"@type":"ImageObject","inLanguage":"tr","@id":"https:\/\/www.meine-kirschen.ch\/tr\/#primaryimage","url":"https:\/\/www.meine-kirschen.ch\/wp-content\/uploads\/2021\/04\/uzgoj-tresanja.jpg","contentUrl":"https:\/\/www.meine-kirschen.ch\/wp-content\/uploads\/2021\/04\/uzgoj-tresanja.jpg"},{"@type":"BreadcrumbList","@id":"https:\/\/www.meine-kirschen.ch\/tr\/#breadcrumb","itemListElement":[{"@type":"ListItem","position":1,"name":"Home","item":"https:\/\/www.meine-kirschen.ch\/tr\/"},{"@type":"ListItem","position":2,"name":"Home"}]},{"@type":"WebSite","@id":"https:\/\/www.meine-kirschen.ch\/#website","url":"https:\/\/www.meine-kirschen.ch\/","name":"Meine Kirschen Uzgoj tre\u0161anja vrhunskog kvaliteta","description":"Uzgoj tre\u0161anja vrhunskog kvaliteta","publisher":{"@id":"https:\/\/www.meine-kirschen.ch\/#organization"},"potentialAction":[{"@type":"SearchAction","target":{"@type":"EntryPoint","urlTemplate":"https:\/\/www.meine-kirschen.ch\/?s={search_term_string}"},"query-input":{"@type":"PropertyValueSpecification","valueRequired":true,"valueName":"search_term_string"}}],"inLanguage":"tr"},{"@type":"Organization","@id":"https:\/\/www.meine-kirschen.ch\/#organization","name":"Meine kirschen","url":"https:\/\/www.meine-kirschen.ch\/","logo":{"@type":"ImageObject","inLanguage":"tr","@id":"https:\/\/www.meine-kirschen.ch\/#\/schema\/logo\/image\/","url":"https:\/\/www.meine-kirschen.ch\/wp-content\/uploads\/2021\/06\/cropped-logo-beli-krug.png","contentUrl":"https:\/\/www.meine-kirschen.ch\/wp-content\/uploads\/2021\/06\/cropped-logo-beli-krug.png","width":445,"height":445,"caption":"Meine kirschen"},"image":{"@id":"https:\/\/www.meine-kirschen.ch\/#\/schema\/logo\/image\/"}}]}},"_links":{"self":[{"href":"https:\/\/www.meine-kirschen.ch\/tr\/wp-json\/wp\/v2\/pages\/2176","targetHints":{"allow":["GET"]}}],"collection":[{"href":"https:\/\/www.meine-kirschen.ch\/tr\/wp-json\/wp\/v2\/pages"}],"about":[{"href":"https:\/\/www.meine-kirschen.ch\/tr\/wp-json\/wp\/v2\/types\/page"}],"author":[{"embeddable":true,"href":"https:\/\/www.meine-kirschen.ch\/tr\/wp-json\/wp\/v2\/users\/1"}],"replies":[{"embeddable":true,"href":"https:\/\/www.meine-kirschen.ch\/tr\/wp-json\/wp\/v2\/comments?post=2176"}],"version-history":[{"count":0,"href":"https:\/\/www.meine-kirschen.ch\/tr\/wp-json\/wp\/v2\/pages\/2176\/revisions"}],"wp:attachment":[{"href":"https:\/\/www.meine-kirschen.ch\/tr\/wp-json\/wp\/v2\/media?parent=2176"}],"curies":[{"name":"wp","href":"https:\/\/api.w.org\/{rel}","templated":true}]}}