{"id":2210,"date":"2021-05-17T18:27:34","date_gmt":"2021-05-17T16:27:34","guid":{"rendered":"https:\/\/www.meine-kirschen.ch\/?page_id=2210"},"modified":"2021-06-27T23:51:05","modified_gmt":"2021-06-27T21:51:05","slug":"2210-2","status":"publish","type":"page","link":"https:\/\/www.meine-kirschen.ch\/tr\/2210-2\/","title":{"rendered":"Hakk\u0131m\u0131zda"},"content":{"rendered":"<h3>Hakk\u0131m\u0131zda<\/h3>\n<p>\t\t\t\t\t\t\t\t\t\t\t\t\t\t\t<img decoding=\"async\" width=\"1024\" height=\"768\" src=\"https:\/\/www.meine-kirschen.ch\/wp-content\/uploads\/2021\/06\/Stari-Slankamen-uzgoj-tresanja-1-2-1024x768.jpg\" alt=\"stari slankamen - uzgoj tre\u0161anja\" loading=\"lazy\" srcset=\"https:\/\/www.meine-kirschen.ch\/wp-content\/uploads\/2021\/06\/Stari-Slankamen-uzgoj-tresanja-1-2-1024x768.jpg 1024w, https:\/\/www.meine-kirschen.ch\/wp-content\/uploads\/2021\/06\/Stari-Slankamen-uzgoj-tresanja-1-2-300x225.jpg 300w, https:\/\/www.meine-kirschen.ch\/wp-content\/uploads\/2021\/06\/Stari-Slankamen-uzgoj-tresanja-1-2-768x576.jpg 768w, https:\/\/www.meine-kirschen.ch\/wp-content\/uploads\/2021\/06\/Stari-Slankamen-uzgoj-tresanja-1-2.jpg 1160w\" sizes=\"auto, (max-width: 1024px) 100vw, 1024px\" \/>\t\t\t\t\t\t\t\t\t\t\t\t\t\t\t<\/p>\n<p id=\"tw-target-text\" dir=\"ltr\" data-placeholder=\"\u041f\u0440\u0435\u0432\u043e\u0434\">Miroslav Cicovi\u0107&#8217;in tar\u0131m \u00e7iftli\u011fi Novi Slankamen&#8217;de, Tisza ve Tuna Nehri&#8217;nin birle\u015fti\u011fi yerde bulunmaktad\u0131r.<\/p>\n<p id=\"tw-target-text\" dir=\"ltr\" data-placeholder=\"\u041f\u0440\u0435\u0432\u043e\u0434\">Fru\u0161ka gora, \u00f6zel r\u00fczgar g\u00fcl\u00fc ve Tuna sayesinde mevcut iklim ko\u015fullar\u0131, t\u00fcm meyve bah\u00e7esinin geli\u015fimini ve verimini etkiler.<\/p>\n<p id=\"tw-target-text\" dir=\"ltr\" data-placeholder=\"\u041f\u0440\u0435\u0432\u043e\u0434\">\u00c7i\u00e7eklenmeden toplanmaya kadar kiraz geli\u015fiminin t\u00fcm a\u015famalar\u0131 ayr\u0131nt\u0131l\u0131 olarak dikkate al\u0131n\u0131r. <br \/>\u00dcst\u00fcn kaliteli kirazlar son t\u00fcketiciye ula\u015f\u0131r.<\/p>\n<p id=\"tw-target-text\" dir=\"ltr\" data-placeholder=\"\u041f\u0440\u0435\u0432\u043e\u0434\"><strong>00087-HLXFX-0002<\/strong> numaras\u0131 alt\u0131nda uluslararas\u0131 iyi tar\u0131m uygulamalar\u0131 standard\u0131 sertifikas\u0131 olan <strong>GlobalGAP<\/strong>&#8216;a sahibiz.<\/p>\n<p id=\"tw-target-text\" dir=\"ltr\" data-placeholder=\"\u041f\u0440\u0435\u0432\u043e\u0434\">Bu standart, \u00fcretim ko\u015fullar\u0131n\u0131, denetim mekanizmalar\u0131n\u0131 ve \u00fcr\u00fcn sertifikasyonunu belirler.<\/p>\n<p id=\"tw-target-text\" dir=\"ltr\" data-placeholder=\"\u041f\u0440\u0435\u0432\u043e\u0434\">GLOBALGAP, \u00e7evreye en az etki ile \u00e7evreye \u00f6zen g\u00f6sterme, hayvan sa\u011fl\u0131\u011f\u0131, entegre tar\u0131msal \u00fcretim, g\u0131da i\u015flemede hijyene \u00f6zen g\u00f6sterme, genel sa\u011fl\u0131k ve g\u00fcvenlik gerekliliklerine uygunluk gibi standartlar\u0131n g\u00f6zetildi\u011fi \u00fcretim s\u00fcrecini yak\u0131ndan takip eder. tar\u0131msal \u00e7al\u0131\u015fanlar\u0131n oran\u0131 ve \u00fcretim s\u0131ras\u0131nda i\u015f\u00e7ilerin muamelesinde \u00f6zel standartlara uyulmas\u0131.<\/p>\n<p>\t\t\t\t\t\t\t\t\t\t\t\t\t\t\t<img decoding=\"async\" width=\"546\" height=\"503\" src=\"https:\/\/www.meine-kirschen.ch\/wp-content\/uploads\/2021\/06\/CICOVIC-MIROSLAV-GLOBAL-GAP-sertifikat-2020.jpg\" alt=\"uzgoj trte\u0161anja global gap\" loading=\"lazy\" srcset=\"https:\/\/www.meine-kirschen.ch\/wp-content\/uploads\/2021\/06\/CICOVIC-MIROSLAV-GLOBAL-GAP-sertifikat-2020.jpg 546w, https:\/\/www.meine-kirschen.ch\/wp-content\/uploads\/2021\/06\/CICOVIC-MIROSLAV-GLOBAL-GAP-sertifikat-2020-300x276.jpg 300w\" sizes=\"auto, (max-width: 546px) 100vw, 546px\" \/>\t\t\t\t\t\t\t\t\t\t\t\t\t\t\t<\/p>\n<h5>Substrat<\/h5>\n<p id=\"tw-target-text\" dir=\"ltr\" data-placeholder=\"\u041f\u0440\u0435\u0432\u043e\u0434\">Kulland\u0131\u011f\u0131m\u0131z ana\u00e7lar Gisela 5 ve 6&#8217;d\u0131r. Prunus cerasus ve Prunus canescens&#8217;i ge\u00e7erek elde edilir. <br \/>Bu ana\u00e7lar kirazlar\u0131n d\u00fczg\u00fcn ve kaliteli yeti\u015ftirilmesi i\u00e7in \u00e7ok \u00f6nemlidir.<\/p>\n<p><strong>\u00a0<\/strong><\/p>\n<h5>Taraf\u0131ndan desteklenen<\/h5>\n<p><a href=\"http:\/\/fenster-montage.ch\/\"><strong>Fenster&amp; T\u00fcren IDEAL<\/strong><\/a><\/p>\n","protected":false},"excerpt":{"rendered":"<p>Hakk\u0131m\u0131zda Miroslav Cicovi\u0107&#8217;in tar\u0131m \u00e7iftli\u011fi Novi Slankamen&#8217;de, Tisza ve Tuna Nehri&#8217;nin birle\u015fti\u011fi yerde bulunmaktad\u0131r. Fru\u0161ka gora, \u00f6zel r\u00fczgar g\u00fcl\u00fc ve Tuna sayesinde mevcut iklim ko\u015fullar\u0131, t\u00fcm meyve bah\u00e7esinin geli\u015fimini ve verimini etkiler. \u00c7i\u00e7eklenmeden toplanmaya kadar kiraz geli\u015fiminin t\u00fcm a\u015famalar\u0131 ayr\u0131nt\u0131l\u0131 olarak dikkate al\u0131n\u0131r. \u00dcst\u00fcn kaliteli kirazlar son t\u00fcketiciye ula\u015f\u0131r. 00087-HLXFX-0002 numaras\u0131 alt\u0131nda uluslararas\u0131 iyi tar\u0131m [&hellip;]<\/p>\n","protected":false},"author":1,"featured_media":0,"parent":0,"menu_order":0,"comment_status":"closed","ping_status":"closed","template":"","meta":{"site-sidebar-layout":"no-sidebar","site-content-layout":"page-builder","ast-site-content-layout":"","site-content-style":"default","site-sidebar-style":"default","ast-global-header-display":"","ast-banner-title-visibility":"","ast-main-header-display":"","ast-hfb-above-header-display":"","ast-hfb-below-header-display":"","ast-hfb-mobile-header-display":"","site-post-title":"disabled","ast-breadcrumbs-content":"","ast-featured-img":"disabled","footer-sml-layout":"","theme-transparent-header-meta":"default","adv-header-id-meta":"","stick-header-meta":"","header-above-stick-meta":"","header-main-stick-meta":"","header-below-stick-meta":"","astra-migrate-meta-layouts":"default","ast-page-background-enabled":"default","ast-page-background-meta":{"desktop":{"background-color":"","background-image":"","background-repeat":"repeat","background-position":"center center","background-size":"auto","background-attachment":"scroll","background-type":"","background-media":"","overlay-type":"","overlay-color":"","overlay-opacity":"","overlay-gradient":""},"tablet":{"background-color":"","background-image":"","background-repeat":"repeat","background-position":"center center","background-size":"auto","background-attachment":"scroll","background-type":"","background-media":"","overlay-type":"","overlay-color":"","overlay-opacity":"","overlay-gradient":""},"mobile":{"background-color":"","background-image":"","background-repeat":"repeat","background-position":"center center","background-size":"auto","background-attachment":"scroll","background-type":"","background-media":"","overlay-type":"","overlay-color":"","overlay-opacity":"","overlay-gradient":""}},"ast-content-background-meta":{"desktop":{"background-color":"var(--ast-global-color-5)","background-image":"","background-repeat":"repeat","background-position":"center center","background-size":"auto","background-attachment":"scroll","background-type":"","background-media":"","overlay-type":"","overlay-color":"","overlay-opacity":"","overlay-gradient":""},"tablet":{"background-color":"var(--ast-global-color-5)","background-image":"","background-repeat":"repeat","background-position":"center center","background-size":"auto","background-attachment":"scroll","background-type":"","background-media":"","overlay-type":"","overlay-color":"","overlay-opacity":"","overlay-gradient":""},"mobile":{"background-color":"var(--ast-global-color-5)","background-image":"","background-repeat":"repeat","background-position":"center center","background-size":"auto","background-attachment":"scroll","background-type":"","background-media":"","overlay-type":"","overlay-color":"","overlay-opacity":"","overlay-gradient":""}},"footnotes":""},"class_list":["post-2210","page","type-page","status-publish","hentry"],"yoast_head":"<!-- This site is optimized with the Yoast SEO plugin v27.3 - https:\/\/yoast.com\/product\/yoast-seo-wordpress\/ -->\n<title>Hakk\u0131m\u0131zda - Meine Kirschen<\/title>\n<meta name=\"robots\" content=\"index, follow, max-snippet:-1, max-image-preview:large, max-video-preview:-1\" \/>\n<link rel=\"canonical\" href=\"https:\/\/www.meine-kirschen.ch\/tr\/2210-2\/\" \/>\n<meta property=\"og:locale\" content=\"tr_TR\" \/>\n<meta property=\"og:type\" content=\"article\" \/>\n<meta property=\"og:title\" content=\"Hakk\u0131m\u0131zda - Meine Kirschen\" \/>\n<meta property=\"og:description\" content=\"Hakk\u0131m\u0131zda Miroslav Cicovi\u0107&#8217;in tar\u0131m \u00e7iftli\u011fi Novi Slankamen&#8217;de, Tisza ve Tuna Nehri&#8217;nin birle\u015fti\u011fi yerde bulunmaktad\u0131r. Fru\u0161ka gora, \u00f6zel r\u00fczgar g\u00fcl\u00fc ve Tuna sayesinde mevcut iklim ko\u015fullar\u0131, t\u00fcm meyve bah\u00e7esinin geli\u015fimini ve verimini etkiler. \u00c7i\u00e7eklenmeden toplanmaya kadar kiraz geli\u015fiminin t\u00fcm a\u015famalar\u0131 ayr\u0131nt\u0131l\u0131 olarak dikkate al\u0131n\u0131r. \u00dcst\u00fcn kaliteli kirazlar son t\u00fcketiciye ula\u015f\u0131r. 00087-HLXFX-0002 numaras\u0131 alt\u0131nda uluslararas\u0131 iyi tar\u0131m [&hellip;]\" \/>\n<meta property=\"og:url\" content=\"https:\/\/www.meine-kirschen.ch\/tr\/2210-2\/\" \/>\n<meta property=\"og:site_name\" content=\"Meine Kirschen\" \/>\n<meta property=\"article:modified_time\" content=\"2021-06-27T21:51:05+00:00\" \/>\n<meta property=\"og:image\" content=\"https:\/\/www.meine-kirschen.ch\/wp-content\/uploads\/2021\/06\/Stari-Slankamen-uzgoj-tresanja-1-2-1024x768.jpg\" \/>\n<meta name=\"twitter:card\" content=\"summary_large_image\" \/>\n<meta name=\"twitter:label1\" content=\"Tahmini okuma s\u00fcresi\" \/>\n\t<meta name=\"twitter:data1\" content=\"2 dakika\" \/>\n<script type=\"application\/ld+json\" class=\"yoast-schema-graph\">{\"@context\":\"https:\\\/\\\/schema.org\",\"@graph\":[{\"@type\":\"WebPage\",\"@id\":\"https:\\\/\\\/www.meine-kirschen.ch\\\/tr\\\/2210-2\\\/\",\"url\":\"https:\\\/\\\/www.meine-kirschen.ch\\\/tr\\\/2210-2\\\/\",\"name\":\"Hakk\u0131m\u0131zda - Meine Kirschen\",\"isPartOf\":{\"@id\":\"https:\\\/\\\/www.meine-kirschen.ch\\\/#website\"},\"primaryImageOfPage\":{\"@id\":\"https:\\\/\\\/www.meine-kirschen.ch\\\/tr\\\/2210-2\\\/#primaryimage\"},\"image\":{\"@id\":\"https:\\\/\\\/www.meine-kirschen.ch\\\/tr\\\/2210-2\\\/#primaryimage\"},\"thumbnailUrl\":\"https:\\\/\\\/www.meine-kirschen.ch\\\/wp-content\\\/uploads\\\/2021\\\/06\\\/Stari-Slankamen-uzgoj-tresanja-1-2-1024x768.jpg\",\"datePublished\":\"2021-05-17T16:27:34+00:00\",\"dateModified\":\"2021-06-27T21:51:05+00:00\",\"breadcrumb\":{\"@id\":\"https:\\\/\\\/www.meine-kirschen.ch\\\/tr\\\/2210-2\\\/#breadcrumb\"},\"inLanguage\":\"tr\",\"potentialAction\":[{\"@type\":\"ReadAction\",\"target\":[\"https:\\\/\\\/www.meine-kirschen.ch\\\/tr\\\/2210-2\\\/\"]}]},{\"@type\":\"ImageObject\",\"inLanguage\":\"tr\",\"@id\":\"https:\\\/\\\/www.meine-kirschen.ch\\\/tr\\\/2210-2\\\/#primaryimage\",\"url\":\"https:\\\/\\\/www.meine-kirschen.ch\\\/wp-content\\\/uploads\\\/2021\\\/06\\\/Stari-Slankamen-uzgoj-tresanja-1-2-1024x768.jpg\",\"contentUrl\":\"https:\\\/\\\/www.meine-kirschen.ch\\\/wp-content\\\/uploads\\\/2021\\\/06\\\/Stari-Slankamen-uzgoj-tresanja-1-2-1024x768.jpg\"},{\"@type\":\"BreadcrumbList\",\"@id\":\"https:\\\/\\\/www.meine-kirschen.ch\\\/tr\\\/2210-2\\\/#breadcrumb\",\"itemListElement\":[{\"@type\":\"ListItem\",\"position\":1,\"name\":\"Home\",\"item\":\"https:\\\/\\\/www.meine-kirschen.ch\\\/tr\\\/\"},{\"@type\":\"ListItem\",\"position\":2,\"name\":\"Hakk\u0131m\u0131zda\"}]},{\"@type\":\"WebSite\",\"@id\":\"https:\\\/\\\/www.meine-kirschen.ch\\\/#website\",\"url\":\"https:\\\/\\\/www.meine-kirschen.ch\\\/\",\"name\":\"Meine Kirschen Uzgoj tre\u0161anja vrhunskog kvaliteta\",\"description\":\"Uzgoj tre\u0161anja vrhunskog kvaliteta\",\"publisher\":{\"@id\":\"https:\\\/\\\/www.meine-kirschen.ch\\\/#organization\"},\"potentialAction\":[{\"@type\":\"SearchAction\",\"target\":{\"@type\":\"EntryPoint\",\"urlTemplate\":\"https:\\\/\\\/www.meine-kirschen.ch\\\/?s={search_term_string}\"},\"query-input\":{\"@type\":\"PropertyValueSpecification\",\"valueRequired\":true,\"valueName\":\"search_term_string\"}}],\"inLanguage\":\"tr\"},{\"@type\":\"Organization\",\"@id\":\"https:\\\/\\\/www.meine-kirschen.ch\\\/#organization\",\"name\":\"Meine kirschen\",\"url\":\"https:\\\/\\\/www.meine-kirschen.ch\\\/\",\"logo\":{\"@type\":\"ImageObject\",\"inLanguage\":\"tr\",\"@id\":\"https:\\\/\\\/www.meine-kirschen.ch\\\/#\\\/schema\\\/logo\\\/image\\\/\",\"url\":\"https:\\\/\\\/www.meine-kirschen.ch\\\/wp-content\\\/uploads\\\/2021\\\/06\\\/cropped-logo-beli-krug.png\",\"contentUrl\":\"https:\\\/\\\/www.meine-kirschen.ch\\\/wp-content\\\/uploads\\\/2021\\\/06\\\/cropped-logo-beli-krug.png\",\"width\":445,\"height\":445,\"caption\":\"Meine kirschen\"},\"image\":{\"@id\":\"https:\\\/\\\/www.meine-kirschen.ch\\\/#\\\/schema\\\/logo\\\/image\\\/\"}}]}<\/script>\n<!-- \/ Yoast SEO plugin. -->","yoast_head_json":{"title":"Hakk\u0131m\u0131zda - Meine Kirschen","robots":{"index":"index","follow":"follow","max-snippet":"max-snippet:-1","max-image-preview":"max-image-preview:large","max-video-preview":"max-video-preview:-1"},"canonical":"https:\/\/www.meine-kirschen.ch\/tr\/2210-2\/","og_locale":"tr_TR","og_type":"article","og_title":"Hakk\u0131m\u0131zda - Meine Kirschen","og_description":"Hakk\u0131m\u0131zda Miroslav Cicovi\u0107&#8217;in tar\u0131m \u00e7iftli\u011fi Novi Slankamen&#8217;de, Tisza ve Tuna Nehri&#8217;nin birle\u015fti\u011fi yerde bulunmaktad\u0131r. Fru\u0161ka gora, \u00f6zel r\u00fczgar g\u00fcl\u00fc ve Tuna sayesinde mevcut iklim ko\u015fullar\u0131, t\u00fcm meyve bah\u00e7esinin geli\u015fimini ve verimini etkiler. \u00c7i\u00e7eklenmeden toplanmaya kadar kiraz geli\u015fiminin t\u00fcm a\u015famalar\u0131 ayr\u0131nt\u0131l\u0131 olarak dikkate al\u0131n\u0131r. \u00dcst\u00fcn kaliteli kirazlar son t\u00fcketiciye ula\u015f\u0131r. 00087-HLXFX-0002 numaras\u0131 alt\u0131nda uluslararas\u0131 iyi tar\u0131m [&hellip;]","og_url":"https:\/\/www.meine-kirschen.ch\/tr\/2210-2\/","og_site_name":"Meine Kirschen","article_modified_time":"2021-06-27T21:51:05+00:00","og_image":[{"url":"https:\/\/www.meine-kirschen.ch\/wp-content\/uploads\/2021\/06\/Stari-Slankamen-uzgoj-tresanja-1-2-1024x768.jpg","type":"","width":"","height":""}],"twitter_card":"summary_large_image","twitter_misc":{"Tahmini okuma s\u00fcresi":"2 dakika"},"schema":{"@context":"https:\/\/schema.org","@graph":[{"@type":"WebPage","@id":"https:\/\/www.meine-kirschen.ch\/tr\/2210-2\/","url":"https:\/\/www.meine-kirschen.ch\/tr\/2210-2\/","name":"Hakk\u0131m\u0131zda - Meine Kirschen","isPartOf":{"@id":"https:\/\/www.meine-kirschen.ch\/#website"},"primaryImageOfPage":{"@id":"https:\/\/www.meine-kirschen.ch\/tr\/2210-2\/#primaryimage"},"image":{"@id":"https:\/\/www.meine-kirschen.ch\/tr\/2210-2\/#primaryimage"},"thumbnailUrl":"https:\/\/www.meine-kirschen.ch\/wp-content\/uploads\/2021\/06\/Stari-Slankamen-uzgoj-tresanja-1-2-1024x768.jpg","datePublished":"2021-05-17T16:27:34+00:00","dateModified":"2021-06-27T21:51:05+00:00","breadcrumb":{"@id":"https:\/\/www.meine-kirschen.ch\/tr\/2210-2\/#breadcrumb"},"inLanguage":"tr","potentialAction":[{"@type":"ReadAction","target":["https:\/\/www.meine-kirschen.ch\/tr\/2210-2\/"]}]},{"@type":"ImageObject","inLanguage":"tr","@id":"https:\/\/www.meine-kirschen.ch\/tr\/2210-2\/#primaryimage","url":"https:\/\/www.meine-kirschen.ch\/wp-content\/uploads\/2021\/06\/Stari-Slankamen-uzgoj-tresanja-1-2-1024x768.jpg","contentUrl":"https:\/\/www.meine-kirschen.ch\/wp-content\/uploads\/2021\/06\/Stari-Slankamen-uzgoj-tresanja-1-2-1024x768.jpg"},{"@type":"BreadcrumbList","@id":"https:\/\/www.meine-kirschen.ch\/tr\/2210-2\/#breadcrumb","itemListElement":[{"@type":"ListItem","position":1,"name":"Home","item":"https:\/\/www.meine-kirschen.ch\/tr\/"},{"@type":"ListItem","position":2,"name":"Hakk\u0131m\u0131zda"}]},{"@type":"WebSite","@id":"https:\/\/www.meine-kirschen.ch\/#website","url":"https:\/\/www.meine-kirschen.ch\/","name":"Meine Kirschen Uzgoj tre\u0161anja vrhunskog kvaliteta","description":"Uzgoj tre\u0161anja vrhunskog kvaliteta","publisher":{"@id":"https:\/\/www.meine-kirschen.ch\/#organization"},"potentialAction":[{"@type":"SearchAction","target":{"@type":"EntryPoint","urlTemplate":"https:\/\/www.meine-kirschen.ch\/?s={search_term_string}"},"query-input":{"@type":"PropertyValueSpecification","valueRequired":true,"valueName":"search_term_string"}}],"inLanguage":"tr"},{"@type":"Organization","@id":"https:\/\/www.meine-kirschen.ch\/#organization","name":"Meine kirschen","url":"https:\/\/www.meine-kirschen.ch\/","logo":{"@type":"ImageObject","inLanguage":"tr","@id":"https:\/\/www.meine-kirschen.ch\/#\/schema\/logo\/image\/","url":"https:\/\/www.meine-kirschen.ch\/wp-content\/uploads\/2021\/06\/cropped-logo-beli-krug.png","contentUrl":"https:\/\/www.meine-kirschen.ch\/wp-content\/uploads\/2021\/06\/cropped-logo-beli-krug.png","width":445,"height":445,"caption":"Meine kirschen"},"image":{"@id":"https:\/\/www.meine-kirschen.ch\/#\/schema\/logo\/image\/"}}]}},"_links":{"self":[{"href":"https:\/\/www.meine-kirschen.ch\/tr\/wp-json\/wp\/v2\/pages\/2210","targetHints":{"allow":["GET"]}}],"collection":[{"href":"https:\/\/www.meine-kirschen.ch\/tr\/wp-json\/wp\/v2\/pages"}],"about":[{"href":"https:\/\/www.meine-kirschen.ch\/tr\/wp-json\/wp\/v2\/types\/page"}],"author":[{"embeddable":true,"href":"https:\/\/www.meine-kirschen.ch\/tr\/wp-json\/wp\/v2\/users\/1"}],"replies":[{"embeddable":true,"href":"https:\/\/www.meine-kirschen.ch\/tr\/wp-json\/wp\/v2\/comments?post=2210"}],"version-history":[{"count":3,"href":"https:\/\/www.meine-kirschen.ch\/tr\/wp-json\/wp\/v2\/pages\/2210\/revisions"}],"predecessor-version":[{"id":6919,"href":"https:\/\/www.meine-kirschen.ch\/tr\/wp-json\/wp\/v2\/pages\/2210\/revisions\/6919"}],"wp:attachment":[{"href":"https:\/\/www.meine-kirschen.ch\/tr\/wp-json\/wp\/v2\/media?parent=2210"}],"curies":[{"name":"wp","href":"https:\/\/api.w.org\/{rel}","templated":true}]}}