{"id":2236,"date":"2021-05-17T19:00:53","date_gmt":"2021-05-17T17:00:53","guid":{"rendered":"https:\/\/www.meine-kirschen.ch\/?page_id=2236"},"modified":"2021-06-27T23:36:46","modified_gmt":"2021-06-27T21:36:46","slug":"elementor-2236","status":"publish","type":"page","link":"https:\/\/www.meine-kirschen.ch\/tr\/elementor-2236\/","title":{"rendered":"Di\u011fer teklifler"},"content":{"rendered":"<h3>Di\u011fer teklifler<\/h3>\n<h5>Yaban mersini<\/h5>\n<p>\t\t\t\t\t\t\t\t\t\t\t\t\t\t\t<img decoding=\"async\" width=\"1024\" height=\"1024\" src=\"https:\/\/www.meine-kirschen.ch\/wp-content\/uploads\/2021\/06\/\u0431\u043e\u0440\u043e\u0432\u043d\u0438\u0446\u0435-1-1-1024x1024.jpg\" alt=\"\" loading=\"lazy\" srcset=\"https:\/\/www.meine-kirschen.ch\/wp-content\/uploads\/2021\/06\/\u0431\u043e\u0440\u043e\u0432\u043d\u0438\u0446\u0435-1-1-1024x1024.jpg 1024w, https:\/\/www.meine-kirschen.ch\/wp-content\/uploads\/2021\/06\/\u0431\u043e\u0440\u043e\u0432\u043d\u0438\u0446\u0435-1-1-300x300.jpg 300w, https:\/\/www.meine-kirschen.ch\/wp-content\/uploads\/2021\/06\/\u0431\u043e\u0440\u043e\u0432\u043d\u0438\u0446\u0435-1-1-150x150.jpg 150w, https:\/\/www.meine-kirschen.ch\/wp-content\/uploads\/2021\/06\/\u0431\u043e\u0440\u043e\u0432\u043d\u0438\u0446\u0435-1-1-768x768.jpg 768w, https:\/\/www.meine-kirschen.ch\/wp-content\/uploads\/2021\/06\/\u0431\u043e\u0440\u043e\u0432\u043d\u0438\u0446\u0435-1-1.jpg 1080w\" sizes=\"auto, (max-width: 1024px) 100vw, 1024px\" \/>\t\t\t\t\t\t\t\t\t\t\t\t\t\t\t<\/p>\n<p id=\"tw-target-text\" dir=\"ltr\" data-placeholder=\"\u041f\u0440\u0435\u0432\u043e\u0434\"><strong>Ayr\u0131ca ola\u011fan\u00fcst\u00fc kalitede yaban mersini sunuyoruz!<\/strong><\/p>\n<p><strong>\u00a0<\/strong><\/p>\n<p>\t\t\t\t\t\t\t\t\t\t\t\t\t\t\t<img decoding=\"async\" width=\"1024\" height=\"1024\" src=\"https:\/\/www.meine-kirschen.ch\/wp-content\/uploads\/2021\/06\/\u0431\u043e\u0440\u043e\u0432\u043d\u0438\u0446\u0435-2-1024x1024.jpg\" alt=\"\u0431\u043e\u0440\u043e\u0432\u043d\u0438\u0446\u0435 2\" loading=\"lazy\" srcset=\"https:\/\/www.meine-kirschen.ch\/wp-content\/uploads\/2021\/06\/\u0431\u043e\u0440\u043e\u0432\u043d\u0438\u0446\u0435-2-1024x1024.jpg 1024w, https:\/\/www.meine-kirschen.ch\/wp-content\/uploads\/2021\/06\/\u0431\u043e\u0440\u043e\u0432\u043d\u0438\u0446\u0435-2-300x300.jpg 300w, https:\/\/www.meine-kirschen.ch\/wp-content\/uploads\/2021\/06\/\u0431\u043e\u0440\u043e\u0432\u043d\u0438\u0446\u0435-2-150x150.jpg 150w, https:\/\/www.meine-kirschen.ch\/wp-content\/uploads\/2021\/06\/\u0431\u043e\u0440\u043e\u0432\u043d\u0438\u0446\u0435-2-768x768.jpg 768w, https:\/\/www.meine-kirschen.ch\/wp-content\/uploads\/2021\/06\/\u0431\u043e\u0440\u043e\u0432\u043d\u0438\u0446\u0435-2.jpg 1080w\" sizes=\"auto, (max-width: 1024px) 100vw, 1024px\" \/>\t\t\t\t\t\t\t\t\t\t\t\t\t\t\t<\/p>\n<h5>Havu\u00e7lar<\/h5>\n<p>\t\t\t\t\t\t\t\t\t\t\t\t\t\t\t<img decoding=\"async\" width=\"980\" height=\"653\" src=\"https:\/\/www.meine-kirschen.ch\/wp-content\/uploads\/2021\/06\/sargarepa-2.jpg\" alt=\"\u0161argarepa 2\" loading=\"lazy\" srcset=\"https:\/\/www.meine-kirschen.ch\/wp-content\/uploads\/2021\/06\/sargarepa-2.jpg 980w, https:\/\/www.meine-kirschen.ch\/wp-content\/uploads\/2021\/06\/sargarepa-2-300x200.jpg 300w, https:\/\/www.meine-kirschen.ch\/wp-content\/uploads\/2021\/06\/sargarepa-2-768x512.jpg 768w\" sizes=\"auto, (max-width: 980px) 100vw, 980px\" \/>\t\t\t\t\t\t\t\t\t\t\t\t\t\t\t<\/p>\n<p id=\"tw-target-text\" dir=\"ltr\" data-placeholder=\"\u041f\u0440\u0435\u0432\u043e\u0434\">Havu\u00e7: birka\u00e7 \u00e7e\u015fit<\/p>\n<p><strong>\u00a0<\/strong><\/p>\n<p>\t\t\t\t\t\t\t\t\t\t\t\t\t\t\t<img decoding=\"async\" width=\"980\" height=\"654\" src=\"https:\/\/www.meine-kirschen.ch\/wp-content\/uploads\/2021\/06\/sargarepa.jpg\" alt=\"\u0161argarepa\" loading=\"lazy\" srcset=\"https:\/\/www.meine-kirschen.ch\/wp-content\/uploads\/2021\/06\/sargarepa.jpg 980w, https:\/\/www.meine-kirschen.ch\/wp-content\/uploads\/2021\/06\/sargarepa-300x200.jpg 300w, https:\/\/www.meine-kirschen.ch\/wp-content\/uploads\/2021\/06\/sargarepa-768x513.jpg 768w\" sizes=\"auto, (max-width: 980px) 100vw, 980px\" \/><\/p>\n","protected":false},"excerpt":{"rendered":"<p>Di\u011fer teklifler Yaban mersini Ayr\u0131ca ola\u011fan\u00fcst\u00fc kalitede yaban mersini sunuyoruz! \u00a0 Havu\u00e7lar Havu\u00e7: birka\u00e7 \u00e7e\u015fit \u00a0<\/p>\n","protected":false},"author":1,"featured_media":0,"parent":0,"menu_order":0,"comment_status":"closed","ping_status":"closed","template":"","meta":{"site-sidebar-layout":"no-sidebar","site-content-layout":"page-builder","ast-site-content-layout":"","site-content-style":"default","site-sidebar-style":"default","ast-global-header-display":"","ast-banner-title-visibility":"","ast-main-header-display":"","ast-hfb-above-header-display":"","ast-hfb-below-header-display":"","ast-hfb-mobile-header-display":"","site-post-title":"disabled","ast-breadcrumbs-content":"","ast-featured-img":"disabled","footer-sml-layout":"","theme-transparent-header-meta":"default","adv-header-id-meta":"","stick-header-meta":"","header-above-stick-meta":"","header-main-stick-meta":"","header-below-stick-meta":"","astra-migrate-meta-layouts":"default","ast-page-background-enabled":"default","ast-page-background-meta":{"desktop":{"background-color":"","background-image":"","background-repeat":"repeat","background-position":"center center","background-size":"auto","background-attachment":"scroll","background-type":"","background-media":"","overlay-type":"","overlay-color":"","overlay-opacity":"","overlay-gradient":""},"tablet":{"background-color":"","background-image":"","background-repeat":"repeat","background-position":"center center","background-size":"auto","background-attachment":"scroll","background-type":"","background-media":"","overlay-type":"","overlay-color":"","overlay-opacity":"","overlay-gradient":""},"mobile":{"background-color":"","background-image":"","background-repeat":"repeat","background-position":"center center","background-size":"auto","background-attachment":"scroll","background-type":"","background-media":"","overlay-type":"","overlay-color":"","overlay-opacity":"","overlay-gradient":""}},"ast-content-background-meta":{"desktop":{"background-color":"var(--ast-global-color-5)","background-image":"","background-repeat":"repeat","background-position":"center center","background-size":"auto","background-attachment":"scroll","background-type":"","background-media":"","overlay-type":"","overlay-color":"","overlay-opacity":"","overlay-gradient":""},"tablet":{"background-color":"var(--ast-global-color-5)","background-image":"","background-repeat":"repeat","background-position":"center center","background-size":"auto","background-attachment":"scroll","background-type":"","background-media":"","overlay-type":"","overlay-color":"","overlay-opacity":"","overlay-gradient":""},"mobile":{"background-color":"var(--ast-global-color-5)","background-image":"","background-repeat":"repeat","background-position":"center center","background-size":"auto","background-attachment":"scroll","background-type":"","background-media":"","overlay-type":"","overlay-color":"","overlay-opacity":"","overlay-gradient":""}},"footnotes":""},"class_list":["post-2236","page","type-page","status-publish","hentry"],"yoast_head":"<!-- This site is optimized with the Yoast SEO plugin v27.3 - https:\/\/yoast.com\/product\/yoast-seo-wordpress\/ -->\n<title>Di\u011fer teklifler - Meine Kirschen<\/title>\n<meta name=\"robots\" content=\"index, follow, max-snippet:-1, max-image-preview:large, max-video-preview:-1\" \/>\n<link rel=\"canonical\" href=\"https:\/\/www.meine-kirschen.ch\/tr\/elementor-2236\/\" \/>\n<meta property=\"og:locale\" content=\"tr_TR\" \/>\n<meta property=\"og:type\" content=\"article\" \/>\n<meta property=\"og:title\" content=\"Di\u011fer teklifler - Meine Kirschen\" \/>\n<meta property=\"og:description\" content=\"Di\u011fer teklifler Yaban mersini Ayr\u0131ca ola\u011fan\u00fcst\u00fc kalitede yaban mersini sunuyoruz! \u00a0 Havu\u00e7lar Havu\u00e7: birka\u00e7 \u00e7e\u015fit \u00a0\" \/>\n<meta property=\"og:url\" content=\"https:\/\/www.meine-kirschen.ch\/tr\/elementor-2236\/\" \/>\n<meta property=\"og:site_name\" content=\"Meine Kirschen\" \/>\n<meta property=\"article:modified_time\" content=\"2021-06-27T21:36:46+00:00\" \/>\n<meta property=\"og:image\" content=\"https:\/\/www.meine-kirschen.ch\/wp-content\/uploads\/2021\/06\/sargarepa-2.jpg\" \/>\n<meta name=\"twitter:card\" content=\"summary_large_image\" \/>\n<meta name=\"twitter:label1\" content=\"Tahmini okuma s\u00fcresi\" \/>\n\t<meta name=\"twitter:data1\" content=\"1 dakika\" \/>\n<script type=\"application\/ld+json\" class=\"yoast-schema-graph\">{\"@context\":\"https:\\\/\\\/schema.org\",\"@graph\":[{\"@type\":\"WebPage\",\"@id\":\"https:\\\/\\\/www.meine-kirschen.ch\\\/tr\\\/elementor-2236\\\/\",\"url\":\"https:\\\/\\\/www.meine-kirschen.ch\\\/tr\\\/elementor-2236\\\/\",\"name\":\"Di\u011fer teklifler - Meine Kirschen\",\"isPartOf\":{\"@id\":\"https:\\\/\\\/www.meine-kirschen.ch\\\/#website\"},\"primaryImageOfPage\":{\"@id\":\"https:\\\/\\\/www.meine-kirschen.ch\\\/tr\\\/elementor-2236\\\/#primaryimage\"},\"image\":{\"@id\":\"https:\\\/\\\/www.meine-kirschen.ch\\\/tr\\\/elementor-2236\\\/#primaryimage\"},\"thumbnailUrl\":\"https:\\\/\\\/www.meine-kirschen.ch\\\/wp-content\\\/uploads\\\/2021\\\/06\\\/sargarepa-2.jpg\",\"datePublished\":\"2021-05-17T17:00:53+00:00\",\"dateModified\":\"2021-06-27T21:36:46+00:00\",\"breadcrumb\":{\"@id\":\"https:\\\/\\\/www.meine-kirschen.ch\\\/tr\\\/elementor-2236\\\/#breadcrumb\"},\"inLanguage\":\"tr\",\"potentialAction\":[{\"@type\":\"ReadAction\",\"target\":[\"https:\\\/\\\/www.meine-kirschen.ch\\\/tr\\\/elementor-2236\\\/\"]}]},{\"@type\":\"ImageObject\",\"inLanguage\":\"tr\",\"@id\":\"https:\\\/\\\/www.meine-kirschen.ch\\\/tr\\\/elementor-2236\\\/#primaryimage\",\"url\":\"https:\\\/\\\/www.meine-kirschen.ch\\\/wp-content\\\/uploads\\\/2021\\\/06\\\/sargarepa-2.jpg\",\"contentUrl\":\"https:\\\/\\\/www.meine-kirschen.ch\\\/wp-content\\\/uploads\\\/2021\\\/06\\\/sargarepa-2.jpg\"},{\"@type\":\"BreadcrumbList\",\"@id\":\"https:\\\/\\\/www.meine-kirschen.ch\\\/tr\\\/elementor-2236\\\/#breadcrumb\",\"itemListElement\":[{\"@type\":\"ListItem\",\"position\":1,\"name\":\"Home\",\"item\":\"https:\\\/\\\/www.meine-kirschen.ch\\\/tr\\\/\"},{\"@type\":\"ListItem\",\"position\":2,\"name\":\"Di\u011fer teklifler\"}]},{\"@type\":\"WebSite\",\"@id\":\"https:\\\/\\\/www.meine-kirschen.ch\\\/#website\",\"url\":\"https:\\\/\\\/www.meine-kirschen.ch\\\/\",\"name\":\"Meine Kirschen Uzgoj tre\u0161anja vrhunskog kvaliteta\",\"description\":\"Uzgoj tre\u0161anja vrhunskog kvaliteta\",\"publisher\":{\"@id\":\"https:\\\/\\\/www.meine-kirschen.ch\\\/#organization\"},\"potentialAction\":[{\"@type\":\"SearchAction\",\"target\":{\"@type\":\"EntryPoint\",\"urlTemplate\":\"https:\\\/\\\/www.meine-kirschen.ch\\\/?s={search_term_string}\"},\"query-input\":{\"@type\":\"PropertyValueSpecification\",\"valueRequired\":true,\"valueName\":\"search_term_string\"}}],\"inLanguage\":\"tr\"},{\"@type\":\"Organization\",\"@id\":\"https:\\\/\\\/www.meine-kirschen.ch\\\/#organization\",\"name\":\"Meine kirschen\",\"url\":\"https:\\\/\\\/www.meine-kirschen.ch\\\/\",\"logo\":{\"@type\":\"ImageObject\",\"inLanguage\":\"tr\",\"@id\":\"https:\\\/\\\/www.meine-kirschen.ch\\\/#\\\/schema\\\/logo\\\/image\\\/\",\"url\":\"https:\\\/\\\/www.meine-kirschen.ch\\\/wp-content\\\/uploads\\\/2021\\\/06\\\/cropped-logo-beli-krug.png\",\"contentUrl\":\"https:\\\/\\\/www.meine-kirschen.ch\\\/wp-content\\\/uploads\\\/2021\\\/06\\\/cropped-logo-beli-krug.png\",\"width\":445,\"height\":445,\"caption\":\"Meine kirschen\"},\"image\":{\"@id\":\"https:\\\/\\\/www.meine-kirschen.ch\\\/#\\\/schema\\\/logo\\\/image\\\/\"}}]}<\/script>\n<!-- \/ Yoast SEO plugin. -->","yoast_head_json":{"title":"Di\u011fer teklifler - Meine Kirschen","robots":{"index":"index","follow":"follow","max-snippet":"max-snippet:-1","max-image-preview":"max-image-preview:large","max-video-preview":"max-video-preview:-1"},"canonical":"https:\/\/www.meine-kirschen.ch\/tr\/elementor-2236\/","og_locale":"tr_TR","og_type":"article","og_title":"Di\u011fer teklifler - Meine Kirschen","og_description":"Di\u011fer teklifler Yaban mersini Ayr\u0131ca ola\u011fan\u00fcst\u00fc kalitede yaban mersini sunuyoruz! \u00a0 Havu\u00e7lar Havu\u00e7: birka\u00e7 \u00e7e\u015fit \u00a0","og_url":"https:\/\/www.meine-kirschen.ch\/tr\/elementor-2236\/","og_site_name":"Meine Kirschen","article_modified_time":"2021-06-27T21:36:46+00:00","og_image":[{"url":"https:\/\/www.meine-kirschen.ch\/wp-content\/uploads\/2021\/06\/sargarepa-2.jpg","type":"","width":"","height":""}],"twitter_card":"summary_large_image","twitter_misc":{"Tahmini okuma s\u00fcresi":"1 dakika"},"schema":{"@context":"https:\/\/schema.org","@graph":[{"@type":"WebPage","@id":"https:\/\/www.meine-kirschen.ch\/tr\/elementor-2236\/","url":"https:\/\/www.meine-kirschen.ch\/tr\/elementor-2236\/","name":"Di\u011fer teklifler - Meine Kirschen","isPartOf":{"@id":"https:\/\/www.meine-kirschen.ch\/#website"},"primaryImageOfPage":{"@id":"https:\/\/www.meine-kirschen.ch\/tr\/elementor-2236\/#primaryimage"},"image":{"@id":"https:\/\/www.meine-kirschen.ch\/tr\/elementor-2236\/#primaryimage"},"thumbnailUrl":"https:\/\/www.meine-kirschen.ch\/wp-content\/uploads\/2021\/06\/sargarepa-2.jpg","datePublished":"2021-05-17T17:00:53+00:00","dateModified":"2021-06-27T21:36:46+00:00","breadcrumb":{"@id":"https:\/\/www.meine-kirschen.ch\/tr\/elementor-2236\/#breadcrumb"},"inLanguage":"tr","potentialAction":[{"@type":"ReadAction","target":["https:\/\/www.meine-kirschen.ch\/tr\/elementor-2236\/"]}]},{"@type":"ImageObject","inLanguage":"tr","@id":"https:\/\/www.meine-kirschen.ch\/tr\/elementor-2236\/#primaryimage","url":"https:\/\/www.meine-kirschen.ch\/wp-content\/uploads\/2021\/06\/sargarepa-2.jpg","contentUrl":"https:\/\/www.meine-kirschen.ch\/wp-content\/uploads\/2021\/06\/sargarepa-2.jpg"},{"@type":"BreadcrumbList","@id":"https:\/\/www.meine-kirschen.ch\/tr\/elementor-2236\/#breadcrumb","itemListElement":[{"@type":"ListItem","position":1,"name":"Home","item":"https:\/\/www.meine-kirschen.ch\/tr\/"},{"@type":"ListItem","position":2,"name":"Di\u011fer teklifler"}]},{"@type":"WebSite","@id":"https:\/\/www.meine-kirschen.ch\/#website","url":"https:\/\/www.meine-kirschen.ch\/","name":"Meine Kirschen Uzgoj tre\u0161anja vrhunskog kvaliteta","description":"Uzgoj tre\u0161anja vrhunskog kvaliteta","publisher":{"@id":"https:\/\/www.meine-kirschen.ch\/#organization"},"potentialAction":[{"@type":"SearchAction","target":{"@type":"EntryPoint","urlTemplate":"https:\/\/www.meine-kirschen.ch\/?s={search_term_string}"},"query-input":{"@type":"PropertyValueSpecification","valueRequired":true,"valueName":"search_term_string"}}],"inLanguage":"tr"},{"@type":"Organization","@id":"https:\/\/www.meine-kirschen.ch\/#organization","name":"Meine kirschen","url":"https:\/\/www.meine-kirschen.ch\/","logo":{"@type":"ImageObject","inLanguage":"tr","@id":"https:\/\/www.meine-kirschen.ch\/#\/schema\/logo\/image\/","url":"https:\/\/www.meine-kirschen.ch\/wp-content\/uploads\/2021\/06\/cropped-logo-beli-krug.png","contentUrl":"https:\/\/www.meine-kirschen.ch\/wp-content\/uploads\/2021\/06\/cropped-logo-beli-krug.png","width":445,"height":445,"caption":"Meine kirschen"},"image":{"@id":"https:\/\/www.meine-kirschen.ch\/#\/schema\/logo\/image\/"}}]}},"_links":{"self":[{"href":"https:\/\/www.meine-kirschen.ch\/tr\/wp-json\/wp\/v2\/pages\/2236","targetHints":{"allow":["GET"]}}],"collection":[{"href":"https:\/\/www.meine-kirschen.ch\/tr\/wp-json\/wp\/v2\/pages"}],"about":[{"href":"https:\/\/www.meine-kirschen.ch\/tr\/wp-json\/wp\/v2\/types\/page"}],"author":[{"embeddable":true,"href":"https:\/\/www.meine-kirschen.ch\/tr\/wp-json\/wp\/v2\/users\/1"}],"replies":[{"embeddable":true,"href":"https:\/\/www.meine-kirschen.ch\/tr\/wp-json\/wp\/v2\/comments?post=2236"}],"version-history":[{"count":3,"href":"https:\/\/www.meine-kirschen.ch\/tr\/wp-json\/wp\/v2\/pages\/2236\/revisions"}],"predecessor-version":[{"id":6910,"href":"https:\/\/www.meine-kirschen.ch\/tr\/wp-json\/wp\/v2\/pages\/2236\/revisions\/6910"}],"wp:attachment":[{"href":"https:\/\/www.meine-kirschen.ch\/tr\/wp-json\/wp\/v2\/media?parent=2236"}],"curies":[{"name":"wp","href":"https:\/\/api.w.org\/{rel}","templated":true}]}}