{"id":2254,"date":"2021-05-17T19:11:33","date_gmt":"2021-05-17T17:11:33","guid":{"rendered":"https:\/\/www.meine-kirschen.ch\/?page_id=2254"},"modified":"2021-06-27T23:45:03","modified_gmt":"2021-06-27T21:45:03","slug":"2254-2","status":"publish","type":"page","link":"https:\/\/www.meine-kirschen.ch\/tr\/2254-2\/","title":{"rendered":"Kiraz \u00e7e\u015fitleri"},"content":{"rendered":"<h3>Kiraz \u00e7e\u015fitleri<\/h3>\n<p id=\"tw-target-text\" dir=\"ltr\" data-placeholder=\"\u041f\u0440\u0435\u0432\u043e\u0434\"><strong>SWEET LORENZ<\/strong> &#8211; Sweet Lorenz kiraz \u00e7e\u015fidi, \u0130talya&#8217;da Bologna \u00dcniversitesi&#8217;nde ortaya \u00e7\u0131km\u0131\u015ft\u0131r. Yar\u0131 dik ve mevsim ortas\u0131nda \u00e7i\u00e7ek a\u00e7ar. Verim \u00e7ok iyi.<\/p>\n<p dir=\"ltr\" data-placeholder=\"\u041f\u0440\u0435\u0432\u043e\u0434\">Meyvenin boyutu 26 mm ila 36 mm, a\u011f\u0131rl\u0131\u011f\u0131 ise 14 g ila 18 g aras\u0131ndad\u0131r. Kiraz rengi koyu k\u0131rm\u0131z\u0131, iyi sertlikte ve \u00e7ok tatl\u0131d\u0131r. Meyvenin \u00e7atlamaya yatk\u0131nl\u0131\u011f\u0131 \u00e7ok azd\u0131r.<\/p>\n<p>\t\t\t\t\t\t\t\t\t\t\t\t\t\t\t<img decoding=\"async\" width=\"500\" height=\"500\" src=\"https:\/\/www.meine-kirschen.ch\/wp-content\/uploads\/2021\/06\/sweet-lorenz.jpg\" alt=\"uzgoj tre\u0161anja sorte tre\u0161anja sweet lorenz\" loading=\"lazy\" srcset=\"https:\/\/www.meine-kirschen.ch\/wp-content\/uploads\/2021\/06\/sweet-lorenz.jpg 500w, https:\/\/www.meine-kirschen.ch\/wp-content\/uploads\/2021\/06\/sweet-lorenz-300x300.jpg 300w, https:\/\/www.meine-kirschen.ch\/wp-content\/uploads\/2021\/06\/sweet-lorenz-150x150.jpg 150w\" sizes=\"auto, (max-width: 500px) 100vw, 500px\" \/>\t\t\t\t\t\t\t\t\t\t\t\t\t\t\t<\/p>\n<p id=\"tw-target-text\" dir=\"ltr\" data-placeholder=\"\u041f\u0440\u0435\u0432\u043e\u0434\"><strong>BLACK STAR<\/strong> &#8211; Bu kiraz \u00e7e\u015fidi de \u0130talya k\u00f6kenlidir. Lapins ve Burlat \u00e7e\u015fitleri \u00e7aprazlan\u0131r. A\u011fa\u00e7lar\u0131 orta g\u00fcr, geni\u015f, dall\u0131 kronlar. Kendine verimli bir kiraz \u00e7e\u015fididir ve orta erken \u00e7i\u00e7ek a\u00e7ar. <\/p>\n<p dir=\"ltr\" data-placeholder=\"\u041f\u0440\u0435\u0432\u043e\u0434\">Kara y\u0131ld\u0131z d\u00fczenli ve \u00e7ok bol do\u011fum yapar. Meyvesi koyu k\u0131rm\u0131z\u0131, sert, tatl\u0131 ve iridir. Meyve 26 mm ila 36 mm aras\u0131ndad\u0131r ve 14 g ila 18 g a\u011f\u0131rl\u0131\u011f\u0131ndad\u0131r.<\/p>\n<p>\t\t\t\t\t\t\t\t\t\t\t\t\t\t\t<img decoding=\"async\" width=\"500\" height=\"500\" src=\"https:\/\/www.meine-kirschen.ch\/wp-content\/uploads\/2021\/06\/black-star.jpg\" alt=\"uzgoj tre\u0161anja black star\" loading=\"lazy\" srcset=\"https:\/\/www.meine-kirschen.ch\/wp-content\/uploads\/2021\/06\/black-star.jpg 500w, https:\/\/www.meine-kirschen.ch\/wp-content\/uploads\/2021\/06\/black-star-300x300.jpg 300w, https:\/\/www.meine-kirschen.ch\/wp-content\/uploads\/2021\/06\/black-star-150x150.jpg 150w\" sizes=\"auto, (max-width: 500px) 100vw, 500px\" \/>\t\t\t\t\t\t\t\t\t\t\t\t\t\t\t<\/p>\n<p id=\"tw-target-text\" dir=\"ltr\" data-placeholder=\"\u041f\u0440\u0435\u0432\u043e\u0434\"><strong>GRACE STAR<\/strong> &#8211; Grace y\u0131ld\u0131z\u0131 kiraz \u00e7e\u015fidinin k\u00f6keni \u0130talya&#8217;d\u0131r. Burlat \u00e7e\u015fidinin serbest tozla\u015fmas\u0131 ile olu\u015fturulmu\u015ftur. A\u011fa\u00e7 orta g\u00fcr ve iyi dall\u0131d\u0131r.<\/p>\n<p dir=\"ltr\" data-placeholder=\"\u041f\u0440\u0435\u0432\u043e\u0434\">Don ve kurakl\u0131\u011fa nispeten dayan\u0131kl\u0131d\u0131r. Bu teselli \u00e7e\u015fidi d\u00fczenli ve yo\u011fun do\u011fum yapar. Meyve sulu ve tatl\u0131-ek\u015fi bir tada sahiptir.<\/p>\n<p dir=\"ltr\" data-placeholder=\"\u041f\u0440\u0435\u0432\u043e\u0434\">\u00c7ok b\u00fcy\u00fckt\u00fcr (26 mm ila 36 mm), a\u011f\u0131rl\u0131\u011f\u0131 14 g ila 18 g aras\u0131ndad\u0131r. Grace Star kaliteli bir kiraz \u00e7e\u015fididir.<\/p>\n<p>\t\t\t\t\t\t\t\t\t\t\t\t\t\t\t<img decoding=\"async\" width=\"500\" height=\"500\" src=\"https:\/\/www.meine-kirschen.ch\/wp-content\/uploads\/2021\/06\/grace-star-1.jpg\" alt=\"uzgoj tre\u0161anja grace star\" loading=\"lazy\" srcset=\"https:\/\/www.meine-kirschen.ch\/wp-content\/uploads\/2021\/06\/grace-star-1.jpg 500w, https:\/\/www.meine-kirschen.ch\/wp-content\/uploads\/2021\/06\/grace-star-1-300x300.jpg 300w, https:\/\/www.meine-kirschen.ch\/wp-content\/uploads\/2021\/06\/grace-star-1-150x150.jpg 150w\" sizes=\"auto, (max-width: 500px) 100vw, 500px\" \/>\t\t\t\t\t\t\t\t\t\t\t\t\t\t\t<\/p>\n<p id=\"tw-target-text\" dir=\"ltr\" data-placeholder=\"\u041f\u0440\u0435\u0432\u043e\u0434\"><strong>FERROVIA<\/strong> &#8211; Haziran ay\u0131n\u0131n ilk yar\u0131s\u0131nda olgunla\u015f\u0131r, orta derecede do\u011furganl\u0131k. Meyve iridir, ortalama a\u011f\u0131rl\u0131\u011f\u0131 13 g, uzun sap\u0131 k\u0131rm\u0131z\u0131dan koyu k\u0131rm\u0131z\u0131ya kadard\u0131r.<\/p>\n<p dir=\"ltr\" data-placeholder=\"\u041f\u0440\u0435\u0432\u043e\u0434\"> Meyve eti sert, tatl\u0131 ve kalitelidir. Ferrovia, meyve \u00e7atlamas\u0131na kar\u015f\u0131 orta derecede hassast\u0131r. Meyveler ta\u015f\u0131ma ve ta\u015f\u0131ma i\u00e7in m\u00fckemmeldir.<\/p>\n<p>\t\t\t\t\t\t\t\t\t\t\t\t\t\t\t<img decoding=\"async\" width=\"768\" height=\"1024\" src=\"https:\/\/www.meine-kirschen.ch\/wp-content\/uploads\/2021\/06\/uzgoj-tresanja-sorte-ferrovia-768x1024.jpg\" alt=\"sorte tre\u0161anja ferrovia\" loading=\"lazy\" srcset=\"https:\/\/www.meine-kirschen.ch\/wp-content\/uploads\/2021\/06\/uzgoj-tresanja-sorte-ferrovia-768x1024.jpg 768w, https:\/\/www.meine-kirschen.ch\/wp-content\/uploads\/2021\/06\/uzgoj-tresanja-sorte-ferrovia-225x300.jpg 225w, https:\/\/www.meine-kirschen.ch\/wp-content\/uploads\/2021\/06\/uzgoj-tresanja-sorte-ferrovia-1152x1536.jpg 1152w, https:\/\/www.meine-kirschen.ch\/wp-content\/uploads\/2021\/06\/uzgoj-tresanja-sorte-ferrovia-1536x2048.jpg 1536w, https:\/\/www.meine-kirschen.ch\/wp-content\/uploads\/2021\/06\/uzgoj-tresanja-sorte-ferrovia-scaled.jpg 1920w\" sizes=\"auto, (max-width: 768px) 100vw, 768px\" \/>\t\t\t\t\t\t\t\t\t\t\t\t\t\t\t<\/p>\n<p id=\"tw-target-text\" dir=\"ltr\" data-placeholder=\"\u041f\u0440\u0435\u0432\u043e\u0434\"><strong>CORDIA<\/strong> &#8211; Haziran ay\u0131n\u0131n ilk yar\u0131s\u0131nda olgunla\u015f\u0131r. Meyve \u00e7ok b\u00fcy\u00fck, yakla\u015f\u0131k 14 g, \u00e7ok uzun bir sap, koyu k\u0131rm\u0131z\u0131 ten ve ayn\u0131 renkte et, m\u00fckemmel tat ve aroma. En iyi ge\u00e7 kiraz \u00e7e\u015fitlerinden biri olan m\u00fckemmel kalitede meyveler ile karakterizedir. <\/p>\n<p dir=\"ltr\" data-placeholder=\"\u041f\u0440\u0435\u0432\u043e\u0434\">Cordia, yeni tarlalarda \u00f6nde gelen kiraz \u00e7e\u015fitlerinden biridir. Ayn\u0131 \u00e7i\u00e7eklenme d\u00f6nemindeki di\u011fer \u00e7e\u015fitlere k\u0131yasla ilkbahar donlar\u0131na kar\u015f\u0131 biraz hassas \u00e7i\u00e7ekler ile orta ge\u00e7 \u00e7i\u00e7eklenme zaman\u0131 \u00e7e\u015fitlili\u011fi.<\/p>\n<p dir=\"ltr\" data-placeholder=\"\u041f\u0440\u0435\u0432\u043e\u0434\"> D\u00fc\u015f\u00fck s\u0131cakl\u0131klar\u0131 \u00e7ok iyi tolere eder. Meyve \u00e7atlamas\u0131na orta derecede toleransl\u0131d\u0131r. Kendi kendine verimli \u00e7e\u015fit, tozlay\u0131c\u0131 gerektirir.<\/p>\n<p>\t\t\t\t\t\t\t\t\t\t\t\t\t\t\t<img decoding=\"async\" width=\"500\" height=\"500\" src=\"https:\/\/www.meine-kirschen.ch\/wp-content\/uploads\/2021\/06\/Lapins.jpg\" alt=\"sorte tr\u0161anja kordia\" loading=\"lazy\" srcset=\"https:\/\/www.meine-kirschen.ch\/wp-content\/uploads\/2021\/06\/Lapins.jpg 500w, https:\/\/www.meine-kirschen.ch\/wp-content\/uploads\/2021\/06\/Lapins-300x300.jpg 300w, https:\/\/www.meine-kirschen.ch\/wp-content\/uploads\/2021\/06\/Lapins-150x150.jpg 150w\" sizes=\"auto, (max-width: 500px) 100vw, 500px\" \/>\t\t\t\t\t\t\t\t\t\t\t\t\t\t\t<\/p>\n<p id=\"tw-target-text\" dir=\"ltr\" data-placeholder=\"\u041f\u0440\u0435\u0432\u043e\u0434\"><strong>REGINA<\/strong> &#8211; ge\u00e7 \u00e7i\u00e7eklenme ve olgunla\u015fma \u00e7e\u015fitli Haziran ay\u0131n\u0131n ikinci yar\u0131s\u0131nda olgunla\u015f\u0131r. K\u0131\u015f donlar\u0131n\u0131 iyi tolere eder ve daha fazla ya\u011f\u0131\u015fl\u0131 daha so\u011fuk hava ko\u015fullar\u0131na toleransl\u0131d\u0131r.<\/p>\n<p dir=\"ltr\" data-placeholder=\"\u041f\u0440\u0435\u0432\u043e\u0434\"> Meyvesi iri 15g, sert, \u00e7ok iyi tat, ola\u011fan\u00fcst\u00fc kalitede uzun sapl\u0131, \u00e7atlamaya kar\u015f\u0131 diren\u00e7lidir.<\/p>\n<p>\t\t\t\t\t\t\t\t\t\t\t\t\t\t\t<img decoding=\"async\" width=\"768\" height=\"1024\" src=\"https:\/\/www.meine-kirschen.ch\/wp-content\/uploads\/2021\/06\/IMG_20210613_105424528-768x1024.jpg\" alt=\"sorte tre\u0161anja regina\" loading=\"lazy\" srcset=\"https:\/\/www.meine-kirschen.ch\/wp-content\/uploads\/2021\/06\/IMG_20210613_105424528-768x1024.jpg 768w, https:\/\/www.meine-kirschen.ch\/wp-content\/uploads\/2021\/06\/IMG_20210613_105424528-225x300.jpg 225w, https:\/\/www.meine-kirschen.ch\/wp-content\/uploads\/2021\/06\/IMG_20210613_105424528-1152x1536.jpg 1152w, https:\/\/www.meine-kirschen.ch\/wp-content\/uploads\/2021\/06\/IMG_20210613_105424528.jpg 1200w\" sizes=\"auto, (max-width: 768px) 100vw, 768px\" \/><\/p>\n","protected":false},"excerpt":{"rendered":"<p>Kiraz \u00e7e\u015fitleri SWEET LORENZ &#8211; Sweet Lorenz kiraz \u00e7e\u015fidi, \u0130talya&#8217;da Bologna \u00dcniversitesi&#8217;nde ortaya \u00e7\u0131km\u0131\u015ft\u0131r. Yar\u0131 dik ve mevsim ortas\u0131nda \u00e7i\u00e7ek a\u00e7ar. Verim \u00e7ok iyi. Meyvenin boyutu 26 mm ila 36 mm, a\u011f\u0131rl\u0131\u011f\u0131 ise 14 g ila 18 g aras\u0131ndad\u0131r. Kiraz rengi koyu k\u0131rm\u0131z\u0131, iyi sertlikte ve \u00e7ok tatl\u0131d\u0131r. Meyvenin \u00e7atlamaya yatk\u0131nl\u0131\u011f\u0131 \u00e7ok azd\u0131r. BLACK STAR [&hellip;]<\/p>\n","protected":false},"author":1,"featured_media":0,"parent":0,"menu_order":0,"comment_status":"closed","ping_status":"closed","template":"elementor_header_footer","meta":{"site-sidebar-layout":"no-sidebar","site-content-layout":"page-builder","ast-site-content-layout":"","site-content-style":"default","site-sidebar-style":"default","ast-global-header-display":"","ast-banner-title-visibility":"","ast-main-header-display":"","ast-hfb-above-header-display":"","ast-hfb-below-header-display":"","ast-hfb-mobile-header-display":"","site-post-title":"disabled","ast-breadcrumbs-content":"","ast-featured-img":"disabled","footer-sml-layout":"","theme-transparent-header-meta":"default","adv-header-id-meta":"","stick-header-meta":"","header-above-stick-meta":"","header-main-stick-meta":"","header-below-stick-meta":"","astra-migrate-meta-layouts":"default","ast-page-background-enabled":"default","ast-page-background-meta":{"desktop":{"background-color":"","background-image":"","background-repeat":"repeat","background-position":"center center","background-size":"auto","background-attachment":"scroll","background-type":"","background-media":"","overlay-type":"","overlay-color":"","overlay-opacity":"","overlay-gradient":""},"tablet":{"background-color":"","background-image":"","background-repeat":"repeat","background-position":"center center","background-size":"auto","background-attachment":"scroll","background-type":"","background-media":"","overlay-type":"","overlay-color":"","overlay-opacity":"","overlay-gradient":""},"mobile":{"background-color":"","background-image":"","background-repeat":"repeat","background-position":"center center","background-size":"auto","background-attachment":"scroll","background-type":"","background-media":"","overlay-type":"","overlay-color":"","overlay-opacity":"","overlay-gradient":""}},"ast-content-background-meta":{"desktop":{"background-color":"var(--ast-global-color-5)","background-image":"","background-repeat":"repeat","background-position":"center center","background-size":"auto","background-attachment":"scroll","background-type":"","background-media":"","overlay-type":"","overlay-color":"","overlay-opacity":"","overlay-gradient":""},"tablet":{"background-color":"var(--ast-global-color-5)","background-image":"","background-repeat":"repeat","background-position":"center center","background-size":"auto","background-attachment":"scroll","background-type":"","background-media":"","overlay-type":"","overlay-color":"","overlay-opacity":"","overlay-gradient":""},"mobile":{"background-color":"var(--ast-global-color-5)","background-image":"","background-repeat":"repeat","background-position":"center center","background-size":"auto","background-attachment":"scroll","background-type":"","background-media":"","overlay-type":"","overlay-color":"","overlay-opacity":"","overlay-gradient":""}},"footnotes":""},"class_list":["post-2254","page","type-page","status-publish","hentry"],"yoast_head":"<!-- This site is optimized with the Yoast SEO plugin v27.3 - https:\/\/yoast.com\/product\/yoast-seo-wordpress\/ -->\n<title>Kiraz \u00e7e\u015fitleri - Meine Kirschen<\/title>\n<meta name=\"robots\" content=\"index, follow, max-snippet:-1, max-image-preview:large, max-video-preview:-1\" \/>\n<link rel=\"canonical\" href=\"https:\/\/www.meine-kirschen.ch\/tr\/2254-2\/\" \/>\n<meta property=\"og:locale\" content=\"tr_TR\" \/>\n<meta property=\"og:type\" content=\"article\" \/>\n<meta property=\"og:title\" content=\"Kiraz \u00e7e\u015fitleri - Meine Kirschen\" \/>\n<meta property=\"og:description\" content=\"Kiraz \u00e7e\u015fitleri SWEET LORENZ &#8211; Sweet Lorenz kiraz \u00e7e\u015fidi, \u0130talya&#8217;da Bologna \u00dcniversitesi&#8217;nde ortaya \u00e7\u0131km\u0131\u015ft\u0131r. Yar\u0131 dik ve mevsim ortas\u0131nda \u00e7i\u00e7ek a\u00e7ar. Verim \u00e7ok iyi. Meyvenin boyutu 26 mm ila 36 mm, a\u011f\u0131rl\u0131\u011f\u0131 ise 14 g ila 18 g aras\u0131ndad\u0131r. Kiraz rengi koyu k\u0131rm\u0131z\u0131, iyi sertlikte ve \u00e7ok tatl\u0131d\u0131r. Meyvenin \u00e7atlamaya yatk\u0131nl\u0131\u011f\u0131 \u00e7ok azd\u0131r. BLACK STAR [&hellip;]\" \/>\n<meta property=\"og:url\" content=\"https:\/\/www.meine-kirschen.ch\/tr\/2254-2\/\" \/>\n<meta property=\"og:site_name\" content=\"Meine Kirschen\" \/>\n<meta property=\"article:modified_time\" content=\"2021-06-27T21:45:03+00:00\" \/>\n<meta property=\"og:image\" content=\"https:\/\/www.meine-kirschen.ch\/wp-content\/uploads\/2021\/06\/sweet-lorenz.jpg\" \/>\n<meta name=\"twitter:card\" content=\"summary_large_image\" \/>\n<meta name=\"twitter:label1\" content=\"Tahmini okuma s\u00fcresi\" \/>\n\t<meta name=\"twitter:data1\" content=\"3 dakika\" \/>\n<script type=\"application\/ld+json\" class=\"yoast-schema-graph\">{\"@context\":\"https:\\\/\\\/schema.org\",\"@graph\":[{\"@type\":\"WebPage\",\"@id\":\"https:\\\/\\\/www.meine-kirschen.ch\\\/tr\\\/2254-2\\\/\",\"url\":\"https:\\\/\\\/www.meine-kirschen.ch\\\/tr\\\/2254-2\\\/\",\"name\":\"Kiraz \u00e7e\u015fitleri - Meine Kirschen\",\"isPartOf\":{\"@id\":\"https:\\\/\\\/www.meine-kirschen.ch\\\/#website\"},\"primaryImageOfPage\":{\"@id\":\"https:\\\/\\\/www.meine-kirschen.ch\\\/tr\\\/2254-2\\\/#primaryimage\"},\"image\":{\"@id\":\"https:\\\/\\\/www.meine-kirschen.ch\\\/tr\\\/2254-2\\\/#primaryimage\"},\"thumbnailUrl\":\"https:\\\/\\\/www.meine-kirschen.ch\\\/wp-content\\\/uploads\\\/2021\\\/06\\\/sweet-lorenz.jpg\",\"datePublished\":\"2021-05-17T17:11:33+00:00\",\"dateModified\":\"2021-06-27T21:45:03+00:00\",\"breadcrumb\":{\"@id\":\"https:\\\/\\\/www.meine-kirschen.ch\\\/tr\\\/2254-2\\\/#breadcrumb\"},\"inLanguage\":\"tr\",\"potentialAction\":[{\"@type\":\"ReadAction\",\"target\":[\"https:\\\/\\\/www.meine-kirschen.ch\\\/tr\\\/2254-2\\\/\"]}]},{\"@type\":\"ImageObject\",\"inLanguage\":\"tr\",\"@id\":\"https:\\\/\\\/www.meine-kirschen.ch\\\/tr\\\/2254-2\\\/#primaryimage\",\"url\":\"https:\\\/\\\/www.meine-kirschen.ch\\\/wp-content\\\/uploads\\\/2021\\\/06\\\/sweet-lorenz.jpg\",\"contentUrl\":\"https:\\\/\\\/www.meine-kirschen.ch\\\/wp-content\\\/uploads\\\/2021\\\/06\\\/sweet-lorenz.jpg\"},{\"@type\":\"BreadcrumbList\",\"@id\":\"https:\\\/\\\/www.meine-kirschen.ch\\\/tr\\\/2254-2\\\/#breadcrumb\",\"itemListElement\":[{\"@type\":\"ListItem\",\"position\":1,\"name\":\"Home\",\"item\":\"https:\\\/\\\/www.meine-kirschen.ch\\\/tr\\\/\"},{\"@type\":\"ListItem\",\"position\":2,\"name\":\"Kiraz \u00e7e\u015fitleri\"}]},{\"@type\":\"WebSite\",\"@id\":\"https:\\\/\\\/www.meine-kirschen.ch\\\/#website\",\"url\":\"https:\\\/\\\/www.meine-kirschen.ch\\\/\",\"name\":\"Meine Kirschen Uzgoj tre\u0161anja vrhunskog kvaliteta\",\"description\":\"Uzgoj tre\u0161anja vrhunskog kvaliteta\",\"publisher\":{\"@id\":\"https:\\\/\\\/www.meine-kirschen.ch\\\/#organization\"},\"potentialAction\":[{\"@type\":\"SearchAction\",\"target\":{\"@type\":\"EntryPoint\",\"urlTemplate\":\"https:\\\/\\\/www.meine-kirschen.ch\\\/?s={search_term_string}\"},\"query-input\":{\"@type\":\"PropertyValueSpecification\",\"valueRequired\":true,\"valueName\":\"search_term_string\"}}],\"inLanguage\":\"tr\"},{\"@type\":\"Organization\",\"@id\":\"https:\\\/\\\/www.meine-kirschen.ch\\\/#organization\",\"name\":\"Meine kirschen\",\"url\":\"https:\\\/\\\/www.meine-kirschen.ch\\\/\",\"logo\":{\"@type\":\"ImageObject\",\"inLanguage\":\"tr\",\"@id\":\"https:\\\/\\\/www.meine-kirschen.ch\\\/#\\\/schema\\\/logo\\\/image\\\/\",\"url\":\"https:\\\/\\\/www.meine-kirschen.ch\\\/wp-content\\\/uploads\\\/2021\\\/06\\\/cropped-logo-beli-krug.png\",\"contentUrl\":\"https:\\\/\\\/www.meine-kirschen.ch\\\/wp-content\\\/uploads\\\/2021\\\/06\\\/cropped-logo-beli-krug.png\",\"width\":445,\"height\":445,\"caption\":\"Meine kirschen\"},\"image\":{\"@id\":\"https:\\\/\\\/www.meine-kirschen.ch\\\/#\\\/schema\\\/logo\\\/image\\\/\"}}]}<\/script>\n<!-- \/ Yoast SEO plugin. -->","yoast_head_json":{"title":"Kiraz \u00e7e\u015fitleri - Meine Kirschen","robots":{"index":"index","follow":"follow","max-snippet":"max-snippet:-1","max-image-preview":"max-image-preview:large","max-video-preview":"max-video-preview:-1"},"canonical":"https:\/\/www.meine-kirschen.ch\/tr\/2254-2\/","og_locale":"tr_TR","og_type":"article","og_title":"Kiraz \u00e7e\u015fitleri - Meine Kirschen","og_description":"Kiraz \u00e7e\u015fitleri SWEET LORENZ &#8211; Sweet Lorenz kiraz \u00e7e\u015fidi, \u0130talya&#8217;da Bologna \u00dcniversitesi&#8217;nde ortaya \u00e7\u0131km\u0131\u015ft\u0131r. Yar\u0131 dik ve mevsim ortas\u0131nda \u00e7i\u00e7ek a\u00e7ar. Verim \u00e7ok iyi. Meyvenin boyutu 26 mm ila 36 mm, a\u011f\u0131rl\u0131\u011f\u0131 ise 14 g ila 18 g aras\u0131ndad\u0131r. Kiraz rengi koyu k\u0131rm\u0131z\u0131, iyi sertlikte ve \u00e7ok tatl\u0131d\u0131r. Meyvenin \u00e7atlamaya yatk\u0131nl\u0131\u011f\u0131 \u00e7ok azd\u0131r. BLACK STAR [&hellip;]","og_url":"https:\/\/www.meine-kirschen.ch\/tr\/2254-2\/","og_site_name":"Meine Kirschen","article_modified_time":"2021-06-27T21:45:03+00:00","og_image":[{"url":"https:\/\/www.meine-kirschen.ch\/wp-content\/uploads\/2021\/06\/sweet-lorenz.jpg","type":"","width":"","height":""}],"twitter_card":"summary_large_image","twitter_misc":{"Tahmini okuma s\u00fcresi":"3 dakika"},"schema":{"@context":"https:\/\/schema.org","@graph":[{"@type":"WebPage","@id":"https:\/\/www.meine-kirschen.ch\/tr\/2254-2\/","url":"https:\/\/www.meine-kirschen.ch\/tr\/2254-2\/","name":"Kiraz \u00e7e\u015fitleri - Meine Kirschen","isPartOf":{"@id":"https:\/\/www.meine-kirschen.ch\/#website"},"primaryImageOfPage":{"@id":"https:\/\/www.meine-kirschen.ch\/tr\/2254-2\/#primaryimage"},"image":{"@id":"https:\/\/www.meine-kirschen.ch\/tr\/2254-2\/#primaryimage"},"thumbnailUrl":"https:\/\/www.meine-kirschen.ch\/wp-content\/uploads\/2021\/06\/sweet-lorenz.jpg","datePublished":"2021-05-17T17:11:33+00:00","dateModified":"2021-06-27T21:45:03+00:00","breadcrumb":{"@id":"https:\/\/www.meine-kirschen.ch\/tr\/2254-2\/#breadcrumb"},"inLanguage":"tr","potentialAction":[{"@type":"ReadAction","target":["https:\/\/www.meine-kirschen.ch\/tr\/2254-2\/"]}]},{"@type":"ImageObject","inLanguage":"tr","@id":"https:\/\/www.meine-kirschen.ch\/tr\/2254-2\/#primaryimage","url":"https:\/\/www.meine-kirschen.ch\/wp-content\/uploads\/2021\/06\/sweet-lorenz.jpg","contentUrl":"https:\/\/www.meine-kirschen.ch\/wp-content\/uploads\/2021\/06\/sweet-lorenz.jpg"},{"@type":"BreadcrumbList","@id":"https:\/\/www.meine-kirschen.ch\/tr\/2254-2\/#breadcrumb","itemListElement":[{"@type":"ListItem","position":1,"name":"Home","item":"https:\/\/www.meine-kirschen.ch\/tr\/"},{"@type":"ListItem","position":2,"name":"Kiraz \u00e7e\u015fitleri"}]},{"@type":"WebSite","@id":"https:\/\/www.meine-kirschen.ch\/#website","url":"https:\/\/www.meine-kirschen.ch\/","name":"Meine Kirschen Uzgoj tre\u0161anja vrhunskog kvaliteta","description":"Uzgoj tre\u0161anja vrhunskog kvaliteta","publisher":{"@id":"https:\/\/www.meine-kirschen.ch\/#organization"},"potentialAction":[{"@type":"SearchAction","target":{"@type":"EntryPoint","urlTemplate":"https:\/\/www.meine-kirschen.ch\/?s={search_term_string}"},"query-input":{"@type":"PropertyValueSpecification","valueRequired":true,"valueName":"search_term_string"}}],"inLanguage":"tr"},{"@type":"Organization","@id":"https:\/\/www.meine-kirschen.ch\/#organization","name":"Meine kirschen","url":"https:\/\/www.meine-kirschen.ch\/","logo":{"@type":"ImageObject","inLanguage":"tr","@id":"https:\/\/www.meine-kirschen.ch\/#\/schema\/logo\/image\/","url":"https:\/\/www.meine-kirschen.ch\/wp-content\/uploads\/2021\/06\/cropped-logo-beli-krug.png","contentUrl":"https:\/\/www.meine-kirschen.ch\/wp-content\/uploads\/2021\/06\/cropped-logo-beli-krug.png","width":445,"height":445,"caption":"Meine kirschen"},"image":{"@id":"https:\/\/www.meine-kirschen.ch\/#\/schema\/logo\/image\/"}}]}},"_links":{"self":[{"href":"https:\/\/www.meine-kirschen.ch\/tr\/wp-json\/wp\/v2\/pages\/2254","targetHints":{"allow":["GET"]}}],"collection":[{"href":"https:\/\/www.meine-kirschen.ch\/tr\/wp-json\/wp\/v2\/pages"}],"about":[{"href":"https:\/\/www.meine-kirschen.ch\/tr\/wp-json\/wp\/v2\/types\/page"}],"author":[{"embeddable":true,"href":"https:\/\/www.meine-kirschen.ch\/tr\/wp-json\/wp\/v2\/users\/1"}],"replies":[{"embeddable":true,"href":"https:\/\/www.meine-kirschen.ch\/tr\/wp-json\/wp\/v2\/comments?post=2254"}],"version-history":[{"count":6,"href":"https:\/\/www.meine-kirschen.ch\/tr\/wp-json\/wp\/v2\/pages\/2254\/revisions"}],"predecessor-version":[{"id":6916,"href":"https:\/\/www.meine-kirschen.ch\/tr\/wp-json\/wp\/v2\/pages\/2254\/revisions\/6916"}],"wp:attachment":[{"href":"https:\/\/www.meine-kirschen.ch\/tr\/wp-json\/wp\/v2\/media?parent=2254"}],"curies":[{"name":"wp","href":"https:\/\/api.w.org\/{rel}","templated":true}]}}