{"id":2287,"date":"2021-05-17T19:33:24","date_gmt":"2021-05-17T17:33:24","guid":{"rendered":"https:\/\/www.meine-kirschen.ch\/?page_id=2287"},"modified":"2021-06-27T23:30:50","modified_gmt":"2021-06-27T21:30:50","slug":"2287-2","status":"publish","type":"page","link":"https:\/\/www.meine-kirschen.ch\/tr\/2287-2\/","title":{"rendered":"\u015eu anda bizimle"},"content":{"rendered":"<h3>\u015eu anda bizimle<\/h3>\n<p>20.06.2021<\/p>\n<p>\t\t\t\t\t\t\t\t\t\t\t\t\t\t\t<img decoding=\"async\" width=\"300\" height=\"400\" src=\"https:\/\/www.meine-kirschen.ch\/wp-content\/uploads\/2021\/06\/uzgoj-tresanja-prinos-jun-2021.jpg\" alt=\"uzgoj tre\u0161anja prinos jun 2021\" loading=\"lazy\" srcset=\"https:\/\/www.meine-kirschen.ch\/wp-content\/uploads\/2021\/06\/uzgoj-tresanja-prinos-jun-2021.jpg 300w, https:\/\/www.meine-kirschen.ch\/wp-content\/uploads\/2021\/06\/uzgoj-tresanja-prinos-jun-2021-225x300.jpg 225w\" sizes=\"auto, (max-width: 300px) 100vw, 300px\" \/><br \/>\n\t\t\t\t\t\t\t\t\t\t\t\t\t\t\t<img decoding=\"async\" width=\"300\" height=\"400\" src=\"https:\/\/www.meine-kirschen.ch\/wp-content\/uploads\/2021\/06\/uzgoj-tresanja-grana-jun-2021.jpg\" alt=\"uzgoj tre\u0161anja grana jun 2021\" loading=\"lazy\" srcset=\"https:\/\/www.meine-kirschen.ch\/wp-content\/uploads\/2021\/06\/uzgoj-tresanja-grana-jun-2021.jpg 300w, https:\/\/www.meine-kirschen.ch\/wp-content\/uploads\/2021\/06\/uzgoj-tresanja-grana-jun-2021-225x300.jpg 225w\" sizes=\"auto, (max-width: 300px) 100vw, 300px\" \/><br \/>\n\t\t\t\t\t\t\t\t\t\t\t\t\t\t\t<img decoding=\"async\" width=\"300\" height=\"400\" src=\"https:\/\/www.meine-kirschen.ch\/wp-content\/uploads\/2021\/06\/uzgoj-tresanja-jun-2021.jpg\" alt=\"uzgoj tre\u0161anja jun 2021\" loading=\"lazy\" srcset=\"https:\/\/www.meine-kirschen.ch\/wp-content\/uploads\/2021\/06\/uzgoj-tresanja-jun-2021.jpg 300w, https:\/\/www.meine-kirschen.ch\/wp-content\/uploads\/2021\/06\/uzgoj-tresanja-jun-2021-225x300.jpg 225w\" sizes=\"auto, (max-width: 300px) 100vw, 300px\" \/><br \/>\n\t\t\t\t\t\t\t\t\t\t\t\t\t\t\t<img decoding=\"async\" width=\"300\" height=\"400\" src=\"https:\/\/www.meine-kirschen.ch\/wp-content\/uploads\/2021\/06\/uzgajanje-tresanja-jun2021.jpg\" alt=\"uzgajanje tre\u0161anja jun 2021\" loading=\"lazy\" srcset=\"https:\/\/www.meine-kirschen.ch\/wp-content\/uploads\/2021\/06\/uzgajanje-tresanja-jun2021.jpg 300w, https:\/\/www.meine-kirschen.ch\/wp-content\/uploads\/2021\/06\/uzgajanje-tresanja-jun2021-225x300.jpg 225w\" sizes=\"auto, (max-width: 300px) 100vw, 300px\" \/>\t\t\t\t\t\t\t\t\t\t\t\t\t\t\t<\/p>\n<p>13.06.2021<\/p>\n<p>\t\t\t\t\t\t\t\t\t\t\t\t\t\t\t<img decoding=\"async\" width=\"525\" height=\"476\" src=\"https:\/\/www.meine-kirschen.ch\/wp-content\/uploads\/2021\/06\/uzgoj-tresanja-vaga-3.jpg\" alt=\"uzgoj tre\u0161anja vaga\" loading=\"lazy\" srcset=\"https:\/\/www.meine-kirschen.ch\/wp-content\/uploads\/2021\/06\/uzgoj-tresanja-vaga-3.jpg 525w, https:\/\/www.meine-kirschen.ch\/wp-content\/uploads\/2021\/06\/uzgoj-tresanja-vaga-3-300x272.jpg 300w\" sizes=\"auto, (max-width: 525px) 100vw, 525px\" \/><br \/>\n\t\t\t\t\t\t\t\t\t\t\t\t\t\t\t<img decoding=\"async\" width=\"525\" height=\"476\" src=\"https:\/\/www.meine-kirschen.ch\/wp-content\/uploads\/2021\/06\/uzgoj-tresanja-uzorak-4.jpg\" alt=\"uzgoj tre\u0161anja uzorak\" loading=\"lazy\" srcset=\"https:\/\/www.meine-kirschen.ch\/wp-content\/uploads\/2021\/06\/uzgoj-tresanja-uzorak-4.jpg 525w, https:\/\/www.meine-kirschen.ch\/wp-content\/uploads\/2021\/06\/uzgoj-tresanja-uzorak-4-300x272.jpg 300w\" sizes=\"auto, (max-width: 525px) 100vw, 525px\" \/>\t\t\t\t\t\t\t\t\t\t\t\t\t\t\t<\/p>\n<p>30.05.2021<\/p>\n<p>\t\t\t\t\t\t\t\t\t\t\t\t\t\t\t<img decoding=\"async\" width=\"1024\" height=\"768\" src=\"https:\/\/www.meine-kirschen.ch\/wp-content\/uploads\/2021\/05\/tresnje-stari-slnkamen-maj-21-1024x768.jpg\" alt=\"poljoprivredno gazdinstvo miroslav cicovic stari slankamen\" loading=\"lazy\" srcset=\"https:\/\/www.meine-kirschen.ch\/wp-content\/uploads\/2021\/05\/tresnje-stari-slnkamen-maj-21-1024x768.jpg 1024w, https:\/\/www.meine-kirschen.ch\/wp-content\/uploads\/2021\/05\/tresnje-stari-slnkamen-maj-21-300x225.jpg 300w, https:\/\/www.meine-kirschen.ch\/wp-content\/uploads\/2021\/05\/tresnje-stari-slnkamen-maj-21-768x576.jpg 768w, https:\/\/www.meine-kirschen.ch\/wp-content\/uploads\/2021\/05\/tresnje-stari-slnkamen-maj-21-1536x1152.jpg 1536w, https:\/\/www.meine-kirschen.ch\/wp-content\/uploads\/2021\/05\/tresnje-stari-slnkamen-maj-21.jpg 1600w\" sizes=\"auto, (max-width: 1024px) 100vw, 1024px\" \/><br \/>\n\t\t\t\t\t\t\t\t\t\t\t\t\t\t\t<img decoding=\"async\" width=\"1024\" height=\"768\" src=\"https:\/\/www.meine-kirschen.ch\/wp-content\/uploads\/2021\/05\/gazdinstvo-mirioslav-cicovic-stari-slankamen-1024x768.jpg\" alt=\"\" loading=\"lazy\" srcset=\"https:\/\/www.meine-kirschen.ch\/wp-content\/uploads\/2021\/05\/gazdinstvo-mirioslav-cicovic-stari-slankamen-1024x768.jpg 1024w, https:\/\/www.meine-kirschen.ch\/wp-content\/uploads\/2021\/05\/gazdinstvo-mirioslav-cicovic-stari-slankamen-300x225.jpg 300w, https:\/\/www.meine-kirschen.ch\/wp-content\/uploads\/2021\/05\/gazdinstvo-mirioslav-cicovic-stari-slankamen-768x576.jpg 768w, https:\/\/www.meine-kirschen.ch\/wp-content\/uploads\/2021\/05\/gazdinstvo-mirioslav-cicovic-stari-slankamen-1536x1152.jpg 1536w, https:\/\/www.meine-kirschen.ch\/wp-content\/uploads\/2021\/05\/gazdinstvo-mirioslav-cicovic-stari-slankamen.jpg 1600w\" sizes=\"auto, (max-width: 1024px) 100vw, 1024px\" \/><br \/>\n\t\t\t\t\t\t\t\t\t\t\t\t\t\t\t<img decoding=\"async\" width=\"1024\" height=\"768\" src=\"https:\/\/www.meine-kirschen.ch\/wp-content\/uploads\/2021\/05\/uzgoj-tresanja-slankamen-maj-21-1024x768.jpg\" alt=\"stari slankamen uzgoj tresanja\" loading=\"lazy\" srcset=\"https:\/\/www.meine-kirschen.ch\/wp-content\/uploads\/2021\/05\/uzgoj-tresanja-slankamen-maj-21-1024x768.jpg 1024w, https:\/\/www.meine-kirschen.ch\/wp-content\/uploads\/2021\/05\/uzgoj-tresanja-slankamen-maj-21-300x225.jpg 300w, https:\/\/www.meine-kirschen.ch\/wp-content\/uploads\/2021\/05\/uzgoj-tresanja-slankamen-maj-21-768x576.jpg 768w, https:\/\/www.meine-kirschen.ch\/wp-content\/uploads\/2021\/05\/uzgoj-tresanja-slankamen-maj-21-1536x1152.jpg 1536w, https:\/\/www.meine-kirschen.ch\/wp-content\/uploads\/2021\/05\/uzgoj-tresanja-slankamen-maj-21.jpg 1600w\" sizes=\"auto, (max-width: 1024px) 100vw, 1024px\" \/><br \/>\n\t\t\t\t\t\t\t\t\t\t\t\t\t\t\t<img decoding=\"async\" width=\"1024\" height=\"768\" src=\"https:\/\/www.meine-kirschen.ch\/wp-content\/uploads\/2021\/05\/uzgoj-tresanja-miroslav-cicovic-stari-slnkamen-tresnje-1024x768.jpg\" alt=\"tresnje miroslav cicovic\" loading=\"lazy\" srcset=\"https:\/\/www.meine-kirschen.ch\/wp-content\/uploads\/2021\/05\/uzgoj-tresanja-miroslav-cicovic-stari-slnkamen-tresnje-1024x768.jpg 1024w, https:\/\/www.meine-kirschen.ch\/wp-content\/uploads\/2021\/05\/uzgoj-tresanja-miroslav-cicovic-stari-slnkamen-tresnje-300x225.jpg 300w, https:\/\/www.meine-kirschen.ch\/wp-content\/uploads\/2021\/05\/uzgoj-tresanja-miroslav-cicovic-stari-slnkamen-tresnje-768x576.jpg 768w, https:\/\/www.meine-kirschen.ch\/wp-content\/uploads\/2021\/05\/uzgoj-tresanja-miroslav-cicovic-stari-slnkamen-tresnje-1536x1152.jpg 1536w, https:\/\/www.meine-kirschen.ch\/wp-content\/uploads\/2021\/05\/uzgoj-tresanja-miroslav-cicovic-stari-slnkamen-tresnje.jpg 1600w\" sizes=\"auto, (max-width: 1024px) 100vw, 1024px\" \/>\t\t\t\t\t\t\t\t\t\t\t\t\t\t\t<\/p>\n<p>16.05.2021<\/p>\n<p>\u00c7iftli\u011fimizde kiraz yeti\u015ftiricili\u011fi iyi gidiyor. <br \/>G\u00fczel kokulu \u00e7i\u00e7eklerin yerini, \u00e7ok h\u0131zl\u0131 bir \u015fekilde toplanmaya haz\u0131r olgun kirazlara d\u00f6n\u00fc\u015fecek olan ye\u015fil meyveler alm\u0131\u015ft\u0131r. <br \/>Meteorolojik ko\u015fullar ve ayn\u0131 zamanda a\u00e7\u0131k ve kesin prosed\u00fcrlere dayal\u0131 dikkatli i\u015flemler, kiraz meyvelerini ola\u011fan\u00fcst\u00fc kalitede verir.<\/p>\n<p>\t\t\t\t\t\t\t\t\t\t\t\t\t\t\t<img decoding=\"async\" src=\"http:\/\/www.meine-kirschen.pro\/wp-content\/uploads\/2021\/05\/uzgoj-tresanja-zrenje.jpg\" title=\"\" alt=\"\" \/><br \/>\n\t\t\t\t\t\t\t\t\t\t\t\t\t\t\t<img decoding=\"async\" src=\"http:\/\/www.meine-kirschen.pro\/wp-content\/uploads\/2021\/05\/uzgoj-tresanja-zrenje-2.jpg\" title=\"\" alt=\"\" \/>\t\t\t\t\t\t\t\t\t\t\t\t\t\t\t<\/p>\n<p>02.05.2021<\/p>\n","protected":false},"excerpt":{"rendered":"<p>\u015eu anda bizimle 20.06.2021 13.06.2021 30.05.2021 16.05.2021 \u00c7iftli\u011fimizde kiraz yeti\u015ftiricili\u011fi iyi gidiyor. G\u00fczel kokulu \u00e7i\u00e7eklerin yerini, \u00e7ok h\u0131zl\u0131 bir \u015fekilde toplanmaya haz\u0131r olgun kirazlara d\u00f6n\u00fc\u015fecek olan ye\u015fil meyveler alm\u0131\u015ft\u0131r. Meteorolojik ko\u015fullar ve ayn\u0131 zamanda a\u00e7\u0131k ve kesin prosed\u00fcrlere dayal\u0131 dikkatli i\u015flemler, kiraz meyvelerini ola\u011fan\u00fcst\u00fc kalitede verir. 02.05.2021<\/p>\n","protected":false},"author":1,"featured_media":0,"parent":0,"menu_order":0,"comment_status":"closed","ping_status":"closed","template":"","meta":{"site-sidebar-layout":"no-sidebar","site-content-layout":"page-builder","ast-site-content-layout":"","site-content-style":"default","site-sidebar-style":"default","ast-global-header-display":"","ast-banner-title-visibility":"","ast-main-header-display":"","ast-hfb-above-header-display":"","ast-hfb-below-header-display":"","ast-hfb-mobile-header-display":"","site-post-title":"disabled","ast-breadcrumbs-content":"","ast-featured-img":"disabled","footer-sml-layout":"","theme-transparent-header-meta":"default","adv-header-id-meta":"","stick-header-meta":"","header-above-stick-meta":"","header-main-stick-meta":"","header-below-stick-meta":"","astra-migrate-meta-layouts":"default","ast-page-background-enabled":"default","ast-page-background-meta":{"desktop":{"background-color":"","background-image":"","background-repeat":"repeat","background-position":"center center","background-size":"auto","background-attachment":"scroll","background-type":"","background-media":"","overlay-type":"","overlay-color":"","overlay-opacity":"","overlay-gradient":""},"tablet":{"background-color":"","background-image":"","background-repeat":"repeat","background-position":"center center","background-size":"auto","background-attachment":"scroll","background-type":"","background-media":"","overlay-type":"","overlay-color":"","overlay-opacity":"","overlay-gradient":""},"mobile":{"background-color":"","background-image":"","background-repeat":"repeat","background-position":"center center","background-size":"auto","background-attachment":"scroll","background-type":"","background-media":"","overlay-type":"","overlay-color":"","overlay-opacity":"","overlay-gradient":""}},"ast-content-background-meta":{"desktop":{"background-color":"var(--ast-global-color-5)","background-image":"","background-repeat":"repeat","background-position":"center center","background-size":"auto","background-attachment":"scroll","background-type":"","background-media":"","overlay-type":"","overlay-color":"","overlay-opacity":"","overlay-gradient":""},"tablet":{"background-color":"var(--ast-global-color-5)","background-image":"","background-repeat":"repeat","background-position":"center center","background-size":"auto","background-attachment":"scroll","background-type":"","background-media":"","overlay-type":"","overlay-color":"","overlay-opacity":"","overlay-gradient":""},"mobile":{"background-color":"var(--ast-global-color-5)","background-image":"","background-repeat":"repeat","background-position":"center center","background-size":"auto","background-attachment":"scroll","background-type":"","background-media":"","overlay-type":"","overlay-color":"","overlay-opacity":"","overlay-gradient":""}},"footnotes":""},"class_list":["post-2287","page","type-page","status-publish","hentry"],"yoast_head":"<!-- This site is optimized with the Yoast SEO plugin v27.3 - https:\/\/yoast.com\/product\/yoast-seo-wordpress\/ -->\n<title>\u015eu anda bizimle - Meine Kirschen<\/title>\n<meta name=\"robots\" content=\"index, follow, max-snippet:-1, max-image-preview:large, max-video-preview:-1\" \/>\n<link rel=\"canonical\" href=\"https:\/\/www.meine-kirschen.ch\/tr\/2287-2\/\" \/>\n<meta property=\"og:locale\" content=\"tr_TR\" \/>\n<meta property=\"og:type\" content=\"article\" \/>\n<meta property=\"og:title\" content=\"\u015eu anda bizimle - Meine Kirschen\" \/>\n<meta property=\"og:description\" content=\"\u015eu anda bizimle 20.06.2021 13.06.2021 30.05.2021 16.05.2021 \u00c7iftli\u011fimizde kiraz yeti\u015ftiricili\u011fi iyi gidiyor. G\u00fczel kokulu \u00e7i\u00e7eklerin yerini, \u00e7ok h\u0131zl\u0131 bir \u015fekilde toplanmaya haz\u0131r olgun kirazlara d\u00f6n\u00fc\u015fecek olan ye\u015fil meyveler alm\u0131\u015ft\u0131r. Meteorolojik ko\u015fullar ve ayn\u0131 zamanda a\u00e7\u0131k ve kesin prosed\u00fcrlere dayal\u0131 dikkatli i\u015flemler, kiraz meyvelerini ola\u011fan\u00fcst\u00fc kalitede verir. 02.05.2021\" \/>\n<meta property=\"og:url\" content=\"https:\/\/www.meine-kirschen.ch\/tr\/2287-2\/\" \/>\n<meta property=\"og:site_name\" content=\"Meine Kirschen\" \/>\n<meta property=\"article:modified_time\" content=\"2021-06-27T21:30:50+00:00\" \/>\n<meta property=\"og:image\" content=\"https:\/\/www.meine-kirschen.ch\/wp-content\/uploads\/2021\/06\/uzgoj-tresanja-prinos-jun-2021.jpg\" \/>\n<meta name=\"twitter:card\" content=\"summary_large_image\" \/>\n<meta name=\"twitter:label1\" content=\"Tahmini okuma s\u00fcresi\" \/>\n\t<meta name=\"twitter:data1\" content=\"3 dakika\" \/>\n<script type=\"application\/ld+json\" class=\"yoast-schema-graph\">{\"@context\":\"https:\\\/\\\/schema.org\",\"@graph\":[{\"@type\":\"WebPage\",\"@id\":\"https:\\\/\\\/www.meine-kirschen.ch\\\/tr\\\/2287-2\\\/\",\"url\":\"https:\\\/\\\/www.meine-kirschen.ch\\\/tr\\\/2287-2\\\/\",\"name\":\"\u015eu anda bizimle - Meine Kirschen\",\"isPartOf\":{\"@id\":\"https:\\\/\\\/www.meine-kirschen.ch\\\/#website\"},\"primaryImageOfPage\":{\"@id\":\"https:\\\/\\\/www.meine-kirschen.ch\\\/tr\\\/2287-2\\\/#primaryimage\"},\"image\":{\"@id\":\"https:\\\/\\\/www.meine-kirschen.ch\\\/tr\\\/2287-2\\\/#primaryimage\"},\"thumbnailUrl\":\"https:\\\/\\\/www.meine-kirschen.ch\\\/wp-content\\\/uploads\\\/2021\\\/06\\\/uzgoj-tresanja-prinos-jun-2021.jpg\",\"datePublished\":\"2021-05-17T17:33:24+00:00\",\"dateModified\":\"2021-06-27T21:30:50+00:00\",\"breadcrumb\":{\"@id\":\"https:\\\/\\\/www.meine-kirschen.ch\\\/tr\\\/2287-2\\\/#breadcrumb\"},\"inLanguage\":\"tr\",\"potentialAction\":[{\"@type\":\"ReadAction\",\"target\":[\"https:\\\/\\\/www.meine-kirschen.ch\\\/tr\\\/2287-2\\\/\"]}]},{\"@type\":\"ImageObject\",\"inLanguage\":\"tr\",\"@id\":\"https:\\\/\\\/www.meine-kirschen.ch\\\/tr\\\/2287-2\\\/#primaryimage\",\"url\":\"https:\\\/\\\/www.meine-kirschen.ch\\\/wp-content\\\/uploads\\\/2021\\\/06\\\/uzgoj-tresanja-prinos-jun-2021.jpg\",\"contentUrl\":\"https:\\\/\\\/www.meine-kirschen.ch\\\/wp-content\\\/uploads\\\/2021\\\/06\\\/uzgoj-tresanja-prinos-jun-2021.jpg\"},{\"@type\":\"BreadcrumbList\",\"@id\":\"https:\\\/\\\/www.meine-kirschen.ch\\\/tr\\\/2287-2\\\/#breadcrumb\",\"itemListElement\":[{\"@type\":\"ListItem\",\"position\":1,\"name\":\"Home\",\"item\":\"https:\\\/\\\/www.meine-kirschen.ch\\\/tr\\\/\"},{\"@type\":\"ListItem\",\"position\":2,\"name\":\"\u015eu anda bizimle\"}]},{\"@type\":\"WebSite\",\"@id\":\"https:\\\/\\\/www.meine-kirschen.ch\\\/#website\",\"url\":\"https:\\\/\\\/www.meine-kirschen.ch\\\/\",\"name\":\"Meine Kirschen Uzgoj tre\u0161anja vrhunskog kvaliteta\",\"description\":\"Uzgoj tre\u0161anja vrhunskog kvaliteta\",\"publisher\":{\"@id\":\"https:\\\/\\\/www.meine-kirschen.ch\\\/#organization\"},\"potentialAction\":[{\"@type\":\"SearchAction\",\"target\":{\"@type\":\"EntryPoint\",\"urlTemplate\":\"https:\\\/\\\/www.meine-kirschen.ch\\\/?s={search_term_string}\"},\"query-input\":{\"@type\":\"PropertyValueSpecification\",\"valueRequired\":true,\"valueName\":\"search_term_string\"}}],\"inLanguage\":\"tr\"},{\"@type\":\"Organization\",\"@id\":\"https:\\\/\\\/www.meine-kirschen.ch\\\/#organization\",\"name\":\"Meine kirschen\",\"url\":\"https:\\\/\\\/www.meine-kirschen.ch\\\/\",\"logo\":{\"@type\":\"ImageObject\",\"inLanguage\":\"tr\",\"@id\":\"https:\\\/\\\/www.meine-kirschen.ch\\\/#\\\/schema\\\/logo\\\/image\\\/\",\"url\":\"https:\\\/\\\/www.meine-kirschen.ch\\\/wp-content\\\/uploads\\\/2021\\\/06\\\/cropped-logo-beli-krug.png\",\"contentUrl\":\"https:\\\/\\\/www.meine-kirschen.ch\\\/wp-content\\\/uploads\\\/2021\\\/06\\\/cropped-logo-beli-krug.png\",\"width\":445,\"height\":445,\"caption\":\"Meine kirschen\"},\"image\":{\"@id\":\"https:\\\/\\\/www.meine-kirschen.ch\\\/#\\\/schema\\\/logo\\\/image\\\/\"}}]}<\/script>\n<!-- \/ Yoast SEO plugin. -->","yoast_head_json":{"title":"\u015eu anda bizimle - Meine Kirschen","robots":{"index":"index","follow":"follow","max-snippet":"max-snippet:-1","max-image-preview":"max-image-preview:large","max-video-preview":"max-video-preview:-1"},"canonical":"https:\/\/www.meine-kirschen.ch\/tr\/2287-2\/","og_locale":"tr_TR","og_type":"article","og_title":"\u015eu anda bizimle - Meine Kirschen","og_description":"\u015eu anda bizimle 20.06.2021 13.06.2021 30.05.2021 16.05.2021 \u00c7iftli\u011fimizde kiraz yeti\u015ftiricili\u011fi iyi gidiyor. G\u00fczel kokulu \u00e7i\u00e7eklerin yerini, \u00e7ok h\u0131zl\u0131 bir \u015fekilde toplanmaya haz\u0131r olgun kirazlara d\u00f6n\u00fc\u015fecek olan ye\u015fil meyveler alm\u0131\u015ft\u0131r. Meteorolojik ko\u015fullar ve ayn\u0131 zamanda a\u00e7\u0131k ve kesin prosed\u00fcrlere dayal\u0131 dikkatli i\u015flemler, kiraz meyvelerini ola\u011fan\u00fcst\u00fc kalitede verir. 02.05.2021","og_url":"https:\/\/www.meine-kirschen.ch\/tr\/2287-2\/","og_site_name":"Meine Kirschen","article_modified_time":"2021-06-27T21:30:50+00:00","og_image":[{"url":"https:\/\/www.meine-kirschen.ch\/wp-content\/uploads\/2021\/06\/uzgoj-tresanja-prinos-jun-2021.jpg","type":"","width":"","height":""}],"twitter_card":"summary_large_image","twitter_misc":{"Tahmini okuma s\u00fcresi":"3 dakika"},"schema":{"@context":"https:\/\/schema.org","@graph":[{"@type":"WebPage","@id":"https:\/\/www.meine-kirschen.ch\/tr\/2287-2\/","url":"https:\/\/www.meine-kirschen.ch\/tr\/2287-2\/","name":"\u015eu anda bizimle - Meine Kirschen","isPartOf":{"@id":"https:\/\/www.meine-kirschen.ch\/#website"},"primaryImageOfPage":{"@id":"https:\/\/www.meine-kirschen.ch\/tr\/2287-2\/#primaryimage"},"image":{"@id":"https:\/\/www.meine-kirschen.ch\/tr\/2287-2\/#primaryimage"},"thumbnailUrl":"https:\/\/www.meine-kirschen.ch\/wp-content\/uploads\/2021\/06\/uzgoj-tresanja-prinos-jun-2021.jpg","datePublished":"2021-05-17T17:33:24+00:00","dateModified":"2021-06-27T21:30:50+00:00","breadcrumb":{"@id":"https:\/\/www.meine-kirschen.ch\/tr\/2287-2\/#breadcrumb"},"inLanguage":"tr","potentialAction":[{"@type":"ReadAction","target":["https:\/\/www.meine-kirschen.ch\/tr\/2287-2\/"]}]},{"@type":"ImageObject","inLanguage":"tr","@id":"https:\/\/www.meine-kirschen.ch\/tr\/2287-2\/#primaryimage","url":"https:\/\/www.meine-kirschen.ch\/wp-content\/uploads\/2021\/06\/uzgoj-tresanja-prinos-jun-2021.jpg","contentUrl":"https:\/\/www.meine-kirschen.ch\/wp-content\/uploads\/2021\/06\/uzgoj-tresanja-prinos-jun-2021.jpg"},{"@type":"BreadcrumbList","@id":"https:\/\/www.meine-kirschen.ch\/tr\/2287-2\/#breadcrumb","itemListElement":[{"@type":"ListItem","position":1,"name":"Home","item":"https:\/\/www.meine-kirschen.ch\/tr\/"},{"@type":"ListItem","position":2,"name":"\u015eu anda bizimle"}]},{"@type":"WebSite","@id":"https:\/\/www.meine-kirschen.ch\/#website","url":"https:\/\/www.meine-kirschen.ch\/","name":"Meine Kirschen Uzgoj tre\u0161anja vrhunskog kvaliteta","description":"Uzgoj tre\u0161anja vrhunskog kvaliteta","publisher":{"@id":"https:\/\/www.meine-kirschen.ch\/#organization"},"potentialAction":[{"@type":"SearchAction","target":{"@type":"EntryPoint","urlTemplate":"https:\/\/www.meine-kirschen.ch\/?s={search_term_string}"},"query-input":{"@type":"PropertyValueSpecification","valueRequired":true,"valueName":"search_term_string"}}],"inLanguage":"tr"},{"@type":"Organization","@id":"https:\/\/www.meine-kirschen.ch\/#organization","name":"Meine kirschen","url":"https:\/\/www.meine-kirschen.ch\/","logo":{"@type":"ImageObject","inLanguage":"tr","@id":"https:\/\/www.meine-kirschen.ch\/#\/schema\/logo\/image\/","url":"https:\/\/www.meine-kirschen.ch\/wp-content\/uploads\/2021\/06\/cropped-logo-beli-krug.png","contentUrl":"https:\/\/www.meine-kirschen.ch\/wp-content\/uploads\/2021\/06\/cropped-logo-beli-krug.png","width":445,"height":445,"caption":"Meine kirschen"},"image":{"@id":"https:\/\/www.meine-kirschen.ch\/#\/schema\/logo\/image\/"}}]}},"_links":{"self":[{"href":"https:\/\/www.meine-kirschen.ch\/tr\/wp-json\/wp\/v2\/pages\/2287","targetHints":{"allow":["GET"]}}],"collection":[{"href":"https:\/\/www.meine-kirschen.ch\/tr\/wp-json\/wp\/v2\/pages"}],"about":[{"href":"https:\/\/www.meine-kirschen.ch\/tr\/wp-json\/wp\/v2\/types\/page"}],"author":[{"embeddable":true,"href":"https:\/\/www.meine-kirschen.ch\/tr\/wp-json\/wp\/v2\/users\/1"}],"replies":[{"embeddable":true,"href":"https:\/\/www.meine-kirschen.ch\/tr\/wp-json\/wp\/v2\/comments?post=2287"}],"version-history":[{"count":3,"href":"https:\/\/www.meine-kirschen.ch\/tr\/wp-json\/wp\/v2\/pages\/2287\/revisions"}],"predecessor-version":[{"id":6907,"href":"https:\/\/www.meine-kirschen.ch\/tr\/wp-json\/wp\/v2\/pages\/2287\/revisions\/6907"}],"wp:attachment":[{"href":"https:\/\/www.meine-kirschen.ch\/tr\/wp-json\/wp\/v2\/media?parent=2287"}],"curies":[{"name":"wp","href":"https:\/\/api.w.org\/{rel}","templated":true}]}}